{"id":4063,"date":"2021-12-02T09:26:43","date_gmt":"2021-12-02T09:26:43","guid":{"rendered":"http:\/\/sventejums.lt\/svente_jums\/?page_id=4063"},"modified":"2023-10-14T17:56:05","modified_gmt":"2023-10-14T17:56:05","slug":"sventinis-vakaras-alytuje-2023","status":"publish","type":"page","link":"https:\/\/sventejums.lt\/svente_jums\/sventinis-vakaras-alytuje-2023\/","title":{"rendered":"\u0160VENTINIS VAKARAS ALYTUJE 2023!"},"content":{"rendered":"<p><a href=\"http:\/\/sventejums.lt\/svente_jums\/wp-content\/uploads\/2021\/12\/IMG_1253.jpg\" rel=\"lightbox[4063]\"><img loading=\"lazy\" decoding=\"async\" class=\"alignnone size-large wp-image-4988\" src=\"http:\/\/sventejums.lt\/svente_jums\/wp-content\/uploads\/2021\/12\/IMG_1253-724x1000.jpg\" alt=\"\" width=\"724\" height=\"1000\" srcset=\"https:\/\/sventejums.lt\/svente_jums\/wp-content\/uploads\/2021\/12\/IMG_1253.jpg 724w, https:\/\/sventejums.lt\/svente_jums\/wp-content\/uploads\/2021\/12\/IMG_1253-217x300.jpg 217w\" sizes=\"(max-width: 724px) 100vw, 724px\" \/><\/a><\/p>\n<p>&nbsp;<\/p>\n<p><strong>GRUOD\u017dIO 15 D.\/ PENKTADIENIS\/<\/strong><\/p>\n<p><strong>VAKARIEN\u0116\/ KONCERTAS\/ \u017dAIDIMAI\/ \u0160OKIAI SU DJ<\/strong><\/p>\n<p>&nbsp;<\/p>\n<h3><span style=\"color: #991515;\">+\u00a0Ved\u0117jas Tomas Eigertas<\/span><\/h3>\n<p>&nbsp;<\/p>\n<h3 dir=\"auto\"><span style=\"color: #991515;\">+ Liepa Mondeikait\u0117 su gyvo garso grupe<\/span><\/h3>\n<p>&nbsp;<\/p>\n<h3 dir=\"auto\"><span style=\"color: #991515;\">+ Duetas Indraya ir saksofonistas Tomas \u010ciukauskas<\/span><\/h3>\n<p>&nbsp;<\/p>\n<p>&nbsp;<\/p>\n<p><strong>VAKARIEN\u0116 19:00\/ KONCERTAS 21:00<\/strong><\/p>\n<p style=\"text-align: center;\"><span style=\"color: #ad1f1f;\">KAL\u0116DOMS ART\u0116JANT!<\/span><\/p>\n<p>&nbsp;<\/p>\n<div>\n<div dir=\"auto\">Renginio organizatorius: \u0160vent\u0117 Jums, UAB<\/div>\n<div dir=\"auto\"><\/div>\n<p>&nbsp;<\/p>\n<div dir=\"auto\">Staliuk\u0173 rezervacija: info@sventejums.lt<\/div>\n<\/div>\n<div>\n<div dir=\"auto\">Klausimai 8-693-40402 <a tabindex=\"0\" href=\"https:\/\/sventejums.lt\/svente_jums\/?fbclid=IwAR0E3EuONa2sbinPqwEdtFKxxXX6e7OZCNLzQ3pW2C5ZgnxLJQktNCgbyLY\" target=\"_blank\" rel=\"nofollow noreferrer\">https:\/\/sventejums.lt\/svente_jums\/<\/a><\/div>\n<div dir=\"auto\"><\/div>\n<p>&nbsp;<\/p>\n<div dir=\"auto\">Kaina: 119 \u20ac\/asm. (staliukai nuo 8 asm.)<\/div>\n<\/div>\n<div>\n<div dir=\"auto\">VIP kaina: 139,00 \u20ac\/ASM.<\/div>\n<\/div>\n<p><a href=\"http:\/\/sventejums.lt\/svente_jums\/wp-content\/uploads\/2019\/11\/35A0141.jpg\" rel=\"lightbox[4063]\"><img loading=\"lazy\" decoding=\"async\" class=\"alignnone wp-image-3577\" src=\"http:\/\/sventejums.lt\/svente_jums\/wp-content\/uploads\/2019\/11\/35A0141.jpg\" alt=\"_35A0141\" width=\"700\" height=\"467\" srcset=\"https:\/\/sventejums.lt\/svente_jums\/wp-content\/uploads\/2019\/11\/35A0141.jpg 900w, https:\/\/sventejums.lt\/svente_jums\/wp-content\/uploads\/2019\/11\/35A0141-300x200.jpg 300w, https:\/\/sventejums.lt\/svente_jums\/wp-content\/uploads\/2019\/11\/35A0141-768x512.jpg 768w\" sizes=\"(max-width: 700px) 100vw, 700px\" \/><\/a><\/p>\n<div class=\"x11i5rnm xat24cr x1mh8g0r x1vvkbs xtlvy1s x126k92a\"><\/div>\n<div class=\"x11i5rnm xat24cr x1mh8g0r x1vvkbs xtlvy1s x126k92a\"><\/div>\n<p>&nbsp;<\/p>\n<p>&nbsp;<\/p>\n<p style=\"text-align: center;\">\n","protected":false},"excerpt":{"rendered":"<p>&nbsp; GRUOD\u017dIO 15 D.\/ PENKTADIENIS\/ VAKARIEN\u0116\/ KONCERTAS\/ \u017dAIDIMAI\/ \u0160OKIAI SU DJ &nbsp; +\u00a0Ved\u0117jas Tomas Eigertas &nbsp; + Liepa Mondeikait\u0117 su gyvo garso grupe &nbsp; + Duetas Indraya ir saksofonistas Tomas \u010ciukauskas &nbsp; &nbsp; VAKARIEN\u0116 19:00\/ KONCERTAS 21:00 KAL\u0116DOMS ART\u0116JANT! &nbsp; Renginio organizatorius: \u0160vent\u0117 Jums, UAB &nbsp; Staliuk\u0173 rezervacija: info@sventejums.lt Klausimai 8-693-40402 https:\/\/sventejums.lt\/svente_jums\/ &nbsp; Kaina: 119 [&hellip;]<\/p>\n","protected":false},"author":2,"featured_media":0,"parent":0,"menu_order":0,"comment_status":"closed","ping_status":"closed","template":"besub.php","meta":{"footnotes":""},"aioseo_notices":[],"_links":{"self":[{"href":"https:\/\/sventejums.lt\/svente_jums\/wp-json\/wp\/v2\/pages\/4063"}],"collection":[{"href":"https:\/\/sventejums.lt\/svente_jums\/wp-json\/wp\/v2\/pages"}],"about":[{"href":"https:\/\/sventejums.lt\/svente_jums\/wp-json\/wp\/v2\/types\/page"}],"author":[{"embeddable":true,"href":"https:\/\/sventejums.lt\/svente_jums\/wp-json\/wp\/v2\/users\/2"}],"replies":[{"embeddable":true,"href":"https:\/\/sventejums.lt\/svente_jums\/wp-json\/wp\/v2\/comments?post=4063"}],"version-history":[{"count":39,"href":"https:\/\/sventejums.lt\/svente_jums\/wp-json\/wp\/v2\/pages\/4063\/revisions"}],"predecessor-version":[{"id":5000,"href":"https:\/\/sventejums.lt\/svente_jums\/wp-json\/wp\/v2\/pages\/4063\/revisions\/5000"}],"wp:attachment":[{"href":"https:\/\/sventejums.lt\/svente_jums\/wp-json\/wp\/v2\/media?parent=4063"}],"curies":[{"name":"wp","href":"https:\/\/api.w.org\/{rel}","templated":true}]}}