{"id":3449,"date":"2019-08-29T09:04:19","date_gmt":"2019-08-29T09:04:19","guid":{"rendered":"http:\/\/sventejums.lt\/svente_jums\/?page_id=3449"},"modified":"2024-06-26T09:16:04","modified_gmt":"2024-06-26T09:16:04","slug":"meniu-su-alergenais","status":"publish","type":"page","link":"https:\/\/sventejums.lt\/svente_jums\/meniu\/meniu-su-alergenais\/","title":{"rendered":"Alergenai"},"content":{"rendered":"<p><a href=\"http:\/\/sventejums.lt\/svente_jums\/wp-content\/uploads\/2024\/06\/D35A4803.jpg\" rel=\"lightbox[3449]\"><img loading=\"lazy\" decoding=\"async\" class=\"size-medium wp-image-6785 alignleft\" src=\"http:\/\/sventejums.lt\/svente_jums\/wp-content\/uploads\/2024\/06\/D35A4803-200x300.jpg\" alt=\"\" width=\"200\" height=\"300\" srcset=\"https:\/\/sventejums.lt\/svente_jums\/wp-content\/uploads\/2024\/06\/D35A4803-200x300.jpg 200w, https:\/\/sventejums.lt\/svente_jums\/wp-content\/uploads\/2024\/06\/D35A4803.jpg 667w\" sizes=\"(max-width: 200px) 100vw, 200px\" \/><\/a><a href=\"http:\/\/sventejums.lt\/svente_jums\/wp-content\/uploads\/2024\/04\/D35A0208-1.jpg\" rel=\"lightbox[3449]\"><img loading=\"lazy\" decoding=\"async\" class=\"size-medium wp-image-6555 alignleft\" src=\"http:\/\/sventejums.lt\/svente_jums\/wp-content\/uploads\/2024\/04\/D35A0208-1-200x300.jpg\" alt=\"\" width=\"200\" height=\"300\" srcset=\"https:\/\/sventejums.lt\/svente_jums\/wp-content\/uploads\/2024\/04\/D35A0208-1-200x300.jpg 200w, https:\/\/sventejums.lt\/svente_jums\/wp-content\/uploads\/2024\/04\/D35A0208-1.jpg 667w\" sizes=\"(max-width: 200px) 100vw, 200px\" \/><\/a><\/p>\n<table style=\"height: 448px;\" width=\"504\">\n<tbody>\n<tr>\n<td style=\"text-align: center;\" width=\"645\"><span style=\"color: #000080;\"><strong>Alergen\u0173 reik\u0161m\u0117s<\/strong><\/span><\/td>\n<td width=\"64\"><\/td>\n<\/tr>\n<tr>\n<td>Glitimo turintys javai ir j\u0173 produktai<\/td>\n<td>A<\/td>\n<\/tr>\n<tr>\n<td>V\u0117\u017eiagyviai ir j\u0173 produktai<\/td>\n<td>B<\/td>\n<\/tr>\n<tr>\n<td>Kiau\u0161iniai ir j\u0173 produktai<\/td>\n<td>C<\/td>\n<\/tr>\n<tr>\n<td>\u017duvis ir jos produktai<\/td>\n<td>D<\/td>\n<\/tr>\n<tr>\n<td>\u017dem\u0117s rie\u0161utai ir j\u0173 produktai<\/td>\n<td>E<\/td>\n<\/tr>\n<tr>\n<td>Soj\u0173 pupel\u0117s ir j\u0173 produktai<\/td>\n<td>F<\/td>\n<\/tr>\n<tr>\n<td>Pienas ir jo produktai<\/td>\n<td>G<\/td>\n<\/tr>\n<tr>\n<td>Rie\u0161utai ir j\u0173 produktai<\/td>\n<td>H<\/td>\n<\/tr>\n<tr>\n<td>Salierai ir j\u0173 produktai<\/td>\n<td>I<\/td>\n<\/tr>\n<tr>\n<td>Garsty\u010dios ir j\u0173 produktai<\/td>\n<td>K<\/td>\n<\/tr>\n<tr>\n<td>Sezam\u0173 s\u0117klos ir j\u0173 produktai<\/td>\n<td>L<\/td>\n<\/tr>\n<tr>\n<td width=\"645\">Sieros dioksidas ir sulfitai, kuri\u0173 koncentracija didesn\u0117\u00a0kaip 10 mg\/kg arba 10 mg\/l, i\u0161reikti kaip SO2<\/td>\n<td>M<\/td>\n<\/tr>\n<tr>\n<td>Lubinai ir j\u0173 produktai<\/td>\n<td>N<\/td>\n<\/tr>\n<tr>\n<td>Moliuskai ir j\u0173 produktai<\/td>\n<td>O<\/td>\n<\/tr>\n<\/tbody>\n<\/table>\n","protected":false},"excerpt":{"rendered":"<p>Alergen\u0173 reik\u0161m\u0117s Glitimo turintys javai ir j\u0173 produktai A V\u0117\u017eiagyviai ir j\u0173 produktai B Kiau\u0161iniai ir j\u0173 produktai C \u017duvis ir jos produktai D \u017dem\u0117s rie\u0161utai ir j\u0173 produktai E Soj\u0173 pupel\u0117s ir j\u0173 produktai F Pienas ir jo produktai G Rie\u0161utai ir j\u0173 produktai H Salierai ir j\u0173 produktai I Garsty\u010dios ir j\u0173 produktai [&hellip;]<\/p>\n","protected":false},"author":2,"featured_media":0,"parent":3283,"menu_order":8,"comment_status":"closed","ping_status":"closed","template":"","meta":{"footnotes":""},"aioseo_notices":[],"_links":{"self":[{"href":"https:\/\/sventejums.lt\/svente_jums\/wp-json\/wp\/v2\/pages\/3449"}],"collection":[{"href":"https:\/\/sventejums.lt\/svente_jums\/wp-json\/wp\/v2\/pages"}],"about":[{"href":"https:\/\/sventejums.lt\/svente_jums\/wp-json\/wp\/v2\/types\/page"}],"author":[{"embeddable":true,"href":"https:\/\/sventejums.lt\/svente_jums\/wp-json\/wp\/v2\/users\/2"}],"replies":[{"embeddable":true,"href":"https:\/\/sventejums.lt\/svente_jums\/wp-json\/wp\/v2\/comments?post=3449"}],"version-history":[{"count":37,"href":"https:\/\/sventejums.lt\/svente_jums\/wp-json\/wp\/v2\/pages\/3449\/revisions"}],"predecessor-version":[{"id":6795,"href":"https:\/\/sventejums.lt\/svente_jums\/wp-json\/wp\/v2\/pages\/3449\/revisions\/6795"}],"up":[{"embeddable":true,"href":"https:\/\/sventejums.lt\/svente_jums\/wp-json\/wp\/v2\/pages\/3283"}],"wp:attachment":[{"href":"https:\/\/sventejums.lt\/svente_jums\/wp-json\/wp\/v2\/media?parent=3449"}],"curies":[{"name":"wp","href":"https:\/\/api.w.org\/{rel}","templated":true}]}}