{"id":3219,"date":"2018-02-19T11:19:04","date_gmt":"2018-02-19T11:19:04","guid":{"rendered":"http:\/\/sventejums.lt\/svente_jums\/?page_id=3219"},"modified":"2026-04-07T08:34:24","modified_gmt":"2026-04-07T08:34:24","slug":"saldieji-patiekalai","status":"publish","type":"page","link":"https:\/\/sventejums.lt\/svente_jums\/meniu\/saldieji-patiekalai\/","title":{"rendered":"Saldieji patiekalai"},"content":{"rendered":"<p><a href=\"http:\/\/sventejums.lt\/svente_jums\/wp-content\/uploads\/2024\/03\/D35A0941.jpg\" rel=\"lightbox[3219]\"><img loading=\"lazy\" decoding=\"async\" class=\"alignnone wp-image-5693 size-full\" src=\"http:\/\/sventejums.lt\/svente_jums\/wp-content\/uploads\/2024\/03\/D35A0941.jpg\" alt=\"\" width=\"900\" height=\"626\" srcset=\"https:\/\/sventejums.lt\/svente_jums\/wp-content\/uploads\/2024\/03\/D35A0941.jpg 900w, https:\/\/sventejums.lt\/svente_jums\/wp-content\/uploads\/2024\/03\/D35A0941-300x209.jpg 300w, https:\/\/sventejums.lt\/svente_jums\/wp-content\/uploads\/2024\/03\/D35A0941-768x534.jpg 768w\" sizes=\"(max-width: 900px) 100vw, 900px\" \/><\/a><\/p>\n<p>\n\n\n<\/p>\n<p>ATSISI\u0172STI MENIU LENTEL\u0118 U\u017dSAKYMO PILDYMUI:<\/p>\n<p>\n\n\n<p>\u010cIA\u00a0<a href=\"https:\/\/docs.google.com\/spreadsheets\/d\/1weUdtx_FKhq2_qOrTV2NSuRUXn0e6kye\/edit?usp=sharing&amp;ouid=102904133989250715514&amp;rtpof=true&amp;sd=true\" target=\"_blank\" rel=\"noopener ugc\">Meniu_ \u012f namus _2026_Klientui<\/a><\/p>\n\n\n<\/p>\n<p>arba para\u0161ykite mums u\u017eklaus\u0105 <a title=\"\" href=\"mailto:info@sventejums.lt\" target=\"_blank\" rel=\"noopener nofollow sponsored ugc\">info@sventejums.lt<\/a> ir mes atsi\u0173sime jums meniu<\/p>\n<p>\n\n\n<table style=\"height: 580px;\" width=\"514\">\n<tbody>\n<tr>\n<td rowspan=\"2\" width=\"86\">ALERGENAI<\/td>\n<td style=\"text-align: center;\" width=\"502\"><strong><span style=\"color: #000080;\">DESERTAI<\/span><\/strong><\/td>\n<td width=\"94\">Kaina, \u20ac<\/td>\n<\/tr>\n<tr>\n<td width=\"502\">Desertai, pateikiami taurel\u0117se ~70 g<\/td>\n<td width=\"94\">\u00a0<\/td>\n<\/tr>\n<tr>\n<td>\u00a0<\/td>\n<td width=\"502\">Kreminio s\u016brio desertas su \u0161vie\u017eiomis uogomis<\/td>\n<td style=\"text-align: center;\">2,20<\/td>\n<\/tr>\n<tr>\n<td>G<\/td>\n<td width=\"502\">Panakota su gervuog\u0117mis, moli\u016bgais\u00a0<\/td>\n<td style=\"text-align: center;\">2,20<\/td>\n<\/tr>\n<tr>\n<td>G<\/td>\n<td width=\"502\">Creme brulee su mangais ir pasifloromis<\/td>\n<td style=\"text-align: center;\">2,20<\/td>\n<\/tr>\n<tr>\n<td>G<\/td>\n<td width=\"502\">Jogurto desertas su spanguoli\u0173 kremu\u00a0<\/td>\n<td style=\"text-align: center;\">2,20<\/td>\n<\/tr>\n<tr>\n<td>GAC<\/td>\n<td width=\"502\">Tiramisu desertas\u00a0\u00a0<\/td>\n<td style=\"text-align: center;\">2,20<\/td>\n<\/tr>\n<tr>\n<td>GACH<\/td>\n<td width=\"502\">Rabarbar\u0173 desertas su migdol\u0173 trupiniais\u00a0\u00a0<\/td>\n<td style=\"text-align: center;\">2,20<\/td>\n<\/tr>\n<tr>\n<td>G<\/td>\n<td width=\"502\">Maskarpon\u0117s kremas su bra\u0161ki\u0173 pada\u017eu<\/td>\n<td style=\"text-align: center;\">2,20<\/td>\n<\/tr>\n<tr>\n<td>GAC<\/td>\n<td width=\"502\">Sluoksniuotas medutis su var\u0161k\u0117s, maskarpon\u0117s kremu<\/td>\n<td style=\"text-align: center;\">2,20<\/td>\n<\/tr>\n<tr>\n<td>\u00a0<\/td>\n<td width=\"502\">Avietinis tiramisu su pistacijomis<\/td>\n<td style=\"text-align: center;\">2,20<\/td>\n<\/tr>\n<tr>\n<td>\u00a0<\/td>\n<td width=\"502\">Kreminio s\u016brio desertas su mangais, persikais, pasifloromis, kokoso dro\u017el\u0117mis<\/td>\n<td style=\"text-align: center;\">2,20<\/td>\n<\/tr>\n<tr>\n<td>\u00a0<\/td>\n<td width=\"502\">\u0160okoladin\u0117 kavos panakota\u00a0<\/td>\n<td style=\"text-align: center;\">2,20<\/td>\n<\/tr>\n<tr>\n<td>\u00a0<\/td>\n<td width=\"502\">Maskarpon\u0117 su Baileys likeiru<\/td>\n<td style=\"text-align: center;\">2,20<\/td>\n<\/tr>\n<tr>\n<td>\u00a0<\/td>\n<td>Panacota su mangais\u00a0<\/td>\n<td style=\"text-align: center;\">2,20<\/td>\n<\/tr>\n<tr>\n<td>\u00a0<\/td>\n<td>Apelsininis Creme Brulee, su Muscovado cukraus plutele<\/td>\n<td style=\"text-align: center;\">2,20<\/td>\n<\/tr>\n<tr>\n<td>\u00a0<\/td>\n<td>Uog\u0173\u00a0 indelis (sezono metu)<\/td>\n<td style=\"text-align: center;\">2,20<\/td>\n<\/tr>\n<tr>\n<td>\u00a0<\/td>\n<td width=\"502\">Sezoniniai vaisiai (nuo 3 kg), kg<\/td>\n<td style=\"text-align: center;\">14,00<\/td>\n<\/tr>\n<tr>\n<td>\u00a0<\/td>\n<td>\u00a0<\/td>\n<td>\u00a0<\/td>\n<\/tr>\n<tr>\n<td>\u00a0<\/td>\n<td><span style=\"color: #000080;\">Minimalus vienos r\u016b\u0161ies u\u017esakymo kiekis: 10 vnt.<\/span><\/td>\n<td>\u00a0<\/td>\n<\/tr>\n<tr>\n<td>\u00a0<\/td>\n<td>\u00a0<\/td>\n<td>\u00a0<\/td>\n<\/tr>\n<\/tbody>\n<\/table>\n\n\n<p>Meniu \u010dia:&nbsp;<a data-ft=\"{&quot;tn&quot;:&quot;-U&quot;}\" data-lynx-mode=\"asynclazy\" data-lynx-uri=\"https:\/\/l.facebook.com\/l.php?u=http%3A%2F%2Fsventejums.lt%2Fsvente_jums%2Fmeniu%2F&amp;h=ATNqA8COwK_rAPYeC3o-tj4sd8NjjSxlUtEfF72xTOFcKKXCBTUs5f6t9_bDkLjjVCNmajZtKIkPnjyzndjfrNcvwkuzvPjjaEMAfLdYFIrc1ta00_csp2KbP6kFxxbDvQbP\" href=\"http:\/\/sventejums.lt\/svente_jums\/meniu\/\" target=\"_blank\" rel=\"noopener nofollow\">http:\/\/sventejums.lt\/svente_jums\/meniu\/<\/a><br>Klausimai \u010dia: +370 693 40 402<br><span class=\"_5mfr _47e3\"><span class=\"_7oe\">U\u017esakymai<\/span><\/span>&nbsp;\u010dia:&nbsp;info@sventejums.lt<br>Atsiimti \u010dia: Gamybos g. 14, Alytus | gamybos skyrius | \u0160vent\u0117 Jums<\/p>\n","protected":false},"excerpt":{"rendered":"<p>ATSISI\u0172STI MENIU LENTEL\u0118 U\u017dSAKYMO PILDYMUI: \u010cIA\u00a0Meniu_ \u012f namus _2026_Klientui arba para\u0161ykite mums u\u017eklaus\u0105 info@sventejums.lt ir mes atsi\u0173sime jums meniu ALERGENAI DESERTAI Kaina, \u20ac Desertai, pateikiami taurel\u0117se ~70 g \u00a0 \u00a0 Kreminio s\u016brio desertas su \u0161vie\u017eiomis uogomis 2,20 G Panakota su gervuog\u0117mis, moli\u016bgais\u00a0 2,20 G Creme brulee su mangais ir pasifloromis 2,20 G Jogurto desertas su [&hellip;]<\/p>\n","protected":false},"author":2,"featured_media":0,"parent":3283,"menu_order":7,"comment_status":"closed","ping_status":"closed","template":"","meta":{"footnotes":""},"aioseo_notices":[],"_links":{"self":[{"href":"https:\/\/sventejums.lt\/svente_jums\/wp-json\/wp\/v2\/pages\/3219"}],"collection":[{"href":"https:\/\/sventejums.lt\/svente_jums\/wp-json\/wp\/v2\/pages"}],"about":[{"href":"https:\/\/sventejums.lt\/svente_jums\/wp-json\/wp\/v2\/types\/page"}],"author":[{"embeddable":true,"href":"https:\/\/sventejums.lt\/svente_jums\/wp-json\/wp\/v2\/users\/2"}],"replies":[{"embeddable":true,"href":"https:\/\/sventejums.lt\/svente_jums\/wp-json\/wp\/v2\/comments?post=3219"}],"version-history":[{"count":52,"href":"https:\/\/sventejums.lt\/svente_jums\/wp-json\/wp\/v2\/pages\/3219\/revisions"}],"predecessor-version":[{"id":7734,"href":"https:\/\/sventejums.lt\/svente_jums\/wp-json\/wp\/v2\/pages\/3219\/revisions\/7734"}],"up":[{"embeddable":true,"href":"https:\/\/sventejums.lt\/svente_jums\/wp-json\/wp\/v2\/pages\/3283"}],"wp:attachment":[{"href":"https:\/\/sventejums.lt\/svente_jums\/wp-json\/wp\/v2\/media?parent=3219"}],"curies":[{"name":"wp","href":"https:\/\/api.w.org\/{rel}","templated":true}]}}