{"id":3204,"date":"2018-02-15T14:11:49","date_gmt":"2018-02-15T14:11:49","guid":{"rendered":"http:\/\/sventejums.lt\/svente_jums\/?page_id=3204"},"modified":"2026-03-31T06:37:21","modified_gmt":"2026-03-31T06:37:21","slug":"vieno-kasnio-uzkandeliai","status":"publish","type":"page","link":"https:\/\/sventejums.lt\/svente_jums\/meniu\/vieno-kasnio-uzkandeliai\/","title":{"rendered":"U\u017ekand\u017eiai"},"content":{"rendered":"\n<p><\/p>\n\n\n<p><a href=\"http:\/\/sventejums.lt\/svente_jums\/wp-content\/uploads\/2013\/04\/D35A3514.jpg\" rel=\"lightbox[3204]\"><img loading=\"lazy\" decoding=\"async\" class=\"wp-image-4448 alignleft\" src=\"http:\/\/sventejums.lt\/svente_jums\/wp-content\/uploads\/2013\/04\/D35A3514-300x200.jpg\" alt=\"\" width=\"224\" height=\"149\" srcset=\"https:\/\/sventejums.lt\/svente_jums\/wp-content\/uploads\/2013\/04\/D35A3514-300x200.jpg 300w, https:\/\/sventejums.lt\/svente_jums\/wp-content\/uploads\/2013\/04\/D35A3514-768x512.jpg 768w, https:\/\/sventejums.lt\/svente_jums\/wp-content\/uploads\/2013\/04\/D35A3514.jpg 900w\" sizes=\"(max-width: 224px) 100vw, 224px\" \/><\/a><a href=\"http:\/\/sventejums.lt\/svente_jums\/wp-content\/uploads\/2013\/04\/D35A3595.jpg\" rel=\"lightbox[3204]\"><img loading=\"lazy\" decoding=\"async\" class=\"wp-image-4472 alignleft\" src=\"http:\/\/sventejums.lt\/svente_jums\/wp-content\/uploads\/2013\/04\/D35A3595-300x200.jpg\" alt=\"\" width=\"222\" height=\"148\" srcset=\"https:\/\/sventejums.lt\/svente_jums\/wp-content\/uploads\/2013\/04\/D35A3595-300x200.jpg 300w, https:\/\/sventejums.lt\/svente_jums\/wp-content\/uploads\/2013\/04\/D35A3595-768x512.jpg 768w, https:\/\/sventejums.lt\/svente_jums\/wp-content\/uploads\/2013\/04\/D35A3595.jpg 900w\" sizes=\"(max-width: 222px) 100vw, 222px\" \/><\/a><\/p>\n<p><a href=\"http:\/\/sventejums.lt\/svente_jums\/wp-content\/uploads\/2013\/04\/D35A3631.jpg\" rel=\"lightbox[3204]\"><img loading=\"lazy\" decoding=\"async\" class=\"wp-image-4479 alignnone\" src=\"http:\/\/sventejums.lt\/svente_jums\/wp-content\/uploads\/2013\/04\/D35A3631-300x200.jpg\" alt=\"\" width=\"224\" height=\"149\" srcset=\"https:\/\/sventejums.lt\/svente_jums\/wp-content\/uploads\/2013\/04\/D35A3631-300x200.jpg 300w, https:\/\/sventejums.lt\/svente_jums\/wp-content\/uploads\/2013\/04\/D35A3631-768x512.jpg 768w, https:\/\/sventejums.lt\/svente_jums\/wp-content\/uploads\/2013\/04\/D35A3631.jpg 900w\" sizes=\"(max-width: 224px) 100vw, 224px\" \/><\/a><a href=\"http:\/\/sventejums.lt\/svente_jums\/wp-content\/uploads\/2013\/04\/D35A3607.jpg\" rel=\"lightbox[3204]\"><img loading=\"lazy\" decoding=\"async\" class=\"wp-image-4474 alignleft\" src=\"http:\/\/sventejums.lt\/svente_jums\/wp-content\/uploads\/2013\/04\/D35A3607-300x200.jpg\" alt=\"\" width=\"225\" height=\"150\" srcset=\"https:\/\/sventejums.lt\/svente_jums\/wp-content\/uploads\/2013\/04\/D35A3607-300x200.jpg 300w, https:\/\/sventejums.lt\/svente_jums\/wp-content\/uploads\/2013\/04\/D35A3607-768x512.jpg 768w, https:\/\/sventejums.lt\/svente_jums\/wp-content\/uploads\/2013\/04\/D35A3607.jpg 900w\" sizes=\"(max-width: 225px) 100vw, 225px\" \/><\/a><\/p>\n\n\n<p><\/p>\n\n\n\n<p>ATSISI\u0172STI MENIU LENTEL\u0118 U\u017dSAKYMO PILDYMUI: <\/p>\n\n\n\n<p><a href=\"https:\/\/docs.google.com\/spreadsheets\/d\/1weUdtx_FKhq2_qOrTV2NSuRUXn0e6kye\/edit?usp=sharing&amp;ouid=102904133989250715514&amp;rtpof=true&amp;sd=true\" target=\"_blank\" rel=\"noopener ugc\" title=\"\">Meniu_i-namus_2026_Klientui.xlsx<\/a><\/p>\n\n\n\n<p><\/p>\n\n\n\n<figure class=\"wp-block-table\"><table><tbody><tr><td><strong>ALERGENAI<\/strong><\/td><td><strong>U\u017dKAND\u017dIAI<\/strong><strong><\/strong><\/td><td><strong>Kaina, \u20ac<\/strong><strong><\/strong><\/td><\/tr><tr><td><strong>&nbsp;<\/strong><\/td><td><strong>Vieno k\u0105snio u\u017ekand\u0117liai<\/strong><strong><\/strong><\/td><td><strong>&nbsp;<\/strong><strong><\/strong><\/td><\/tr><tr><td><em>ALCGD<\/em><\/td><td>Namin\u0117 duonel\u0117 su s\u0117klomis, mink\u0161tasis s\u016bris su \u010desnakais, skraiduoli\u0173 ikrai, daigai<\/td><td>1,30<\/td><\/tr><tr><td><em>ALCG<\/em><\/td><td>Namin\u0117 duonel\u0117s su s\u0117klomis, r\u016bkytas vytintas ispani\u0161kas kumpis, marinuotos alyvuog\u0117s, sviestas su \u017ealumynais, lengvai vytinti vy\u0161niniai pomidoriukai<\/td><td>1,40<\/td><\/tr><tr><td><em>&nbsp;<\/em><\/td><td>Bulvi\u0173 gratini su jautienos rosbifu, kapoti \u017ealumynai<\/td><td>2,20<\/td><\/tr><tr><td><em>&nbsp;<\/em><\/td><td>Skrebutis su medaus rikota, <em>Prosciutto,<\/em> granatai<\/td><td>1,80<\/td><\/tr><tr><td><em>&nbsp;<\/em><\/td><td><em>Crostini<\/em> su antienos pa\u0161tetu, vytintos slyvos, medaus glaz\u016bra<\/td><td>1,60<\/td><\/tr><tr><td><em>&nbsp;<\/em><\/td><td>Tartalet\u0117 su moli\u016bg\u0173 &#8211; fetos kremu, medus, graikiniai rie\u0161utai, <em>Serrano<\/em> kumpis<\/td><td>1,70<\/td><\/tr><tr><td><em>&nbsp;<\/em><\/td><td>Karali\u0161kos krevet\u0117s uodegel\u0117, gvakamol\u0117<\/td><td>1,80<\/td><\/tr><tr><td><em>&nbsp;<\/em><\/td><td>Tartalet\u0117 su mink\u0161tojo s\u016brio &#8211; tun\u0173 kremu, putpeli\u0173 kiau\u0161iniai, vytinti pomidoriukai<\/td><td>1,70<\/td><\/tr><tr><td><em>&nbsp;<\/em><\/td><td>Mini blynelis su seranu kumpiu, <em>Mozzarella<\/em> s\u016brio rutuliukas, vytinti pomidoriukai<\/td><td>1,60<\/td><\/tr><tr><td><em>&nbsp;<\/em><\/td><td>Meduje, garsty\u010diose ir apelsin\u0173 d\u017eeme marinuoto s\u016brio v\u0117rinukas ant bambukinio ie\u0161melio su alyvuoge ir \u017ealumyn\u0173 lapeliu (taurel\u0117je)<\/td><td>1,50<\/td><\/tr><tr><td><em>ACDFGL<\/em><\/td><td>Tartalet\u0117s krep\u0161elis su totori\u0161kai paruo\u0161tomis s\u016bdytomis la\u0161i\u0161omis, skrudintos sezam\u0173 s\u0117klos, avokad\u0173 majonezas, daigai<\/td><td>1,60<\/td><\/tr><tr><td><em>BACF<\/em><\/td><td>Krevet\u0117 tempuroje, kreminis <em>Sweet Chili<\/em>&nbsp; pada\u017eas (\u0161ote)<\/td><td>1,60<\/td><\/tr><tr><td><em>ALCGK<\/em><\/td><td>Namin\u0117 duonel\u0117 su s\u0117klomis, l\u0117tai kepta kiaulienos i\u0161pjova, rikotos s\u016bris, svog\u016bn\u0173 uogien\u0117, daigai<\/td><td>1,60<\/td><\/tr><tr><td><em>ALCGI<\/em><\/td><td>\u0160viesi duonel\u0117 su s\u0117klomis, \u017ealumyn\u0173 sviestukas, l\u0117tai virta kalakutiena, indi\u0161kas mang\u0173 ir ananas\u0173 pada\u017eas (\u010datnis)<\/td><td>1,50<\/td><\/tr><tr><td><em>ALCG<\/em><\/td><td>Poliarin\u0117 duonel\u0117, kepta anties kr\u016btin\u0117l\u0117, fig\u0173 d\u017eemas<\/td><td>1,80<\/td><\/tr><tr><td><em>ALCGDK<\/em><\/td><td>Namin\u0117 duonel\u0117 su s\u0117klomis, kalvadose marinuot\u0173 la\u0161i\u0161\u0173 ro\u017eyt\u0117, kapar\u0117liai, daigai, \u017eoleli\u0173 sviestas<\/td><td>1,80<\/td><\/tr><tr><td><em>ACGB<\/em><\/td><td>Tartalet\u0117s krep\u0161elis su avokad\u0173 ir var\u0161k\u0117s kremu, tigrini\u0173 kreve\u010di\u0173 ie\u0161melis, \u017eirni\u0173 daigai<\/td><td>1,80<\/td><\/tr><tr><td><em>ACGL<\/em><\/td><td>Namin\u0117 duonel\u0117 su s\u0117klomis, mink\u0161tasis o\u017ek\u0173 s\u016bris, vytintas ispani\u0161kas kumpis, balzaminiai avie\u010di\u0173 ikrai, daigai<\/td><td>1,60<\/td><\/tr><tr><td><em>GCD<\/em><\/td><td>Bulvi\u0173 apkep\u0117l\u0117, marinuota silk\u0117, avokad\u0173 kremas, lengvai vytinti vy\u0161niniai pomidoriukai<\/td><td>1,50<\/td><\/tr><tr><td><em>CGA<\/em><\/td><td>O\u017ek\u0173 pieno s\u016bris, keptos paprikos, d\u017eiovintos spanguol\u0117s, skrudinta \u0161viesi duonel\u0117<\/td><td>1,70<\/td><\/tr><tr><td><em>&nbsp;<\/em><\/td><td>Vytinto <em>Serrano<\/em> kumpio krep\u0161elis su <em>Mozzarella<\/em> s\u016brio rutuliukai, melionai, balzamiko pada\u017eas, \u017ealumynai<\/td><td>1,80<\/td><\/tr><tr><td><em>&nbsp;<\/em><\/td><td>Crostini su o\u017ek\u0173 s\u016briu, keptais karamelizuotais moli\u016bgais, fig\u0173 glaistu<\/td><td>1,70<\/td><\/tr><tr><td><em>&nbsp;<\/em><\/td><td><em>Minimalus vienos r\u016b\u0161ies u\u017esakymo kiekis: 15 vnt.<\/em><\/td><td><strong>&nbsp;<\/strong><\/td><\/tr><tr><td><em>&nbsp;<\/em><em><\/em><\/td><td><strong>KELI\u0172 K\u0104SNI\u0172 U\u017dKAND\u017dIAI <\/strong><strong><\/strong><\/td><td><strong>Kaina, \u20ac<\/strong><strong><\/strong><\/td><\/tr><tr><td><em>ACGL<\/em><\/td><td>Tra\u0161ki namin\u0117 brusketa, praturtinta burok\u0117liais su o\u017ek\u0173 s\u016briu, keptos paprikos, sezam\u0173 s\u0117klos, vytinti pomidoriukai, daigai<\/td><td>1,80<\/td><\/tr><tr><td><em>&nbsp;<\/em><\/td><td>Tra\u0161ki namin\u0117 brusketa su totori\u0161kai paruo\u0161tomis s\u016bdytomis la\u0161i\u0161omis ir marinuotu rausvuoju tunu, s\u016brio kremas, skrudintos sezam\u0173 s\u0117klos, daigai<\/td><td>2,00<\/td><\/tr><tr><td><em>ACG<\/em><\/td><td>Tra\u0161ki namin\u0117 brusketa su \u0161vie\u017eiais ir saul\u0117je vytintais pomidorais, Parmezano s\u016brio dro\u017el\u0117s<\/td><td>1,80<\/td><\/tr><tr><td><em>ACG<\/em><\/td><td>Tra\u0161ki namin\u0117 brusketa, praturtinta burok\u0117liais, su vytintu ispani\u0161ku kumpiu, svog\u016bn\u0173 marmeladas, daigai<\/td><td>2,10<\/td><\/tr><tr><td><em>ACGB<\/em><\/td><td>Tra\u0161ki namin\u0117 brusketa su var\u0161k\u0117s &#8211; avokad\u0173 kremu, marinuotos krevet\u0117s, daigai<\/td><td>2,10<\/td><\/tr><tr><td><em>ACGI<\/em><\/td><td>Tra\u0161ki namin\u0117 brusketa su pl\u0117\u0161yta kalakutiena, mang\u0173 &#8211; ananas\u0173 \u010datnis, d\u017eiovintos spanguol\u0117s<\/td><td>2,10<\/td><\/tr><tr><td><em>ACGDFLK<\/em><\/td><td>Tra\u0161ki namin\u0117 brusketa su&nbsp; totori\u0161kai paruo\u0161tomis s\u016bdytomis la\u0161i\u0161omis, skrudintos sezam\u0173 s\u0117klos, avokad\u0173 majonezas, daigai<\/td><td>2,20<\/td><\/tr><tr><td><em>ACG<\/em><\/td><td>Brusketa su o\u017ek\u0173 pieno s\u016briu, keptos paprikos, d\u017eiovintos spanguol\u0117s<\/td><td>2,20<\/td><\/tr><tr><td><em>ACGH<\/em><\/td><td>Brusketa su marinuotu <em>Mozzarella<\/em> s\u016briu, lengvai kepti pomidorai, bazilikai, <em>Pesto,<\/em> vytintos alyvuog\u0117s<\/td><td>2,10<\/td><\/tr><tr><td><em>&nbsp;<\/em><\/td><td>A\u0161trus kreve\u010di\u0173 ir mang\u0173 <em>Taco,<\/em> kokos\u0173 pada\u017eas<\/td><td>3,00<\/td><\/tr><tr><td><em>&nbsp;<\/em><\/td><td><em>Minimalus vienos r\u016b\u0161ies u\u017esakymo kiekis: 10 vnt.<\/em><\/td><td><em>&nbsp;<\/em><\/td><\/tr><tr><td><em>&nbsp;<\/em><\/td><td><strong>Kruasanai<\/strong><\/td><td><em>&nbsp;<\/em><\/td><\/tr><tr><td><em>&nbsp;<\/em><\/td><td>Kruasanas, r\u016bkytas vytintas ispani\u0161kas kumpis, fetos kremas, lengvai vytinti vy\u0161niniai pomidoriukai<\/td><td>2,20<\/td><\/tr><tr><td><em>&nbsp;<\/em><\/td><td>Kruasanas &#8211; la\u0161i\u0161os fil\u0117, wakame dumbliai, up\u0117taki\u0173 ikrai, lengvai kepti kininiai bastu\u010diai<\/td><td>2,20<\/td><\/tr><tr><td><em>&nbsp;<\/em><\/td><td>Kruasanas &#8211; anties kr\u016btin\u0117l\u0117, rabarbar\u0173 pagardas, uogos<\/td><td>2,20<\/td><\/tr><tr><td><em>&nbsp;<\/em><\/td><td><em>Minimalus vienos r\u016b\u0161ies u\u017esakymo kiekis: 10 vnt.<\/em><\/td><td><em>&nbsp;<\/em><\/td><\/tr><tr><td><em>&nbsp;<\/em><em><\/em><\/td><td><strong>U\u017ekand\u017eiai prie alaus, vyno, stipri\u0173j\u0173 g\u0117rim\u0173<\/strong><strong><\/strong><\/td><td>&nbsp;<\/td><\/tr><tr><td><em>&nbsp;<\/em><\/td><td><em>Rinkinys BRAVO: 10 asmen\u0173 (~1,3 kg)<\/em><\/td><td>&nbsp;<\/td><\/tr><tr><td><em>AGCFHIKLO<\/em><\/td><td><strong>Rinkinys Bravo:<\/strong> \u010cesnakin\u0117s duonos lazdel\u0117s; duonos \u2013 s\u016brio grybukai; mini suktinukai su azijieti\u0161kai ruo\u0161ta kiauliena; samosa su dar\u017eov\u0117mis, kalmar\u0173 \u017eiedai te\u0161loje; r\u016bkytos \u0161onin\u0117s v\u0117rinukai su d\u017eiovintomis slyvomis; jelapeno s\u016brio u\u017ekandis; keptos alyvuog\u0117s, vytinto kumpio tra\u0161ku\u010diai; kruasanai su \u0161onine, kreminis Sweet \u010dili pada\u017eas, lengvai vytinti pomidoriukai<\/td><td>44,00<\/td><\/tr><tr><td><em>&nbsp;<\/em><\/td><td><em>Rinkinys TOP 1: 10 asmen\u0173 (~1,3 kg)<\/em><\/td><td>&nbsp;<\/td><\/tr><tr><td><em>KILAHCG<\/em><\/td><td><strong>Rinkinys TOP 1<\/strong>: gruzdinti a\u0161tr\u016bs vi\u0161tienos sparneliai; grilintas <em>Halloumi<\/em> s\u016bris; itali\u0161kas saliamis;&nbsp; marinuotos alyvuog\u0117s, s\u016bdyt\u0173 la\u0161inuk\u0173 u\u017etep\u0117l\u0117 su \u017ealumynais ant namin\u0117s duonos riekel\u0117s; vytintas kumpelis, panko d\u017ei\u016bv\u0117s\u0117liuose keptos alyvuog\u0117s; grisini lazdel\u0117s su kumpiu ir s\u016briu; a\u0161trios mocarela s\u016brio spurgyt\u0117s su jelapenu; kruasanai su \u0161onine; \u010desnakin\u0117s duonos lazdel\u0117s<\/td><td>45,00<\/td><\/tr><tr><td><em>ACGHDLFK<\/em><\/td><td><strong>24 vnt. Brusket\u0173, krostini asorti:<\/strong> su marinuota mocarela<em>, <\/em>lengvai keptais pomidorais, bazilikais, pestu; su <em>Nduja<\/em>, kepta paprika, skrudinta rukola; su totori\u0161kai paruo\u0161tomis s\u016bdytomis la\u0161i\u0161omis, marinuotu rausvuoju tunu, s\u016brio kremu, skrudintomis sezam\u0173 s\u0117klomis, daigais<\/td><td>49,00<\/td><\/tr><tr><td><em>&nbsp;<\/em><\/td><td><strong>12 vnt. Brusket\u0173, krostini asorti:<\/strong> su marinuota mocarela<em>, <\/em>lengvai keptais pomidorais, bazilikais, pestu; su <em>Nduja<\/em>, kepta paprika, skrudinta rukola; su totori\u0161kai paruo\u0161tomis s\u016bdytomis la\u0161i\u0161omis, marinuotu rausvuoju tunu, s\u016brio kremu, skrudintomis sezam\u0173 s\u0117klomis, daigais<\/td><td>24,50<\/td><\/tr><tr><td><em>BACF<\/em><\/td><td>Kreve\u010di\u0173 asorti: Krevet\u0117s Torpedos Panko d\u017ei\u016bv\u0117s\u0117liuose; kreve\u010di\u0173 drugeliai; krevet\u0117s tempuroje, kreve\u010di\u0173 \u017eiedai, gruzdinti ma\u017eieji Patagonijos kalmarai; kreminis <em>Sweet<\/em> \u010dili pada\u017eas (\u20ac\/100 g)<\/td><td>5,00<\/td><\/tr><tr><td><em>&nbsp;<\/em><\/td><td><strong><em>Gurman\u0173 rinkinys : (~3 kg) arba (~1,5 kg) &#8211; 45,00 \u20ac<\/em><\/strong><\/td><td>&nbsp;<\/td><\/tr><tr><td><em>GHKALC<\/em><\/td><td><strong>Gurman\u0173 rinkinys<\/strong>: marinuotas baltasis pel\u0117sinis <em>Brie <\/em>s\u016bris (200 g); kor\u0117tasis <em>Maasdam <\/em>(200 g); marinuotos alyvuog\u0117s (200 g); anakard\u017ei\u0173 rie\u0161utai (100 g); grilintas <em>Halloumi<\/em> (250 g); <em>Camamber<\/em> s\u016bris (200 g); m\u0117lynasis pel\u0117sinis s\u016bris (200 g); granatai (200 g); mink\u0161tasis o\u017ekos s\u016bris (150 g); marinuotas kietasis s\u016bris su apelsin\u0173 &#8211; garsty\u010di\u0173 d\u017eemu (200 g); itali\u0161kas <em>Salami<\/em> (150 g); vytinto&nbsp; kumpio tra\u0161ku\u010diai (100 g);&nbsp; vynuog\u0117s (100 g); figos (8 vnt) arba&nbsp; uogos (150 g) (pagal sezoni\u0161kum\u0105); krekeriai (100 g); lengvai vytinti pomidorai (150 g); uogieni\u0173 asorti (100 g + 100 g. + 100 g.);<\/td><td>90,00<\/td><\/tr><\/tbody><\/table><\/figure>\n","protected":false},"excerpt":{"rendered":"<p>ATSISI\u0172STI MENIU LENTEL\u0118 U\u017dSAKYMO PILDYMUI: Meniu_i-namus_2026_Klientui.xlsx ALERGENAI U\u017dKAND\u017dIAI Kaina, \u20ac &nbsp; Vieno k\u0105snio u\u017ekand\u0117liai &nbsp; ALCGD Namin\u0117 duonel\u0117 su s\u0117klomis, mink\u0161tasis s\u016bris su \u010desnakais, skraiduoli\u0173 ikrai, daigai 1,30 ALCG Namin\u0117 duonel\u0117s su s\u0117klomis, r\u016bkytas vytintas ispani\u0161kas kumpis, marinuotos alyvuog\u0117s, sviestas su \u017ealumynais, lengvai vytinti vy\u0161niniai pomidoriukai 1,40 &nbsp; Bulvi\u0173 gratini su jautienos rosbifu, kapoti \u017ealumynai [&hellip;]<\/p>\n","protected":false},"author":2,"featured_media":0,"parent":3283,"menu_order":1,"comment_status":"closed","ping_status":"closed","template":"","meta":{"footnotes":""},"aioseo_notices":[],"_links":{"self":[{"href":"https:\/\/sventejums.lt\/svente_jums\/wp-json\/wp\/v2\/pages\/3204"}],"collection":[{"href":"https:\/\/sventejums.lt\/svente_jums\/wp-json\/wp\/v2\/pages"}],"about":[{"href":"https:\/\/sventejums.lt\/svente_jums\/wp-json\/wp\/v2\/types\/page"}],"author":[{"embeddable":true,"href":"https:\/\/sventejums.lt\/svente_jums\/wp-json\/wp\/v2\/users\/2"}],"replies":[{"embeddable":true,"href":"https:\/\/sventejums.lt\/svente_jums\/wp-json\/wp\/v2\/comments?post=3204"}],"version-history":[{"count":104,"href":"https:\/\/sventejums.lt\/svente_jums\/wp-json\/wp\/v2\/pages\/3204\/revisions"}],"predecessor-version":[{"id":7730,"href":"https:\/\/sventejums.lt\/svente_jums\/wp-json\/wp\/v2\/pages\/3204\/revisions\/7730"}],"up":[{"embeddable":true,"href":"https:\/\/sventejums.lt\/svente_jums\/wp-json\/wp\/v2\/pages\/3283"}],"wp:attachment":[{"href":"https:\/\/sventejums.lt\/svente_jums\/wp-json\/wp\/v2\/media?parent=3204"}],"curies":[{"name":"wp","href":"https:\/\/api.w.org\/{rel}","templated":true}]}}