{"id":3198,"date":"2018-02-15T13:52:12","date_gmt":"2018-02-15T13:52:12","guid":{"rendered":"http:\/\/sventejums.lt\/svente_jums\/?page_id=3198"},"modified":"2026-03-07T12:27:52","modified_gmt":"2026-03-07T12:27:52","slug":"silti-pyrageliai","status":"publish","type":"page","link":"https:\/\/sventejums.lt\/svente_jums\/meniu\/silti-pyrageliai\/","title":{"rendered":"\u0160ilti pyrag\u0117liai"},"content":{"rendered":"\n<p>ATSISI\u0172STI MENIU LENTEL\u0118 U\u017dSAKYMO PILDYMUI: <\/p>\n\n\n\n<p>\u010cIA\u00a0<a href=\"https:\/\/docs.google.com\/spreadsheets\/d\/1weUdtx_FKhq2_qOrTV2NSuRUXn0e6kye\/edit?usp=sharing&amp;ouid=102904133989250715514&amp;rtpof=true&amp;sd=true\" target=\"_blank\" rel=\"noopener ugc\" title=\"http:\/\/sventejums.lt\/svente_jums\/wp-content\/uploads\/2025\/03\/Meniu_i-namus_2025_Klientui.xlsx\">Meniu_ \u012f namus _2026_Klientui<\/a><\/p>\n\n\n\n<figure class=\"wp-block-table\"><table><tbody><tr><td><strong>Alergenai<\/strong><strong><\/strong><\/td><td><strong>\u0160ILTI PYRAG\u0116LIAI<\/strong><strong><\/strong><\/td><td><strong>Kaina, \u20ac<\/strong><strong><\/strong><\/td><\/tr><tr><td><strong>&nbsp;<\/strong><strong><\/strong><\/td><td><strong>Sluoksniuotos bemiel\u0117s te\u0161los pyrag\u0117liai (50 g)<\/strong><strong><\/strong><\/td><td>&nbsp;<\/td><\/tr><tr><td><em>ACGI<\/em><\/td><td>Pyrag\u0117liai su pl\u0117\u0161yta antiena ir kor\u0117jieti\u0161komis morkyt\u0117mis<\/td><td>2,30<\/td><\/tr><tr><td><em>ACGI<\/em><\/td><td>Pyrag\u0117liai su pl\u0117\u0161yta vi\u0161tiena ir kor\u0117jieti\u0161komis morkyt\u0117mis<\/td><td>2,20<\/td><\/tr><tr><td><em>ACG<\/em><\/td><td>Pyrag\u0117liai su \u0161pinatais,&nbsp; mocarella<\/td><td>2,20<\/td><\/tr><tr><td><em>ACG<\/em><\/td><td>Pyrag\u0117liai su mi\u0161ko grybais<\/td><td>2,20<\/td><\/tr><tr><td><em>&nbsp;<\/em><\/td><td><em>Minimalus vienos r\u016b\u0161ies u\u017esakymo kiekis \u2013 10 vnt.<\/em><\/td><td>&nbsp;<\/td><\/tr><tr><td><em>&nbsp;<\/em><em><\/em><\/td><td><strong>Suktinukai (azijieti\u0161kos te\u0161los pyrag\u0117liai su kokos\u0173 pienu) (70 g)<\/strong><strong><\/strong><\/td><td>&nbsp;<\/td><\/tr><tr><td><em>ACG<\/em><\/td><td>Azijieti\u0161ki suktinukai su r\u016bkyta \u0161onine, kop\u016bstais, morkyt\u0117mis, imbierais<\/td><td>2,50<\/td><\/tr><tr><td><em>&nbsp;<\/em><\/td><td>Azijieti\u0161ki suktinukai su pl\u0117\u0161yta kiauliena, kop\u016bstais<\/td><td>2,50<\/td><\/tr><tr><td><em>&nbsp;<\/em><\/td><td>Azijieti\u0161ki suktinukai su jautienos far\u0161u, kop\u016bstais<\/td><td>2,50<\/td><\/tr><tr><td><strong><em>ACGI<\/em><\/strong><\/td><td>Azijieti\u0161ki suktinukai su pl\u0117\u0161yta antiena ir kor\u0117jieti\u0161komis morkyt\u0117mis<\/td><td>2,50<\/td><\/tr><tr><td><em>ACGF<\/em><\/td><td>Azijieti\u0161ki suktinukai su kini\u0161kais bastu\u010diais, morkyt\u0117mis,cukinijom,savojos kop\u016bstais<\/td><td>2,50<\/td><\/tr><tr><td><em>&nbsp;<\/em><\/td><td><em>Suktinukai patiekiami su sald\u017eiu aitri\u0173j\u0173 paprik\u0173 -grietin\u0117l\u0117s pada\u017eu<\/em><\/td><td>&nbsp;<\/td><\/tr><tr><td><em>&nbsp;<\/em><\/td><td><em>Minimalus vienos r\u016b\u0161ies u\u017esakymo kiekis \u2013 20 vnt.<\/em><\/td><td>&nbsp;<\/td><\/tr><tr><td><strong><em>&nbsp;<\/em><\/strong><strong><em><\/em><\/strong><\/td><td><strong>Kibinai (160 g)<\/strong><strong><\/strong><\/td><td><strong>&nbsp;<\/strong><strong><\/strong><\/td><\/tr><tr><td><em>ACG<\/em><\/td><td>Kibinai su salierais, morkomis, cukinijomis, \u0161vie\u017eia mocarela<\/td><td>2,50<\/td><\/tr><tr><td><em>ACGKF<\/em><\/td><td>Kibinai su kapota kiauliena, s\u0117menimis<\/td><td>2,90<\/td><\/tr><tr><td><em>ACGKF<\/em><\/td><td>Kibinai su kapota kiauliena, Chalapos (<em>Jalapa<\/em>) aitriosiomis paprikomis, svog\u016bnais (a\u0161tru)<\/td><td>2,90<\/td><\/tr><tr><td><em>ACGIF<\/em><\/td><td>Kibinai su kapota vi\u0161tiena ir piev\u0173 grybais, sezam\u0173 s\u0117klomis<\/td><td>2,90<\/td><\/tr><tr><td><em>ACGIF<\/em><\/td><td>Kibinai su kapota vi\u0161tiena ir porais<\/td><td>2,90<\/td><\/tr><tr><td><em>ACGKF<\/em><\/td><td>Kibinai su kiauliena ir voverait\u0117mis<\/td><td>3,50<\/td><\/tr><tr><td><em>ACGKF<\/em><\/td><td>Kibinai su vi\u0161tiena ir baravykais<\/td><td>3,50<\/td><\/tr><tr><td><em>&nbsp;<\/em><\/td><td><em>Minimalus vienos r\u016b\u0161ies u\u017esakymo kiekis \u2013 20 vnt.<\/em><\/td><td>&nbsp;<\/td><\/tr><tr><td><em>&nbsp;<\/em><em><\/em><\/td><td><strong>Kibinukai (80 g)<\/strong><strong><\/strong><\/td><td>&nbsp;<\/td><\/tr><tr><td><em>ACGIF<\/em><\/td><td>Kibinukai su kapota vi\u0161tiena ir porais<\/td><td>1,50<\/td><\/tr><tr><td><em>ACGKF<\/em><\/td><td>Kibinukai su kapota kiauliena, Chalapos (<em>Jalapa<\/em>) aitriosiomis paprikomis, svog\u016bnais (a\u0161tru)<\/td><td>1,50<\/td><\/tr><tr><td><em>ACGIF<\/em><\/td><td>Kibinukai su kapota vi\u0161tiena ir piev\u0173 grybais, sezam\u0173 s\u0117klomis<\/td><td>1,50<\/td><\/tr><tr><td><em>ACGKF<\/em><\/td><td>Kibinukai su kapota kiauliena, s\u0117menimis<\/td><td>1,50<\/td><\/tr><tr><td><em>ACG<\/em><\/td><td>Kibinukai su salierais, morkomis, cukinijomis, \u0161vie\u017eia mocarela<\/td><td>1,20<\/td><\/tr><tr><td><em>ACGKF<\/em><\/td><td>Kibinukai su vi\u0161tiena ir baravykais<\/td><td>2,00<\/td><\/tr><tr><td><em>ACGKF<\/em><\/td><td>Kibinukai su kiauliena ir voverait\u0117mis<\/td><td>2,00<\/td><\/tr><tr><td><em>&nbsp;<\/em><\/td><td><em>Minimalus vienos r\u016b\u0161ies u\u017esakymo kiekis \u2013 20 vnt.<\/em><\/td><td>&nbsp;<\/td><\/tr><tr><td><em>&nbsp;<\/em><em><\/em><\/td><td><strong>Mini kibinukai (30 g)<\/strong><strong><\/strong><\/td><td>&nbsp;<\/td><\/tr><tr><td><em>ACGKF<\/em><\/td><td>Kibinukai su kapota kiauliena, s\u0117menimis<\/td><td>1,10<\/td><\/tr><tr><td><em>ACGIF<\/em><\/td><td>Kibinukai su kapota vi\u0161tiena ir porais<\/td><td>1,10<\/td><\/tr><tr><td><em>&nbsp;<\/em><\/td><td>Kibinukai su salierais, morkomis, cukinijomis, \u0161vie\u017eia mocarela<\/td><td>1,10<\/td><\/tr><tr><td>&nbsp;<\/td><td><em>Minimalus vienos r\u016b\u0161ies u\u017esakymo kiekis \u2013 20 vnt.<\/em><\/td><td>&nbsp;<\/td><\/tr><tr><td>&nbsp;<\/td><td><strong>Viso:<\/strong><\/td><td>&nbsp;<\/td><\/tr><tr><td><\/td><td><strong><em>Gero apetito! Bon Appetit! Dobry apetyt! God appetitt! Laba apet\u012bte!<\/em><\/strong><\/td><td><\/td><\/tr><\/tbody><\/table><\/figure>\n\n\n\n<p class=\"has-text-align-center\">&nbsp;<\/p>\n","protected":false},"excerpt":{"rendered":"<p>ATSISI\u0172STI MENIU LENTEL\u0118 U\u017dSAKYMO PILDYMUI: \u010cIA\u00a0Meniu_ \u012f namus _2026_Klientui Alergenai \u0160ILTI PYRAG\u0116LIAI Kaina, \u20ac &nbsp; Sluoksniuotos bemiel\u0117s te\u0161los pyrag\u0117liai (50 g) &nbsp; ACGI Pyrag\u0117liai su pl\u0117\u0161yta antiena ir kor\u0117jieti\u0161komis morkyt\u0117mis 2,30 ACGI Pyrag\u0117liai su pl\u0117\u0161yta vi\u0161tiena ir kor\u0117jieti\u0161komis morkyt\u0117mis 2,20 ACG Pyrag\u0117liai su \u0161pinatais,&nbsp; mocarella 2,20 ACG Pyrag\u0117liai su mi\u0161ko grybais 2,20 &nbsp; Minimalus vienos [&hellip;]<\/p>\n","protected":false},"author":2,"featured_media":0,"parent":3283,"menu_order":3,"comment_status":"closed","ping_status":"closed","template":"","meta":{"footnotes":""},"aioseo_notices":[],"_links":{"self":[{"href":"https:\/\/sventejums.lt\/svente_jums\/wp-json\/wp\/v2\/pages\/3198"}],"collection":[{"href":"https:\/\/sventejums.lt\/svente_jums\/wp-json\/wp\/v2\/pages"}],"about":[{"href":"https:\/\/sventejums.lt\/svente_jums\/wp-json\/wp\/v2\/types\/page"}],"author":[{"embeddable":true,"href":"https:\/\/sventejums.lt\/svente_jums\/wp-json\/wp\/v2\/users\/2"}],"replies":[{"embeddable":true,"href":"https:\/\/sventejums.lt\/svente_jums\/wp-json\/wp\/v2\/comments?post=3198"}],"version-history":[{"count":30,"href":"https:\/\/sventejums.lt\/svente_jums\/wp-json\/wp\/v2\/pages\/3198\/revisions"}],"predecessor-version":[{"id":7673,"href":"https:\/\/sventejums.lt\/svente_jums\/wp-json\/wp\/v2\/pages\/3198\/revisions\/7673"}],"up":[{"embeddable":true,"href":"https:\/\/sventejums.lt\/svente_jums\/wp-json\/wp\/v2\/pages\/3283"}],"wp:attachment":[{"href":"https:\/\/sventejums.lt\/svente_jums\/wp-json\/wp\/v2\/media?parent=3198"}],"curies":[{"name":"wp","href":"https:\/\/api.w.org\/{rel}","templated":true}]}}