{"id":2065,"date":"2015-01-07T22:02:02","date_gmt":"2015-01-07T22:02:02","guid":{"rendered":"http:\/\/sventejums.lt\/svente_jums\/?page_id=2065"},"modified":"2015-02-03T13:12:57","modified_gmt":"2015-02-03T13:12:57","slug":"graziausios-eglutes-rinkimai","status":"publish","type":"page","link":"https:\/\/sventejums.lt\/svente_jums\/graziausios-eglutes-rinkimai\/","title":{"rendered":"Gra\u017eiausios eglut\u0117s rinkimai"},"content":{"rendered":"<div id=\"attachment_2066\" style=\"width: 250px\" class=\"wp-caption alignright\"><a href=\"http:\/\/sventejums.lt\/svente_jums\/wp-content\/uploads\/2015\/01\/2-\u201e\u0160vent\u0117-Jums\u201c-\u201eKolonada\u201c.jpg\" rel=\"lightbox[2065]\"><img loading=\"lazy\" decoding=\"async\" aria-describedby=\"caption-attachment-2066\" class=\"size-full wp-image-2066 \" alt=\"\" src=\"http:\/\/sventejums.lt\/svente_jums\/wp-content\/uploads\/2015\/01\/2-\u201e\u0160vent\u0117-Jums\u201c-\u201eKolonada\u201c.jpg\" width=\"240\" height=\"362\" srcset=\"https:\/\/sventejums.lt\/svente_jums\/wp-content\/uploads\/2015\/01\/2-\u201e\u0160vent\u0117-Jums\u201c-\u201eKolonada\u201c.jpg 240w, https:\/\/sventejums.lt\/svente_jums\/wp-content\/uploads\/2015\/01\/2-\u201e\u0160vent\u0117-Jums\u201c-\u201eKolonada\u201c-198x300.jpg 198w\" sizes=\"(max-width: 240px) 100vw, 240px\" \/><\/a><p id=\"caption-attachment-2066\" class=\"wp-caption-text\">2. \u201e\u0160vent\u0117 Jums\u201c (\u201eKolonada\u201c)<\/p><\/div>\n<p>Sveiki, mielieji,<br \/>\nKaip ir kiekvienais metais &#8222;\u0160vent\u0117 Jums&#8221; kelis m\u0117nesius gamina \ud83d\ude42<i><\/i>\u00a0eglut\u0119 ir dalyvauja eglu\u010di\u0173 parke.<\/p>\n<p>\u0160iais metais pristatome Jums savo eglut\u0119 &#8211; ,,pusnynuos nyk\u0161tukai miega, aukso \u017euvys po ledu&#8230;\u201c<\/p>\n<p>Autoriai: Ingrida ir Ar\u016bnas Vaitkai<\/p>\n<p>&nbsp;<\/p>\n<p>Jeigu Jums patiko, galite balsuoti, lauksime J\u016bs\u0173 vis\u0173 palaikymo \ud83d\ude42<i><\/i><\/p>\n<p>&nbsp;<\/p>\n<p>&nbsp;<\/p>\n<p>eil\u0117s nr. 2,\u00a0<a href=\"http:\/\/l.facebook.com\/l.php?u=http%3A%2F%2Fwww.manodruskininkai.lt%2Fgeriausios-eglutes-rinkimai%2F&amp;h=cAQEg8aSJ&amp;enc=AZP_oan5nDA2DFJIWET6-4XeyFKqUi94ktD_MHvsaKzUwctpKxacK8QiRMMX8GE8QAFvemgLWIiKRygx8sbfrGMLBmf_JA4O55WlU77gS-3SVFmhbODjjCpoQxSZ6hSVOyV4o4s-ML49bhZNvBfjvh8GhxTw4SuRdL_Fqy9irHX9pg&amp;s=1\" target=\"_blank\" rel=\"nofollow\">http:\/\/www.manodruskininkai.lt\/geriausios-eglutes-rinkimai\/<\/a><\/p>\n<p>&nbsp;<\/p>\n","protected":false},"excerpt":{"rendered":"<p>Sveiki, mielieji, Kaip ir kiekvienais metais &#8222;\u0160vent\u0117 Jums&#8221; kelis m\u0117nesius gamina \ud83d\ude42\u00a0eglut\u0119 ir dalyvauja eglu\u010di\u0173 parke. \u0160iais metais pristatome Jums savo eglut\u0119 &#8211; ,,pusnynuos nyk\u0161tukai miega, aukso \u017euvys po ledu&#8230;\u201c Autoriai: Ingrida ir Ar\u016bnas Vaitkai &nbsp; Jeigu Jums patiko, galite balsuoti, lauksime J\u016bs\u0173 vis\u0173 palaikymo \ud83d\ude42 &nbsp; &nbsp; eil\u0117s nr. 2,\u00a0http:\/\/www.manodruskininkai.lt\/geriausios-eglutes-rinkimai\/ &nbsp;<\/p>\n","protected":false},"author":2,"featured_media":0,"parent":0,"menu_order":3,"comment_status":"open","ping_status":"open","template":"","meta":{"footnotes":""},"aioseo_notices":[],"_links":{"self":[{"href":"https:\/\/sventejums.lt\/svente_jums\/wp-json\/wp\/v2\/pages\/2065"}],"collection":[{"href":"https:\/\/sventejums.lt\/svente_jums\/wp-json\/wp\/v2\/pages"}],"about":[{"href":"https:\/\/sventejums.lt\/svente_jums\/wp-json\/wp\/v2\/types\/page"}],"author":[{"embeddable":true,"href":"https:\/\/sventejums.lt\/svente_jums\/wp-json\/wp\/v2\/users\/2"}],"replies":[{"embeddable":true,"href":"https:\/\/sventejums.lt\/svente_jums\/wp-json\/wp\/v2\/comments?post=2065"}],"version-history":[{"count":7,"href":"https:\/\/sventejums.lt\/svente_jums\/wp-json\/wp\/v2\/pages\/2065\/revisions"}],"predecessor-version":[{"id":2068,"href":"https:\/\/sventejums.lt\/svente_jums\/wp-json\/wp\/v2\/pages\/2065\/revisions\/2068"}],"wp:attachment":[{"href":"https:\/\/sventejums.lt\/svente_jums\/wp-json\/wp\/v2\/media?parent=2065"}],"curies":[{"name":"wp","href":"https:\/\/api.w.org\/{rel}","templated":true}]}}