{"id":2003,"date":"2014-11-30T17:58:37","date_gmt":"2014-11-30T17:58:37","guid":{"rendered":"http:\/\/sventejums.lt\/svente_jums\/?page_id=2003"},"modified":"2015-02-03T13:13:29","modified_gmt":"2015-02-03T13:13:29","slug":"alytuje-atkurtas-legendinis-lietuvos-miuziklas-sulauke-sostines-demesio","status":"publish","type":"page","link":"https:\/\/sventejums.lt\/svente_jums\/alytuje-atkurtas-legendinis-lietuvos-miuziklas-sulauke-sostines-demesio\/","title":{"rendered":"Alytuje atkurtas legendinis Lietuvos miuziklas sulauk\u0117 sostin\u0117s d\u0117mesio"},"content":{"rendered":"<h3>Alytuje atkurtas legendinis Lietuvos miuziklas sulauk\u0117 sostin\u0117s d\u0117mesio (Alytausgidas.lt TV videoreporta\u017eas)<img loading=\"lazy\" decoding=\"async\" class=\" wp-image-2009 alignleft\" alt=\"ugn-vln-14-premj1\" src=\"http:\/\/sventejums.lt\/svente_jums\/wp-content\/uploads\/2014\/11\/ugn-vln-14-premj1.jpg\" width=\"368\" height=\"213\" srcset=\"https:\/\/sventejums.lt\/svente_jums\/wp-content\/uploads\/2014\/11\/ugn-vln-14-premj1.jpg 460w, https:\/\/sventejums.lt\/svente_jums\/wp-content\/uploads\/2014\/11\/ugn-vln-14-premj1-300x173.jpg 300w\" sizes=\"(max-width: 368px) 100vw, 368px\" \/><\/h3>\n<p>Alytaus miesto teatre atkurtas Giedriaus Kuprevi\u010diaus miuziklas \u201eUgnies med\u017eiokl\u0117 su varovais\u201c pristatytas Vilniuje. Naujasis pastatymas, re\u017eisuotas i\u0161 Alytaus kilusio Gy\u010dio Padegimo, buvo parodytas valstybiniame akademiniame dramos teatre.<\/p>\n<p>Legendiniu vadinamas, Alytuje nauj\u0105 gyvenim\u0105 prad\u0117j\u0119s Lietuvos miuziklas sudomino \u017ei\u016brovus &#8211; pagrindin\u0117 \u0161alies teatro sal\u0117, talpinanti apie 700 \u017ei\u016brov\u0173, buvo sausakim\u0161a.<\/p>\n<p>\u201e\u017dengtas pirmas Alytaus teatro \u017eingsnis Lietuvos mastu\u201c, &#8211; Alytausgidas.lt sak\u0117 ir miuziklo pristatymo u\u017e Alytaus rib\u0173 svarba pasid\u017eiaug\u0117 miesto teatro vadov\u0117 Laura Radzevi\u010di\u016bt\u0117. Ji miuziklo projekt\u0105 pavadino ambicingu ir u\u017e param\u0105 pad\u0117kojo pastatymo Dz\u016bkijos sostin\u0117je r\u0117m\u0117jams &#8211; Lietuvos kult\u016bros tarybai bei Europos parlamentarui Antanui Guogai.<\/p>\n<p>Kaip m\u016bs\u0173 portalui tvirtino Alytaus miesto teatro aktor\u0117, re\u017eisier\u0117 ir direktor\u0117s pavaduotoja Inesa Pilvelyt\u0117, per beveik 25-eri\u0173 met\u0173 gyvavim\u0105 Alytaus teatralai tur\u0117jo ne vien\u0105 spektakl\u012f, kur\u012f \u012fvertino visos Lietuvos \u017ei\u016brovas. Tai \u2013 Dalios Kimantait\u0117s re\u017eisisuoti Juozo Gru\u0161o \u201eBeatri\u010de, b\u0117k\u201c, Sue Townsend \u201eBrendimo kan\u010dios\u201c, Melvin Burgess \u201eHeroinas\u201c, kurie buvo skirti daugiausia jaunimui, taip pat Arvydo Kinderio re\u017eisuoti spektakliai pagal Vinco Mykolai\u010dio &#8211; Putino roman\u0105 \u201eAltori\u0173 \u0161e\u0161\u0117ly\u201c.<\/p>\n<p>Tiek \u201eAltori\u0173 \u0161e\u0161\u0117ly\u201c, tiek \u201eHeroinas\u201c \u012f Alytaus miesto bei \u0161alies teatro istorij\u0105 pateko ne tik kaip \u017ei\u016brov\u0173 \u012fvertinti, daug kart\u0173 rodyti, ta\u010diau ir spektakliai, kuriems statyti alyti\u0161kiai Lietuvoje buvo vieninteliai teatralai, gav\u0119 \u0161i\u0173 pjesi\u0173 autori\u0173 ar gimini\u0173 leidimus inscenizuoti j\u0173 para\u0161ytus arba paveld\u0117tus literat\u016bros k\u016brinius.<\/p>\n<p><a href=\"http:\/\/sventejums.lt\/svente_jums\/wp-content\/uploads\/2014\/11\/REMEJAI.jpg\" rel=\"lightbox[2003]\"><img loading=\"lazy\" decoding=\"async\" class=\"alignnone size-full wp-image-2008\" alt=\"REMEJAI\" src=\"http:\/\/sventejums.lt\/svente_jums\/wp-content\/uploads\/2014\/11\/REMEJAI.jpg\" width=\"478\" height=\"1000\" srcset=\"https:\/\/sventejums.lt\/svente_jums\/wp-content\/uploads\/2014\/11\/REMEJAI.jpg 478w, https:\/\/sventejums.lt\/svente_jums\/wp-content\/uploads\/2014\/11\/REMEJAI-143x300.jpg 143w\" sizes=\"(max-width: 478px) 100vw, 478px\" \/><\/a>\u00a0<a href=\"http:\/\/iframewidth=400height=225src=\/\/www.youtube.com\/embed\/oTYY2dK4pCcframeborder=0allowfullscreen\/iframe\"><iframe loading=\"lazy\" src=\"\/\/www.youtube.com\/embed\/oTYY2dK4pCc\" height=\"225\" width=\"400\" allowfullscreen=\"\" frameborder=\"0\"><\/iframe><\/a><\/p>\n<p>\u0160altinis:\u00a0<a href=\"http:\/\/alytausgidas.lt\/\" target=\"_blank\">http:\/\/alytausgidas.lt\/<\/a>\u00a0<a href=\"http:\/\/www.alytausteatras.lt\/\" target=\"_blank\">http:\/\/www.alytausteatras.lt\/<\/a><\/p>\n","protected":false},"excerpt":{"rendered":"<p>Alytuje atkurtas legendinis Lietuvos miuziklas sulauk\u0117 sostin\u0117s d\u0117mesio (Alytausgidas.lt TV videoreporta\u017eas) Alytaus miesto teatre atkurtas Giedriaus Kuprevi\u010diaus miuziklas \u201eUgnies med\u017eiokl\u0117 su varovais\u201c pristatytas Vilniuje. Naujasis pastatymas, re\u017eisuotas i\u0161 Alytaus kilusio Gy\u010dio Padegimo, buvo parodytas valstybiniame akademiniame dramos teatre. Legendiniu vadinamas, Alytuje nauj\u0105 gyvenim\u0105 prad\u0117j\u0119s Lietuvos miuziklas sudomino \u017ei\u016brovus &#8211; pagrindin\u0117 \u0161alies teatro sal\u0117, talpinanti apie [&hellip;]<\/p>\n","protected":false},"author":2,"featured_media":0,"parent":0,"menu_order":3,"comment_status":"open","ping_status":"open","template":"","meta":{"footnotes":""},"aioseo_notices":[],"_links":{"self":[{"href":"https:\/\/sventejums.lt\/svente_jums\/wp-json\/wp\/v2\/pages\/2003"}],"collection":[{"href":"https:\/\/sventejums.lt\/svente_jums\/wp-json\/wp\/v2\/pages"}],"about":[{"href":"https:\/\/sventejums.lt\/svente_jums\/wp-json\/wp\/v2\/types\/page"}],"author":[{"embeddable":true,"href":"https:\/\/sventejums.lt\/svente_jums\/wp-json\/wp\/v2\/users\/2"}],"replies":[{"embeddable":true,"href":"https:\/\/sventejums.lt\/svente_jums\/wp-json\/wp\/v2\/comments?post=2003"}],"version-history":[{"count":7,"href":"https:\/\/sventejums.lt\/svente_jums\/wp-json\/wp\/v2\/pages\/2003\/revisions"}],"predecessor-version":[{"id":2007,"href":"https:\/\/sventejums.lt\/svente_jums\/wp-json\/wp\/v2\/pages\/2003\/revisions\/2007"}],"wp:attachment":[{"href":"https:\/\/sventejums.lt\/svente_jums\/wp-json\/wp\/v2\/media?parent=2003"}],"curies":[{"name":"wp","href":"https:\/\/api.w.org\/{rel}","templated":true}]}}