{"id":1940,"date":"2014-11-30T14:01:11","date_gmt":"2014-11-30T14:01:11","guid":{"rendered":"http:\/\/sventejums.lt\/svente_jums\/?page_id=1940"},"modified":"2015-01-07T22:05:49","modified_gmt":"2015-01-07T22:05:49","slug":"alytaus-diksilendui-10","status":"publish","type":"page","link":"https:\/\/sventejums.lt\/svente_jums\/alytaus-diksilendui-10\/","title":{"rendered":"Alytaus diksilendui \u2013 10"},"content":{"rendered":"<h1>Alytaus diksilendui \u2013 10<a href=\"http:\/\/sventejums.lt\/svente_jums\/wp-content\/uploads\/2014\/11\/Alytaus-diksilendui-10-met\u0173.jpg\" rel=\"lightbox[1940]\"><img loading=\"lazy\" decoding=\"async\" class=\" wp-image-1966 alignright\" alt=\"Alytaus diksilendui 10 met\u0173\" src=\"http:\/\/sventejums.lt\/svente_jums\/wp-content\/uploads\/2014\/11\/Alytaus-diksilendui-10-met\u0173.jpg\" width=\"289\" height=\"409\" srcset=\"https:\/\/sventejums.lt\/svente_jums\/wp-content\/uploads\/2014\/11\/Alytaus-diksilendui-10-met\u0173.jpg 481w, https:\/\/sventejums.lt\/svente_jums\/wp-content\/uploads\/2014\/11\/Alytaus-diksilendui-10-met\u0173-211x300.jpg 211w\" sizes=\"(max-width: 289px) 100vw, 289px\" \/><\/a><\/h1>\n<p>&nbsp;<\/p>\n<div>\n<p>Tre\u010diadienio vakar\u0105 Alytaus miesto teatre vyko jubiliejinis Alytaus diksilendo koncertas. Pasiklausyti per de\u0161imtmet\u012f daugiau nei 200 koncert\u0173 Lietuvoje ir u\u017esienyje surengusio Alytaus diksilendo koncerto susirinko pilna Alytaus teatro sal\u0117.<\/p>\n<p>Gra\u017eios 10 met\u0173 sukakties proga populiari\u0105j\u0105, pramogin\u0119 ir d\u017eiazo muzik\u0105 grojant\u012f kolektyv\u0105 sveikino Alytaus miesto savivaldyb\u0117s meras Jurgis Krasnickas ir mero pavaduotoja Nijol\u0117 Mak\u0161tutien\u0117. \u201eSveikinu su kukliu jubiliejumi. Linkiu jums koncertuoti dar ilgus metus. Lai j\u016bs\u0173 atliekam\u0105 muzik\u0105 pamilsta ne tik Europos, bet ir viso pasaulio muzikos m\u0117g\u0117jai&#8221;, \u2013 sveikindamas Alytaus diksilend\u0105 link\u0117jo Alytaus miesto savivaldyb\u0117s meras J. Krasnickas.<\/p>\n<p>Miesto vadovas 10-ties met\u0173 k\u016brybin\u0117s veiklos proga u\u017e kolektyvo \u012fk\u016brim\u0105, aktyvi\u0105 k\u016brybin\u0119 veikl\u0105, s\u0117kming\u0105 vadovavim\u0105 ir d\u017eiazin\u0117s muzikos populiarinim\u0105 pad\u0117kos ra\u0161t\u0105 \u012fteik\u0117 Alytaus diksilendo vadovui Dainiui Plat\u016bkiui. Alytaus miesto savivaldyb\u0117s mero J. Krasnicko pad\u0117kos ra\u0161tai \u00a0u\u017e nuo\u0161ird\u0173 ir profesional\u0173 d\u017eiazin\u0117s muzikos puosel\u0117jim\u0105 \u012fteikti kolektyvo nariams Viliui Asadauskui, Dariui Su\u0161inskui, Algiui Straigiui, Dianai Klemkaitei, Augustinui \u0160eduikiui, Jovitai Vaicekauskaitei, Dainiui Juozapavi\u010diui, Julijai Plat\u016bkytei, Dainiui Paviloniui, Sauliui Bu\u010dinskui ir Svaj\u016bnui Plat\u016bkiui.<\/p>\n<p>Gra\u017eios sukakties proga Alytaus diksilendo pasveikinti atvyko ir susirinkusiems koncertavo Egidijus Sipavi\u010dius, Asta Pilypait\u0117, Kauno diksilendas \u201eDixxband&#8221;. Scenoje \u0161oko \u0161oki\u0173 studij\u0173 \u201eAlemana&#8221; ir\u00a0 \u201eAlytaus miestel\u0117nai&#8221; \u0161ok\u0117jai.<\/p>\n<p>Vie\u0161\u0173j\u0173 ry\u0161i\u0173 skyriaus informacija.\u00a0http:\/\/www.alytus.lt\/<\/p>\n\n\t\t<style type=\"text\/css\">\n\t\t\t#gallery-1 {\n\t\t\t\tmargin: auto;\n\t\t\t}\n\t\t\t#gallery-1 .gallery-item {\n\t\t\t\tfloat: left;\n\t\t\t\tmargin-top: 10px;\n\t\t\t\ttext-align: center;\n\t\t\t\twidth: 33%;\n\t\t\t}\n\t\t\t#gallery-1 img {\n\t\t\t\tborder: 2px solid #cfcfcf;\n\t\t\t}\n\t\t\t#gallery-1 .gallery-caption {\n\t\t\t\tmargin-left: 0;\n\t\t\t}\n\t\t\t\/* see gallery_shortcode() in wp-includes\/media.php *\/\n\t\t<\/style>\n\t\t<div id='gallery-1' class='gallery galleryid-1940 gallery-columns-3 gallery-size-thumbnail'><dl class='gallery-item'>\n\t\t\t<dt class='gallery-icon landscape'>\n\t\t\t\t<a href='https:\/\/sventejums.lt\/svente_jums\/wp-content\/uploads\/2014\/11\/Alytaus-diksilendui-6.jpg' rel=\"lightbox[1940]\"><img loading=\"lazy\" decoding=\"async\" width=\"150\" height=\"150\" src=\"https:\/\/sventejums.lt\/svente_jums\/wp-content\/uploads\/2014\/11\/Alytaus-diksilendui-6-150x150.jpg\" class=\"attachment-thumbnail size-thumbnail\" alt=\"\" \/><\/a>\n\t\t\t<\/dt><\/dl><dl class='gallery-item'>\n\t\t\t<dt class='gallery-icon landscape'>\n\t\t\t\t<a href='https:\/\/sventejums.lt\/svente_jums\/wp-content\/uploads\/2014\/11\/Alytaus-diksilendui-1.jpg' rel=\"lightbox[1940]\"><img loading=\"lazy\" decoding=\"async\" width=\"150\" height=\"150\" src=\"https:\/\/sventejums.lt\/svente_jums\/wp-content\/uploads\/2014\/11\/Alytaus-diksilendui-1-150x150.jpg\" class=\"attachment-thumbnail size-thumbnail\" alt=\"\" \/><\/a>\n\t\t\t<\/dt><\/dl><dl class='gallery-item'>\n\t\t\t<dt class='gallery-icon landscape'>\n\t\t\t\t<a href='https:\/\/sventejums.lt\/svente_jums\/wp-content\/uploads\/2014\/11\/Alytaus-diksilendui-2.jpg' rel=\"lightbox[1940]\"><img loading=\"lazy\" decoding=\"async\" width=\"150\" height=\"150\" src=\"https:\/\/sventejums.lt\/svente_jums\/wp-content\/uploads\/2014\/11\/Alytaus-diksilendui-2-150x150.jpg\" class=\"attachment-thumbnail size-thumbnail\" alt=\"\" \/><\/a>\n\t\t\t<\/dt><\/dl><br style=\"clear: both\" \/><dl class='gallery-item'>\n\t\t\t<dt class='gallery-icon landscape'>\n\t\t\t\t<a href='https:\/\/sventejums.lt\/svente_jums\/wp-content\/uploads\/2014\/11\/Alytaus-diksilendui-3.jpg' rel=\"lightbox[1940]\"><img loading=\"lazy\" decoding=\"async\" width=\"150\" height=\"150\" src=\"https:\/\/sventejums.lt\/svente_jums\/wp-content\/uploads\/2014\/11\/Alytaus-diksilendui-3-150x150.jpg\" class=\"attachment-thumbnail size-thumbnail\" alt=\"\" \/><\/a>\n\t\t\t<\/dt><\/dl><dl class='gallery-item'>\n\t\t\t<dt class='gallery-icon landscape'>\n\t\t\t\t<a href='https:\/\/sventejums.lt\/svente_jums\/wp-content\/uploads\/2014\/11\/Alytaus-diksilendui-4.jpg' rel=\"lightbox[1940]\"><img loading=\"lazy\" decoding=\"async\" width=\"150\" height=\"150\" src=\"https:\/\/sventejums.lt\/svente_jums\/wp-content\/uploads\/2014\/11\/Alytaus-diksilendui-4-150x150.jpg\" class=\"attachment-thumbnail size-thumbnail\" alt=\"\" \/><\/a>\n\t\t\t<\/dt><\/dl><dl class='gallery-item'>\n\t\t\t<dt class='gallery-icon landscape'>\n\t\t\t\t<a href='https:\/\/sventejums.lt\/svente_jums\/wp-content\/uploads\/2014\/11\/Alytaus-diksilendui-5.jpg' rel=\"lightbox[1940]\"><img loading=\"lazy\" decoding=\"async\" width=\"150\" height=\"150\" src=\"https:\/\/sventejums.lt\/svente_jums\/wp-content\/uploads\/2014\/11\/Alytaus-diksilendui-5-150x150.jpg\" class=\"attachment-thumbnail size-thumbnail\" alt=\"\" \/><\/a>\n\t\t\t<\/dt><\/dl><br style=\"clear: both\" \/><dl class='gallery-item'>\n\t\t\t<dt class='gallery-icon landscape'>\n\t\t\t\t<a href='https:\/\/sventejums.lt\/svente_jums\/wp-content\/uploads\/2014\/11\/Alytaus-diksilendui-7.jpg' rel=\"lightbox[1940]\"><img loading=\"lazy\" decoding=\"async\" width=\"150\" height=\"150\" src=\"https:\/\/sventejums.lt\/svente_jums\/wp-content\/uploads\/2014\/11\/Alytaus-diksilendui-7-150x150.jpg\" class=\"attachment-thumbnail size-thumbnail\" alt=\"\" \/><\/a>\n\t\t\t<\/dt><\/dl><dl class='gallery-item'>\n\t\t\t<dt class='gallery-icon landscape'>\n\t\t\t\t<a href='https:\/\/sventejums.lt\/svente_jums\/wp-content\/uploads\/2014\/11\/Alytaus-diksilendui-8.jpg' rel=\"lightbox[1940]\"><img loading=\"lazy\" decoding=\"async\" width=\"150\" height=\"150\" src=\"https:\/\/sventejums.lt\/svente_jums\/wp-content\/uploads\/2014\/11\/Alytaus-diksilendui-8-150x150.jpg\" class=\"attachment-thumbnail size-thumbnail\" alt=\"\" \/><\/a>\n\t\t\t<\/dt><\/dl>\n\t\t\t<br style='clear: both' \/>\n\t\t<\/div>\n\n<\/div>\n","protected":false},"excerpt":{"rendered":"<p>Alytaus diksilendui \u2013 10 &nbsp; Tre\u010diadienio vakar\u0105 Alytaus miesto teatre vyko jubiliejinis Alytaus diksilendo koncertas. Pasiklausyti per de\u0161imtmet\u012f daugiau nei 200 koncert\u0173 Lietuvoje ir u\u017esienyje surengusio Alytaus diksilendo koncerto susirinko pilna Alytaus teatro sal\u0117. Gra\u017eios 10 met\u0173 sukakties proga populiari\u0105j\u0105, pramogin\u0119 ir d\u017eiazo muzik\u0105 grojant\u012f kolektyv\u0105 sveikino Alytaus miesto savivaldyb\u0117s meras Jurgis Krasnickas ir mero [&hellip;]<\/p>\n","protected":false},"author":2,"featured_media":0,"parent":0,"menu_order":10,"comment_status":"open","ping_status":"open","template":"","meta":{"footnotes":""},"aioseo_notices":[],"_links":{"self":[{"href":"https:\/\/sventejums.lt\/svente_jums\/wp-json\/wp\/v2\/pages\/1940"}],"collection":[{"href":"https:\/\/sventejums.lt\/svente_jums\/wp-json\/wp\/v2\/pages"}],"about":[{"href":"https:\/\/sventejums.lt\/svente_jums\/wp-json\/wp\/v2\/types\/page"}],"author":[{"embeddable":true,"href":"https:\/\/sventejums.lt\/svente_jums\/wp-json\/wp\/v2\/users\/2"}],"replies":[{"embeddable":true,"href":"https:\/\/sventejums.lt\/svente_jums\/wp-json\/wp\/v2\/comments?post=1940"}],"version-history":[{"count":12,"href":"https:\/\/sventejums.lt\/svente_jums\/wp-json\/wp\/v2\/pages\/1940\/revisions"}],"predecessor-version":[{"id":2073,"href":"https:\/\/sventejums.lt\/svente_jums\/wp-json\/wp\/v2\/pages\/1940\/revisions\/2073"}],"wp:attachment":[{"href":"https:\/\/sventejums.lt\/svente_jums\/wp-json\/wp\/v2\/media?parent=1940"}],"curies":[{"name":"wp","href":"https:\/\/api.w.org\/{rel}","templated":true}]}}