{"id":1907,"date":"2014-11-30T13:39:45","date_gmt":"2014-11-30T13:39:45","guid":{"rendered":"http:\/\/sventejums.lt\/svente_jums\/?page_id=1907"},"modified":"2015-02-03T13:14:38","modified_gmt":"2015-02-03T13:14:38","slug":"net-15-oje-lietuvos-miestu-buvo-marginami-spalvingi-ir-skanus-meduoliai","status":"publish","type":"page","link":"https:\/\/sventejums.lt\/svente_jums\/net-15-oje-lietuvos-miestu-buvo-marginami-spalvingi-ir-skanus-meduoliai\/","title":{"rendered":"Net 15-oje Lietuvos miest\u0173 buvo marginami spalvingi ir skan\u016bs meduoliai."},"content":{"rendered":"<div>\n<h3 id=\"sites-page-title-header\" align=\"left\">Spalvoto Meduolio diena 2014<\/h3>\n<p>&nbsp;<\/p>\n<\/div>\n<div>\u0160iandien net 15-oje Lietuvos miest\u0173 buvo marginami spalvingi ir skan\u016bs meduoliai. Prie gra\u017eios akcijos prisijung\u0117 trys Druskinink\u0173 \u012fstaigos, kurios prikep\u0117 \u0161imtus meduoli\u0173, vaikai bei akcijos dalyviai juos i\u0161margino, o prie\u0161 did\u017ei\u0105sias met\u0173 \u0161ventes jais d\u017eiaugsis Alytaus vaik\u0173 globos nam\u0173 vaiku\u010diai. Fotografuota &#8222;Druskinink\u0173 kolonadoje&#8221;.<\/div>\n<div>\n\n\t\t<style type=\"text\/css\">\n\t\t\t#gallery-1 {\n\t\t\t\tmargin: auto;\n\t\t\t}\n\t\t\t#gallery-1 .gallery-item {\n\t\t\t\tfloat: left;\n\t\t\t\tmargin-top: 10px;\n\t\t\t\ttext-align: center;\n\t\t\t\twidth: 33%;\n\t\t\t}\n\t\t\t#gallery-1 img {\n\t\t\t\tborder: 2px solid #cfcfcf;\n\t\t\t}\n\t\t\t#gallery-1 .gallery-caption {\n\t\t\t\tmargin-left: 0;\n\t\t\t}\n\t\t\t\/* see gallery_shortcode() in wp-includes\/media.php *\/\n\t\t<\/style>\n\t\t<div id='gallery-1' class='gallery galleryid-1907 gallery-columns-3 gallery-size-thumbnail'><dl class='gallery-item'>\n\t\t\t<dt class='gallery-icon landscape'>\n\t\t\t\t<a href='https:\/\/sventejums.lt\/svente_jums\/wp-content\/uploads\/2014\/11\/Meduolio-diena-2014-19.jpg' rel=\"lightbox[1907]\"><img loading=\"lazy\" decoding=\"async\" width=\"150\" height=\"150\" src=\"https:\/\/sventejums.lt\/svente_jums\/wp-content\/uploads\/2014\/11\/Meduolio-diena-2014-19-150x150.jpg\" class=\"attachment-thumbnail size-thumbnail\" alt=\"\" \/><\/a>\n\t\t\t<\/dt><\/dl><dl class='gallery-item'>\n\t\t\t<dt class='gallery-icon portrait'>\n\t\t\t\t<a href='https:\/\/sventejums.lt\/svente_jums\/wp-content\/uploads\/2014\/11\/Meduolio-diena-2014-3.jpg' rel=\"lightbox[1907]\"><img loading=\"lazy\" decoding=\"async\" width=\"150\" height=\"150\" src=\"https:\/\/sventejums.lt\/svente_jums\/wp-content\/uploads\/2014\/11\/Meduolio-diena-2014-3-150x150.jpg\" class=\"attachment-thumbnail size-thumbnail\" alt=\"\" \/><\/a>\n\t\t\t<\/dt><\/dl><dl class='gallery-item'>\n\t\t\t<dt class='gallery-icon landscape'>\n\t\t\t\t<a href='https:\/\/sventejums.lt\/svente_jums\/wp-content\/uploads\/2014\/11\/Meduolio-diena-2014-14.jpg' rel=\"lightbox[1907]\"><img loading=\"lazy\" decoding=\"async\" width=\"150\" height=\"150\" src=\"https:\/\/sventejums.lt\/svente_jums\/wp-content\/uploads\/2014\/11\/Meduolio-diena-2014-14-150x150.jpg\" class=\"attachment-thumbnail size-thumbnail\" alt=\"\" \/><\/a>\n\t\t\t<\/dt><\/dl><br style=\"clear: both\" \/><dl class='gallery-item'>\n\t\t\t<dt class='gallery-icon portrait'>\n\t\t\t\t<a href='https:\/\/sventejums.lt\/svente_jums\/wp-content\/uploads\/2014\/11\/Meduolio-diena-2014-12.jpg' rel=\"lightbox[1907]\"><img loading=\"lazy\" decoding=\"async\" width=\"150\" height=\"150\" src=\"https:\/\/sventejums.lt\/svente_jums\/wp-content\/uploads\/2014\/11\/Meduolio-diena-2014-12-150x150.jpg\" class=\"attachment-thumbnail size-thumbnail\" alt=\"\" \/><\/a>\n\t\t\t<\/dt><\/dl><dl class='gallery-item'>\n\t\t\t<dt class='gallery-icon landscape'>\n\t\t\t\t<a href='https:\/\/sventejums.lt\/svente_jums\/wp-content\/uploads\/2014\/11\/Meduolio-diena-2014-1.jpg-2.jpg' rel=\"lightbox[1907]\"><img loading=\"lazy\" decoding=\"async\" width=\"150\" height=\"150\" src=\"https:\/\/sventejums.lt\/svente_jums\/wp-content\/uploads\/2014\/11\/Meduolio-diena-2014-1.jpg-2-150x150.jpg\" class=\"attachment-thumbnail size-thumbnail\" alt=\"\" \/><\/a>\n\t\t\t<\/dt><\/dl><dl class='gallery-item'>\n\t\t\t<dt class='gallery-icon portrait'>\n\t\t\t\t<a href='https:\/\/sventejums.lt\/svente_jums\/wp-content\/uploads\/2014\/11\/Meduolio-diena-2014-17.jpg' rel=\"lightbox[1907]\"><img loading=\"lazy\" decoding=\"async\" width=\"150\" height=\"150\" src=\"https:\/\/sventejums.lt\/svente_jums\/wp-content\/uploads\/2014\/11\/Meduolio-diena-2014-17-150x150.jpg\" class=\"attachment-thumbnail size-thumbnail\" alt=\"\" \/><\/a>\n\t\t\t<\/dt><\/dl><br style=\"clear: both\" \/><dl class='gallery-item'>\n\t\t\t<dt class='gallery-icon portrait'>\n\t\t\t\t<a href='https:\/\/sventejums.lt\/svente_jums\/wp-content\/uploads\/2014\/11\/Meduolio-diena-2014-9.jpg' rel=\"lightbox[1907]\"><img loading=\"lazy\" decoding=\"async\" width=\"150\" height=\"150\" src=\"https:\/\/sventejums.lt\/svente_jums\/wp-content\/uploads\/2014\/11\/Meduolio-diena-2014-9-150x150.jpg\" class=\"attachment-thumbnail size-thumbnail\" alt=\"\" \/><\/a>\n\t\t\t<\/dt><\/dl><dl class='gallery-item'>\n\t\t\t<dt class='gallery-icon landscape'>\n\t\t\t\t<a href='https:\/\/sventejums.lt\/svente_jums\/wp-content\/uploads\/2014\/11\/Meduolio-diena-2014-5.jpg' rel=\"lightbox[1907]\"><img loading=\"lazy\" decoding=\"async\" width=\"150\" height=\"150\" src=\"https:\/\/sventejums.lt\/svente_jums\/wp-content\/uploads\/2014\/11\/Meduolio-diena-2014-5-150x150.jpg\" class=\"attachment-thumbnail size-thumbnail\" alt=\"\" \/><\/a>\n\t\t\t<\/dt><\/dl><dl class='gallery-item'>\n\t\t\t<dt class='gallery-icon landscape'>\n\t\t\t\t<a href='https:\/\/sventejums.lt\/svente_jums\/wp-content\/uploads\/2014\/11\/Meduolio-diena-2014-6.jpg' rel=\"lightbox[1907]\"><img loading=\"lazy\" decoding=\"async\" width=\"150\" height=\"150\" src=\"https:\/\/sventejums.lt\/svente_jums\/wp-content\/uploads\/2014\/11\/Meduolio-diena-2014-6-150x150.jpg\" class=\"attachment-thumbnail size-thumbnail\" alt=\"\" \/><\/a>\n\t\t\t<\/dt><\/dl><br style=\"clear: both\" \/><dl class='gallery-item'>\n\t\t\t<dt class='gallery-icon landscape'>\n\t\t\t\t<a href='https:\/\/sventejums.lt\/svente_jums\/wp-content\/uploads\/2014\/11\/Meduolio-diena-2014-8.jpg' rel=\"lightbox[1907]\"><img loading=\"lazy\" decoding=\"async\" width=\"150\" height=\"150\" src=\"https:\/\/sventejums.lt\/svente_jums\/wp-content\/uploads\/2014\/11\/Meduolio-diena-2014-8-150x150.jpg\" class=\"attachment-thumbnail size-thumbnail\" alt=\"\" \/><\/a>\n\t\t\t<\/dt><\/dl><dl class='gallery-item'>\n\t\t\t<dt class='gallery-icon portrait'>\n\t\t\t\t<a href='https:\/\/sventejums.lt\/svente_jums\/wp-content\/uploads\/2014\/11\/Meduolio-diena-2014-1.jpg' rel=\"lightbox[1907]\"><img loading=\"lazy\" decoding=\"async\" width=\"150\" height=\"150\" src=\"https:\/\/sventejums.lt\/svente_jums\/wp-content\/uploads\/2014\/11\/Meduolio-diena-2014-1-150x150.jpg\" class=\"attachment-thumbnail size-thumbnail\" alt=\"\" \/><\/a>\n\t\t\t<\/dt><\/dl><dl class='gallery-item'>\n\t\t\t<dt class='gallery-icon portrait'>\n\t\t\t\t<a href='https:\/\/sventejums.lt\/svente_jums\/wp-content\/uploads\/2014\/11\/Meduolio-diena-2014-15.jpg' rel=\"lightbox[1907]\"><img loading=\"lazy\" decoding=\"async\" width=\"150\" height=\"150\" src=\"https:\/\/sventejums.lt\/svente_jums\/wp-content\/uploads\/2014\/11\/Meduolio-diena-2014-15-150x150.jpg\" class=\"attachment-thumbnail size-thumbnail\" alt=\"\" \/><\/a>\n\t\t\t<\/dt><\/dl><br style=\"clear: both\" \/><dl class='gallery-item'>\n\t\t\t<dt class='gallery-icon landscape'>\n\t\t\t\t<a href='https:\/\/sventejums.lt\/svente_jums\/wp-content\/uploads\/2014\/11\/Meduolio-diena-2014-4.jpg' rel=\"lightbox[1907]\"><img loading=\"lazy\" decoding=\"async\" width=\"150\" height=\"150\" src=\"https:\/\/sventejums.lt\/svente_jums\/wp-content\/uploads\/2014\/11\/Meduolio-diena-2014-4-150x150.jpg\" class=\"attachment-thumbnail size-thumbnail\" alt=\"\" \/><\/a>\n\t\t\t<\/dt><\/dl><dl class='gallery-item'>\n\t\t\t<dt class='gallery-icon landscape'>\n\t\t\t\t<a href='https:\/\/sventejums.lt\/svente_jums\/wp-content\/uploads\/2014\/11\/Meduolio-diena-2014-10.jpg' rel=\"lightbox[1907]\"><img loading=\"lazy\" decoding=\"async\" width=\"150\" height=\"150\" src=\"https:\/\/sventejums.lt\/svente_jums\/wp-content\/uploads\/2014\/11\/Meduolio-diena-2014-10-150x150.jpg\" class=\"attachment-thumbnail size-thumbnail\" alt=\"\" \/><\/a>\n\t\t\t<\/dt><\/dl><dl class='gallery-item'>\n\t\t\t<dt class='gallery-icon landscape'>\n\t\t\t\t<a href='https:\/\/sventejums.lt\/svente_jums\/wp-content\/uploads\/2014\/11\/Meduolio-diena-2014-20.jpg' rel=\"lightbox[1907]\"><img loading=\"lazy\" decoding=\"async\" width=\"150\" height=\"150\" src=\"https:\/\/sventejums.lt\/svente_jums\/wp-content\/uploads\/2014\/11\/Meduolio-diena-2014-20-150x150.jpg\" class=\"attachment-thumbnail size-thumbnail\" alt=\"\" \/><\/a>\n\t\t\t<\/dt><\/dl><br style=\"clear: both\" \/><dl class='gallery-item'>\n\t\t\t<dt class='gallery-icon portrait'>\n\t\t\t\t<a href='https:\/\/sventejums.lt\/svente_jums\/wp-content\/uploads\/2014\/11\/Meduolio-diena-2014-13.jpg' rel=\"lightbox[1907]\"><img loading=\"lazy\" decoding=\"async\" width=\"150\" height=\"150\" src=\"https:\/\/sventejums.lt\/svente_jums\/wp-content\/uploads\/2014\/11\/Meduolio-diena-2014-13-150x150.jpg\" class=\"attachment-thumbnail size-thumbnail\" alt=\"\" \/><\/a>\n\t\t\t<\/dt><\/dl><dl class='gallery-item'>\n\t\t\t<dt class='gallery-icon landscape'>\n\t\t\t\t<a href='https:\/\/sventejums.lt\/svente_jums\/wp-content\/uploads\/2014\/11\/Meduolio-diena-2014-18.jpg' rel=\"lightbox[1907]\"><img loading=\"lazy\" decoding=\"async\" width=\"150\" height=\"150\" src=\"https:\/\/sventejums.lt\/svente_jums\/wp-content\/uploads\/2014\/11\/Meduolio-diena-2014-18-150x150.jpg\" class=\"attachment-thumbnail size-thumbnail\" alt=\"\" \/><\/a>\n\t\t\t<\/dt><\/dl><dl class='gallery-item'>\n\t\t\t<dt class='gallery-icon landscape'>\n\t\t\t\t<a href='https:\/\/sventejums.lt\/svente_jums\/wp-content\/uploads\/2014\/11\/Meduolio-diena-2014-11.jpg' rel=\"lightbox[1907]\"><img loading=\"lazy\" decoding=\"async\" width=\"150\" height=\"150\" src=\"https:\/\/sventejums.lt\/svente_jums\/wp-content\/uploads\/2014\/11\/Meduolio-diena-2014-11-150x150.jpg\" class=\"attachment-thumbnail size-thumbnail\" alt=\"\" \/><\/a>\n\t\t\t<\/dt><\/dl><br style=\"clear: both\" \/><dl class='gallery-item'>\n\t\t\t<dt class='gallery-icon landscape'>\n\t\t\t\t<a href='https:\/\/sventejums.lt\/svente_jums\/wp-content\/uploads\/2014\/11\/Meduolio-diena-2014-7.jpg' rel=\"lightbox[1907]\"><img loading=\"lazy\" decoding=\"async\" width=\"150\" height=\"150\" src=\"https:\/\/sventejums.lt\/svente_jums\/wp-content\/uploads\/2014\/11\/Meduolio-diena-2014-7-150x150.jpg\" class=\"attachment-thumbnail size-thumbnail\" alt=\"\" \/><\/a>\n\t\t\t<\/dt><\/dl><dl class='gallery-item'>\n\t\t\t<dt class='gallery-icon portrait'>\n\t\t\t\t<a href='https:\/\/sventejums.lt\/svente_jums\/wp-content\/uploads\/2014\/11\/Meduolio-diena-2014-16.jpg' rel=\"lightbox[1907]\"><img loading=\"lazy\" decoding=\"async\" width=\"150\" height=\"150\" src=\"https:\/\/sventejums.lt\/svente_jums\/wp-content\/uploads\/2014\/11\/Meduolio-diena-2014-16-150x150.jpg\" class=\"attachment-thumbnail size-thumbnail\" alt=\"\" \/><\/a>\n\t\t\t<\/dt><\/dl><dl class='gallery-item'>\n\t\t\t<dt class='gallery-icon portrait'>\n\t\t\t\t<a href='https:\/\/sventejums.lt\/svente_jums\/wp-content\/uploads\/2014\/11\/Meduolio-diena-2014-21.jpg' rel=\"lightbox[1907]\"><img loading=\"lazy\" decoding=\"async\" width=\"150\" height=\"150\" src=\"https:\/\/sventejums.lt\/svente_jums\/wp-content\/uploads\/2014\/11\/Meduolio-diena-2014-21-150x150.jpg\" class=\"attachment-thumbnail size-thumbnail\" alt=\"\" \/><\/a>\n\t\t\t<\/dt><\/dl><br style=\"clear: both\" \/>\n\t\t<\/div>\n\n<\/div>\n<div style=\"text-align: right;\">\u0160altinis: <a href=\"https:\/\/www.facebook.com\/media\/set\/?set=a.838806172836839.1073742092.312076108843184&amp;type=1\" target=\"_blank\">Mano Druskininkai<\/a><\/div>\n<div style=\"text-align: left;\"><a href=\"http:\/\/sventejums.lt\/svente_jums\/wp-content\/uploads\/2014\/11\/Spalvoto-Meduolio-Dienos-2014-plakatas-Piet\u0173-Lietuvai_Druskininkai_Alytus_Marijampole.jpg\" rel=\"lightbox[1907]\"><img loading=\"lazy\" decoding=\"async\" class=\"alignnone  wp-image-1902\" alt=\"Spalvoto Meduolio Dienos 2014 plakatas Piet\u0173 Lietuvai_Druskininkai_Alytus_Marijampole\" src=\"http:\/\/sventejums.lt\/svente_jums\/wp-content\/uploads\/2014\/11\/Spalvoto-Meduolio-Dienos-2014-plakatas-Piet\u0173-Lietuvai_Druskininkai_Alytus_Marijampole.jpg\" width=\"495\" height=\"700\" srcset=\"https:\/\/sventejums.lt\/svente_jums\/wp-content\/uploads\/2014\/11\/Spalvoto-Meduolio-Dienos-2014-plakatas-Piet\u0173-Lietuvai_Druskininkai_Alytus_Marijampole.jpg 707w, https:\/\/sventejums.lt\/svente_jums\/wp-content\/uploads\/2014\/11\/Spalvoto-Meduolio-Dienos-2014-plakatas-Piet\u0173-Lietuvai_Druskininkai_Alytus_Marijampole-212x300.jpg 212w\" sizes=\"(max-width: 495px) 100vw, 495px\" \/><\/a><\/div>\n","protected":false},"excerpt":{"rendered":"<p>Spalvoto Meduolio diena 2014 &nbsp; \u0160iandien net 15-oje Lietuvos miest\u0173 buvo marginami spalvingi ir skan\u016bs meduoliai. Prie gra\u017eios akcijos prisijung\u0117 trys Druskinink\u0173 \u012fstaigos, kurios prikep\u0117 \u0161imtus meduoli\u0173, vaikai bei akcijos dalyviai juos i\u0161margino, o prie\u0161 did\u017ei\u0105sias met\u0173 \u0161ventes jais d\u017eiaugsis Alytaus vaik\u0173 globos nam\u0173 vaiku\u010diai. Fotografuota &#8222;Druskinink\u0173 kolonadoje&#8221;. \u0160altinis: Mano Druskininkai<\/p>\n","protected":false},"author":2,"featured_media":0,"parent":0,"menu_order":3,"comment_status":"open","ping_status":"open","template":"","meta":{"footnotes":""},"aioseo_notices":[],"_links":{"self":[{"href":"https:\/\/sventejums.lt\/svente_jums\/wp-json\/wp\/v2\/pages\/1907"}],"collection":[{"href":"https:\/\/sventejums.lt\/svente_jums\/wp-json\/wp\/v2\/pages"}],"about":[{"href":"https:\/\/sventejums.lt\/svente_jums\/wp-json\/wp\/v2\/types\/page"}],"author":[{"embeddable":true,"href":"https:\/\/sventejums.lt\/svente_jums\/wp-json\/wp\/v2\/users\/2"}],"replies":[{"embeddable":true,"href":"https:\/\/sventejums.lt\/svente_jums\/wp-json\/wp\/v2\/comments?post=1907"}],"version-history":[{"count":13,"href":"https:\/\/sventejums.lt\/svente_jums\/wp-json\/wp\/v2\/pages\/1907\/revisions"}],"predecessor-version":[{"id":1930,"href":"https:\/\/sventejums.lt\/svente_jums\/wp-json\/wp\/v2\/pages\/1907\/revisions\/1930"}],"wp:attachment":[{"href":"https:\/\/sventejums.lt\/svente_jums\/wp-json\/wp\/v2\/media?parent=1907"}],"curies":[{"name":"wp","href":"https:\/\/api.w.org\/{rel}","templated":true}]}}