{"id":1862,"date":"2014-11-13T20:01:16","date_gmt":"2014-11-13T20:01:16","guid":{"rendered":"http:\/\/sventejums.lt\/svente_jums\/?page_id=1862"},"modified":"2015-02-03T13:15:01","modified_gmt":"2015-02-03T13:15:01","slug":"2014-m-festivalio-tegyvuoja-komedija-programa","status":"publish","type":"page","link":"https:\/\/sventejums.lt\/svente_jums\/2014-m-festivalio-tegyvuoja-komedija-programa\/","title":{"rendered":"TEGYVUOJA KOMEDIJA! 2014 m. festivalio programa"},"content":{"rendered":"<div id=\"attachment_1860\" style=\"width: 504px\" class=\"wp-caption alignnone\"><a href=\"http:\/\/sventejums.lt\/svente_jums\/wp-content\/uploads\/2013\/08\/Tegyvuoja-komedija-014.jpg\" target=\"_blank\" rel=\"lightbox[1862]\"><img loading=\"lazy\" decoding=\"async\" aria-describedby=\"caption-attachment-1860\" class=\" wp-image-1860  \" alt=\"2014 m. festivalio TEGYVUOJA KOMEDIJA! programa\" src=\"http:\/\/sventejums.lt\/svente_jums\/wp-content\/uploads\/2013\/08\/Tegyvuoja-komedija-014.jpg\" width=\"494\" height=\"700\" srcset=\"https:\/\/sventejums.lt\/svente_jums\/wp-content\/uploads\/2013\/08\/Tegyvuoja-komedija-014.jpg 706w, https:\/\/sventejums.lt\/svente_jums\/wp-content\/uploads\/2013\/08\/Tegyvuoja-komedija-014-211x300.jpg 211w\" sizes=\"(max-width: 494px) 100vw, 494px\" \/><\/a><p id=\"caption-attachment-1860\" class=\"wp-caption-text\">2014 m. festivalio TEGYVUOJA KOMEDIJA! programa<\/p><\/div>\n<h1>\u201eTegyvuoja komedija\u201c r\u0117m\u0117jai<\/h1>\n<div>\n<p><del><a href=\"http:\/\/www.alytausteatras.lt\/wp-content\/uploads\/2014\/09\/Strateginiai-remejai.jpg\" data-slb-group=\"2808\" data-slb-active=\"1\" data-slb-internal=\"0\" rel=\"lightbox[1862]\"><img loading=\"lazy\" decoding=\"async\" alt=\"Strateginiai remejai\" src=\"http:\/\/www.alytausteatras.lt\/wp-content\/uploads\/2014\/09\/Strateginiai-remejai-354x550.jpg\" width=\"154\" height=\"239\" \/><\/a><\/del><a href=\"http:\/\/www.alytausteatras.lt\/wp-content\/uploads\/2014\/09\/Pagrindiai-remejai.jpg\" data-slb-group=\"2808\" data-slb-active=\"1\" data-slb-internal=\"0\" rel=\"lightbox[1862]\"><img loading=\"lazy\" decoding=\"async\" alt=\"Pagrindiai remejai\" src=\"http:\/\/www.alytausteatras.lt\/wp-content\/uploads\/2014\/09\/Pagrindiai-remejai-545x550.jpg\" width=\"211\" height=\"213\" \/><\/a><\/p>\n<p><a href=\"http:\/\/www.alytausteatras.lt\/wp-content\/uploads\/2014\/09\/Remejai-partneriai1.jpg\" data-slb-group=\"2808\" data-slb-active=\"1\" data-slb-internal=\"0\" rel=\"lightbox[1862]\"><img loading=\"lazy\" decoding=\"async\" alt=\"Remejai, partneriai\" src=\"http:\/\/www.alytausteatras.lt\/wp-content\/uploads\/2014\/09\/Remejai-partneriai1-550x253.jpg\" width=\"550\" height=\"253\" \/><\/a><\/p>\n<p><a href=\"http:\/\/www.alytausteatras.lt\/wp-content\/uploads\/2014\/09\/Aciu.jpg\" data-slb-group=\"2808\" data-slb-active=\"1\" data-slb-internal=\"0\" rel=\"lightbox[1862]\"><img loading=\"lazy\" decoding=\"async\" alt=\"Aciu\" src=\"http:\/\/www.alytausteatras.lt\/wp-content\/uploads\/2014\/09\/Aciu-534x550.jpg\" width=\"362\" height=\"373\" \/><\/a><\/p>\n<p><a href=\"http:\/\/www.alytausteatras.lt\/wp-content\/uploads\/2014\/09\/Sklaida_.jpg\" data-slb-group=\"2808\" data-slb-active=\"1\" data-slb-internal=\"0\" rel=\"lightbox[1862]\"><img loading=\"lazy\" decoding=\"async\" alt=\"Sklaida_\" src=\"http:\/\/www.alytausteatras.lt\/wp-content\/uploads\/2014\/09\/Sklaida_-550x394.jpg\" width=\"468\" height=\"335\" \/><\/a><\/p>\n<p>&nbsp;<\/p>\n<\/div>\n<p>\u0160altinis: \u00a0<a href=\"http:\/\/www.alytausteatras.lt\/tegyvuoja-komedija\/\" target=\"_blank\">http:\/\/www.alytausteatras.lt\/tegyvuoja-komedija\/<\/a><\/p>\n","protected":false},"excerpt":{"rendered":"<p>\u201eTegyvuoja komedija\u201c r\u0117m\u0117jai &nbsp; \u0160altinis: \u00a0http:\/\/www.alytausteatras.lt\/tegyvuoja-komedija\/<\/p>\n","protected":false},"author":2,"featured_media":0,"parent":0,"menu_order":3,"comment_status":"open","ping_status":"open","template":"","meta":{"footnotes":""},"aioseo_notices":[],"_links":{"self":[{"href":"https:\/\/sventejums.lt\/svente_jums\/wp-json\/wp\/v2\/pages\/1862"}],"collection":[{"href":"https:\/\/sventejums.lt\/svente_jums\/wp-json\/wp\/v2\/pages"}],"about":[{"href":"https:\/\/sventejums.lt\/svente_jums\/wp-json\/wp\/v2\/types\/page"}],"author":[{"embeddable":true,"href":"https:\/\/sventejums.lt\/svente_jums\/wp-json\/wp\/v2\/users\/2"}],"replies":[{"embeddable":true,"href":"https:\/\/sventejums.lt\/svente_jums\/wp-json\/wp\/v2\/comments?post=1862"}],"version-history":[{"count":12,"href":"https:\/\/sventejums.lt\/svente_jums\/wp-json\/wp\/v2\/pages\/1862\/revisions"}],"predecessor-version":[{"id":1867,"href":"https:\/\/sventejums.lt\/svente_jums\/wp-json\/wp\/v2\/pages\/1862\/revisions\/1867"}],"wp:attachment":[{"href":"https:\/\/sventejums.lt\/svente_jums\/wp-json\/wp\/v2\/media?parent=1862"}],"curies":[{"name":"wp","href":"https:\/\/api.w.org\/{rel}","templated":true}]}}