{"id":1852,"date":"2014-11-13T19:48:54","date_gmt":"2014-11-13T19:48:54","guid":{"rendered":"http:\/\/sventejums.lt\/svente_jums\/?page_id=1852"},"modified":"2015-02-03T13:13:54","modified_gmt":"2015-02-03T13:13:54","slug":"spalvoto-meduolio-diena-2014","status":"publish","type":"page","link":"https:\/\/sventejums.lt\/svente_jums\/spalvoto-meduolio-diena-2014\/","title":{"rendered":"Spalvoto Meduolio diena 2014"},"content":{"rendered":"<h3 id=\"sites-page-title-header\" align=\"left\">Spalvoto Meduolio diena 2014<\/h3>\n<p style=\"text-align: right;\">\u0160altinis:\u00a0<a href=\"http:\/\/www.meduoliodiena.lt\/\" target=\"_blank\">http:\/\/www.meduoliodiena.lt\/<\/a><\/p>\n<div id=\"sites-canvas-main\">\n<div id=\"sites-canvas-main-content\">\n<table cellspacing=\"0\">\n<tbody>\n<tr>\n<td>\n<div dir=\"ltr\">\n<div><a href=\"http:\/\/sventejums.lt\/svente_jums\/wp-content\/uploads\/2014\/11\/meduoliodiena_2014.jpg\" rel=\"lightbox[1852]\"><img loading=\"lazy\" decoding=\"async\" class=\"alignnone  wp-image-1870\" alt=\"meduoliodiena_2014\" src=\"http:\/\/sventejums.lt\/svente_jums\/wp-content\/uploads\/2014\/11\/meduoliodiena_2014-300x200.jpg\" width=\"400\" height=\"266\" srcset=\"https:\/\/sventejums.lt\/svente_jums\/wp-content\/uploads\/2014\/11\/meduoliodiena_2014-300x200.jpg 300w, https:\/\/sventejums.lt\/svente_jums\/wp-content\/uploads\/2014\/11\/meduoliodiena_2014.jpg 900w\" sizes=\"(max-width: 400px) 100vw, 400px\" \/><\/a><\/div>\n<p><span style=\"font-family: 'times new roman', serif; font-size: medium;\">Per penkerius metus Lietuvos did\u017ei\u0173j\u0173 miest\u0173 \u0161eimos suk\u016br\u0117 daugiau nei dvide\u0161imt t\u016bkstan\u010di\u0173 stebukl\u0173. I\u0161moko savo rankomis padaryti \u0161ilt\u0105 miel\u0105 dovan\u0105 ir padovanoti j\u0105 i\u0161 \u0161irdies tiems, kam labiausiai tr\u016bksta, o mes j\u0173 k\u016brinius pristat\u0117me \u012f Vilniaus, Kauno, Klaip\u0117dos, Panev\u0117\u017eio, \u0160iauli\u0173, Druskinink\u0173, Utenos, K\u0117daini\u0173, Tel\u0161i\u0173, \u017dagar\u0117s, Marijampol\u0117s vaik\u0173 globos namus ir ligonines.<\/span><span style=\"font-family: 'times new roman', serif; font-size: medium;\">Dar daugiau \u2013 vaikai i\u0161 globos nam\u0173, vaik\u0173 dienos centr\u0173 ir ligonini\u0173 kartu bendravo ir k\u016br\u0117 dovanas savo artimiesiems. Renginyje apsilank\u0117 LR Prezident\u0117 Dalia Grybauskait\u0117, 8 miest\u0173 merai, vyskupas ir daug \u017einom\u0173 \u017emoni\u0173.<\/span><\/p>\n<p><span style=\"font-family: 'times new roman', serif; font-size: medium;\">Kasmet vis daugiau savanori\u0173, kepykl\u0117li\u0173 ir r\u0117m\u0117j\u0173 prisideda prie \u0161io projekto, o \u0161ypsenas kasmet kelis kartus padidina \u017einiasklaidos priemoni\u0173 d\u0117mesys projektui bei \u017eymi\u0173 \u017emoni\u0173 dalyvavimas.<\/span><\/p>\n<p><span style=\"font-family: 'times new roman', serif; font-size: medium;\">Projektas auga \u2013 \u0161iemet jis vyks 15 Lietuvos miest\u0173, o ma\u017eojo penkeri\u0173 met\u0173 jubiliejaus proga, \u0161i gra\u017ei id\u0117ja bus \u012fgyvendinta ir Londone, Majamyje ir Osle, kaip lietuvius vienijanti \u0161vent\u0117.<\/span><\/p>\n<p><span style=\"font-family: 'times new roman', serif; font-size: medium;\">A\u010di\u016b JUMS, kad su J\u016aS\u0172 pagalba galime vykdyti \u0161\u012f projekt\u0105, tampant\u012f visuotiniu jud\u0117jimu.<\/span><\/p>\n<p><span style=\"font-family: 'times new roman', serif; font-size: medium;\">Kartu su Jumis per ateinan\u010dius penkis metus sukursime visus Lietuvius vienijan\u010di\u0105 \u0161vent\u0119. Visus, norin\u010dius prisid\u0117ti, kvie\u010diame registruotis\u00a0<b><a href=\"http:\/\/goo.gl\/urVsWv\" target=\"_blank\">\u010cIA<\/a><\/b><\/span><\/p>\n<\/div>\n<\/td>\n<\/tr>\n<\/tbody>\n<\/table>\n<p style=\"text-align: right;\">\u0160altinis:\u00a0<a href=\"http:\/\/www.meduoliodiena.lt\/\" target=\"_blank\">http:\/\/www.meduoliodiena.lt\/<\/a><\/p>\n<p><a href=\"http:\/\/sventejums.lt\/svente_jums\/wp-content\/uploads\/2014\/11\/Spalvoto-Meduolio-Dienos-2014-plakatas-Piet\u0173-Lietuvai_Druskininkai_Alytus_Marijampole.jpg\" rel=\"lightbox[1852]\"><img loading=\"lazy\" decoding=\"async\" class=\"alignnone  wp-image-1902\" alt=\"Spalvoto Meduolio Dienos 2014 plakatas Piet\u0173 Lietuvai_Druskininkai_Alytus_Marijampole\" src=\"http:\/\/sventejums.lt\/svente_jums\/wp-content\/uploads\/2014\/11\/Spalvoto-Meduolio-Dienos-2014-plakatas-Piet\u0173-Lietuvai_Druskininkai_Alytus_Marijampole.jpg\" width=\"424\" height=\"600\" srcset=\"https:\/\/sventejums.lt\/svente_jums\/wp-content\/uploads\/2014\/11\/Spalvoto-Meduolio-Dienos-2014-plakatas-Piet\u0173-Lietuvai_Druskininkai_Alytus_Marijampole.jpg 707w, https:\/\/sventejums.lt\/svente_jums\/wp-content\/uploads\/2014\/11\/Spalvoto-Meduolio-Dienos-2014-plakatas-Piet\u0173-Lietuvai_Druskininkai_Alytus_Marijampole-212x300.jpg 212w\" sizes=\"(max-width: 424px) 100vw, 424px\" \/><\/a><\/p>\n<\/div>\n<\/div>\n","protected":false},"excerpt":{"rendered":"<p>Spalvoto Meduolio diena 2014 \u0160altinis:\u00a0http:\/\/www.meduoliodiena.lt\/ Per penkerius metus Lietuvos did\u017ei\u0173j\u0173 miest\u0173 \u0161eimos suk\u016br\u0117 daugiau nei dvide\u0161imt t\u016bkstan\u010di\u0173 stebukl\u0173. I\u0161moko savo rankomis padaryti \u0161ilt\u0105 miel\u0105 dovan\u0105 ir padovanoti j\u0105 i\u0161 \u0161irdies tiems, kam labiausiai tr\u016bksta, o mes j\u0173 k\u016brinius pristat\u0117me \u012f Vilniaus, Kauno, Klaip\u0117dos, Panev\u0117\u017eio, \u0160iauli\u0173, Druskinink\u0173, Utenos, K\u0117daini\u0173, Tel\u0161i\u0173, \u017dagar\u0117s, Marijampol\u0117s vaik\u0173 globos namus ir [&hellip;]<\/p>\n","protected":false},"author":2,"featured_media":0,"parent":0,"menu_order":3,"comment_status":"open","ping_status":"open","template":"","meta":{"footnotes":""},"aioseo_notices":[],"_links":{"self":[{"href":"https:\/\/sventejums.lt\/svente_jums\/wp-json\/wp\/v2\/pages\/1852"}],"collection":[{"href":"https:\/\/sventejums.lt\/svente_jums\/wp-json\/wp\/v2\/pages"}],"about":[{"href":"https:\/\/sventejums.lt\/svente_jums\/wp-json\/wp\/v2\/types\/page"}],"author":[{"embeddable":true,"href":"https:\/\/sventejums.lt\/svente_jums\/wp-json\/wp\/v2\/users\/2"}],"replies":[{"embeddable":true,"href":"https:\/\/sventejums.lt\/svente_jums\/wp-json\/wp\/v2\/comments?post=1852"}],"version-history":[{"count":9,"href":"https:\/\/sventejums.lt\/svente_jums\/wp-json\/wp\/v2\/pages\/1852\/revisions"}],"predecessor-version":[{"id":1854,"href":"https:\/\/sventejums.lt\/svente_jums\/wp-json\/wp\/v2\/pages\/1852\/revisions\/1854"}],"wp:attachment":[{"href":"https:\/\/sventejums.lt\/svente_jums\/wp-json\/wp\/v2\/media?parent=1852"}],"curies":[{"name":"wp","href":"https:\/\/api.w.org\/{rel}","templated":true}]}}