{"id":1456,"date":"2014-04-23T16:17:38","date_gmt":"2014-04-23T16:17:38","guid":{"rendered":"http:\/\/sventejums.lt\/svente_jums\/?page_id=1456"},"modified":"2014-04-23T16:45:48","modified_gmt":"2014-04-23T16:45:48","slug":"viesojo-maitinimo-imones-atitikties-higienos-reikalavimams-vertinimas","status":"publish","type":"page","link":"https:\/\/sventejums.lt\/svente_jums\/viesojo-maitinimo-imones-atitikties-higienos-reikalavimams-vertinimas\/","title":{"rendered":"Vie\u0161ojo maitinimo \u012fmon\u0117s atitikties higienos reikalavimams vertinimas"},"content":{"rendered":"<h2><b>Vie\u0161ojo maitinimo \u012fmon\u0117s atitikties higienos reikalavimams vertinimas<a href=\"http:\/\/sventejums.lt\/svente_jums\/wp-content\/uploads\/2013\/08\/Vertinimas-5-puodeliai.bmp\" rel=\"lightbox[1456]\"><img loading=\"lazy\" decoding=\"async\" class=\" wp-image-1451   alignright\" title=\"UAB \u201e\u0160vent\u0117 Jums\u201c, restoranas \u2013 muzikinis klubas DRUSKININK\u0172 KOLONADA \u012fvertintas 5 balais\" alt=\"UAB \u201e\u0160vent\u0117 Jums\u201c, restoranas \u2013 muzikinis klubas DRUSKININK\u0172 KOLONADA \u012fvertintas 5 balais\" src=\"http:\/\/sventejums.lt\/svente_jums\/wp-content\/uploads\/2013\/08\/Vertinimas-5-puodeliai.bmp\" width=\"245\" height=\"248\" \/><\/a><\/b><\/h2>\n<p>&nbsp;<\/p>\n<p><b>UAB\u00a0\u201e\u0160vent\u0117 Jums\u201c, restoranas \u2013 muzikinis klubas DRUSKININK\u0172 KOLONADA \u012fvertintas 5 balais.<\/b><\/p>\n<p>&nbsp;<\/p>\n<p><b>Vie\u0161ojo maitinimo \u012fmon\u0117s vertinamos atliekant planinius patikrinimus.<\/b><\/p>\n<p><b>\u012emoni\u0173 vertinimo kriterijai:<\/b><\/p>\n<ul>\n<li>Bendra higienos b\u016bkl\u0117;<\/li>\n<li>Savikontrol\u0117s sistemos \u012fgyvendinimas;<\/li>\n<li>Technologijos, \u012franga;<\/li>\n<li>Produktai;<\/li>\n<li>Personalas;<\/li>\n<li>Atsekamumo u\u017etikrinimas;<\/li>\n<li>Pagr\u012fst\u0173 skund\u0173 skai\u010dius;<\/li>\n<li>Veiklos sustabdymo atvej\u0173 skai\u010dius.<\/li>\n<\/ul>\n<p>&nbsp;<\/p>\n<p><b>\u012emon\u0117s higienos b\u016bkl\u0117s vertinimas balais:<\/b><\/p>\n<p>1 balas \u2013 nepatenkinama higienos b\u016bkl\u0117;<\/p>\n<p>2 balai \u2013 patenkinama higienos b\u016bkl\u0117;<\/p>\n<p>3 balai \u2013 vidutin\u0117 higienos b\u016bkl\u0117;<\/p>\n<p>4 balai \u2013 gera higienos b\u016bkl\u0117;<\/p>\n<p>5 balai \u2013 puiki higienos b\u016bkl\u0117.<\/p>\n<p style=\"text-align: right;\"><a href=\"http:\/\/vmvt.lt\/lt\/\" target=\"_blank\">www.vmvt.lt<\/a><\/p>\n","protected":false},"excerpt":{"rendered":"<p>Vie\u0161ojo maitinimo \u012fmon\u0117s atitikties higienos reikalavimams vertinimas &nbsp; UAB\u00a0\u201e\u0160vent\u0117 Jums\u201c, restoranas \u2013 muzikinis klubas DRUSKININK\u0172 KOLONADA \u012fvertintas 5 balais. &nbsp; Vie\u0161ojo maitinimo \u012fmon\u0117s vertinamos atliekant planinius patikrinimus. \u012emoni\u0173 vertinimo kriterijai: Bendra higienos b\u016bkl\u0117; Savikontrol\u0117s sistemos \u012fgyvendinimas; Technologijos, \u012franga; Produktai; Personalas; Atsekamumo u\u017etikrinimas; Pagr\u012fst\u0173 skund\u0173 skai\u010dius; Veiklos sustabdymo atvej\u0173 skai\u010dius. &nbsp; \u012emon\u0117s higienos b\u016bkl\u0117s vertinimas balais: [&hellip;]<\/p>\n","protected":false},"author":2,"featured_media":0,"parent":0,"menu_order":1,"comment_status":"open","ping_status":"open","template":"","meta":{"footnotes":""},"aioseo_notices":[],"_links":{"self":[{"href":"https:\/\/sventejums.lt\/svente_jums\/wp-json\/wp\/v2\/pages\/1456"}],"collection":[{"href":"https:\/\/sventejums.lt\/svente_jums\/wp-json\/wp\/v2\/pages"}],"about":[{"href":"https:\/\/sventejums.lt\/svente_jums\/wp-json\/wp\/v2\/types\/page"}],"author":[{"embeddable":true,"href":"https:\/\/sventejums.lt\/svente_jums\/wp-json\/wp\/v2\/users\/2"}],"replies":[{"embeddable":true,"href":"https:\/\/sventejums.lt\/svente_jums\/wp-json\/wp\/v2\/comments?post=1456"}],"version-history":[{"count":18,"href":"https:\/\/sventejums.lt\/svente_jums\/wp-json\/wp\/v2\/pages\/1456\/revisions"}],"predecessor-version":[{"id":1478,"href":"https:\/\/sventejums.lt\/svente_jums\/wp-json\/wp\/v2\/pages\/1456\/revisions\/1478"}],"wp:attachment":[{"href":"https:\/\/sventejums.lt\/svente_jums\/wp-json\/wp\/v2\/media?parent=1456"}],"curies":[{"name":"wp","href":"https:\/\/api.w.org\/{rel}","templated":true}]}}