{"id":1039,"date":"2013-09-25T04:01:16","date_gmt":"2013-09-25T04:01:16","guid":{"rendered":"http:\/\/sventejums.lt\/svente_jums\/?page_id=1039"},"modified":"2014-04-23T16:49:23","modified_gmt":"2014-04-23T16:49:23","slug":"alytaus-miesto-teatras-skelbia-2-aji-festivali-tegyvuoja-komedija13","status":"publish","type":"page","link":"https:\/\/sventejums.lt\/svente_jums\/alytaus-miesto-teatras-skelbia-2-aji-festivali-tegyvuoja-komedija13\/","title":{"rendered":"Alytaus miesto teatras skelbia 2-\u0105j\u012f festival\u012f TEGYVUOJA KOMEDIJA!\u201913."},"content":{"rendered":"<blockquote>\n<div id=\"attachment_1035\" style=\"width: 254px\" class=\"wp-caption alignnone\"><a href=\"http:\/\/sventejums.lt\/svente_jums\/wp-content\/uploads\/2013\/08\/teatras-Alytuje-festivalis-2013.jpg\" rel=\"lightbox[1039]\"><img loading=\"lazy\" decoding=\"async\" aria-describedby=\"caption-attachment-1035\" class=\"wp-image-1035 \" title=\"Festivalio draugai: Alytaus rajono savivaldyb\u0117, Alytaus turizmo informacijos centras, \u0160VENT\u0116 JUMS. Festivalio kavin\u0117: \u0160VENT\u0116 JUMS\" alt=\"Teatr\u0173 festivalis Alytuje TEGYVUOJA KOMEDIJA 2013\" src=\"http:\/\/sventejums.lt\/svente_jums\/wp-content\/uploads\/2013\/08\/teatras-Alytuje-festivalis-2013-271x300.jpg\" width=\"244\" height=\"270\" srcset=\"https:\/\/sventejums.lt\/svente_jums\/wp-content\/uploads\/2013\/08\/teatras-Alytuje-festivalis-2013-271x300.jpg 271w, https:\/\/sventejums.lt\/svente_jums\/wp-content\/uploads\/2013\/08\/teatras-Alytuje-festivalis-2013.jpg 870w\" sizes=\"(max-width: 244px) 100vw, 244px\" \/><\/a><p id=\"caption-attachment-1035\" class=\"wp-caption-text\">Festivalio draugai: Alytaus rajono savivaldyb\u0117, Alytaus turizmo informacijos centras, \u0160VENT\u0116 JUMS. Festivalio kavin\u0117: \u0160VENT\u0116 JUMS<\/p><\/div>\n<h3>Lapkri\u010dio 8\u201323 d. \u2013 Alytaus miesto teatre ir Rotu\u0161\u0117s aik\u0161t\u0117je<\/h3>\n<\/blockquote>\n<p>Lapkri\u010dio 8 d. (penktadienis) 14 val. (ma\u017eoji sal\u0117)<br \/>\nKlaip\u0117dos jaunimo teatras<br \/>\n\u201eBat\u0173 istorijos\u201c.<br \/>\nEdukacinis projektas<br \/>\nSpektaklis mokiniams. Trukm\u0117 1 val.<\/p>\n<p>Re\u017eisierius \u2013 Valentinas Masalskis<br \/>\nVaidina: Agn\u0117 Muralyt\u0117, Ieva Pak\u0161tyt\u0117, Paulius Pinigis, Donatas Stak\u0117nas, Gytis \u0160imelionis, Kristina \u0160ven\u010dionyt\u0117, Asta Zacharovait\u0117, Donatas \u017delvys, Marija \u017demaityt\u0117 ir kt.<\/p>\n<p>Lapkri\u010dio 8 d. (penktadienis) 17 val. (Rotu\u0161\u0117s a.)<br \/>\nKlaip\u0117dos jaunimo teatras<br \/>\nGatv\u0117s vaidinimas \u201e\u017dinia\u201c<\/p>\n<p>Re\u017eisierius \u2013 Valentinas Masalskis<br \/>\nTrukm\u0117: 40 min. (Renginys nemokamas)<br \/>\nTai tryk\u0161tantis ver\u017elumu \u0161aukinys, sustabdantis ir prikaustantis praeivi\u0173 d\u0117mes\u012f. Skudu\u010diai, savadarbiai b\u016bgnai, k\u016bno perkusija, ritmas ir dainos pakrauna kiekvien\u0105 \u017ei\u016brov\u0105 jaunatvi\u0161ka energija..<\/p>\n<p>Lapkri\u010dio 8 d. (penktadienis) 18 val. (did\u017eioji sal\u0117)<br \/>\nPanev\u0117\u017eio J. Miltinio dramos teatras<br \/>\nPiotras Rozenfeldas. \u201eKulkos vir\u0161 Brodv\u0117jaus\u201c<br \/>\n2-j\u0173 dali\u0173 kriminalin\u0117 komedija Woody Alleno filmo motyvais.<\/p>\n<p>Re\u017eisierius \u2013 Dainius Kazlauskas<br \/>\nVaidina: Andrius Povilauskas, Vidmantas Fijalkauskas, Inga Talu\u0161yt\u0117, Asta Preidyt\u0117, Albinas K\u0117leris, Laimutis S\u0117d\u017eius, Toma Razmislavi\u010di\u016bt\u0117, Eleonora Koriznait\u0117 ir kiti.<br \/>\nTrukm\u0117 2 val. 40 min.<\/p>\n<p>Lapkri\u010dio 9 d. (\u0161e\u0161tadienis) 18 val. (ma\u017eoji sal\u0117)<br \/>\n\u0160ilut\u0117s kamerinis teatras<br \/>\n\u201eI love you, Marija\u201c pagal ital\u0173 aktoriaus, re\u017eisieriaus, dramaturgo, Nobelio premijos laureato Dario Fo pjes\u0119 \u201eA\u0161 laukiu tav\u0119s, mylimasis\u2026\u201c<\/p>\n<p>Re\u017eisierius \u2013 Sergejus Paciukas<br \/>\nVaidina \u2013 Lina Rastokait\u0117<br \/>\nSpektaklio trukm\u0117 55 min. ( nuo 14 met\u0173)<\/p>\n<p>Lapkri\u010dio 11 d. (pirmadienis) 18 val. (did\u017eioji sal\u0117)<br \/>\n\u201eDomino\u201c teatras<br \/>\nKen Ludwig. \u201ePaskolinkite tenor\u0105\u201c<\/p>\n<p>Re\u017eisierius \u2013 Marcin Slawinski<br \/>\nVaidina: Rafailas Karpis, Jovita Bal\u010di\u016bnait\u0117, Vaidotas Martinaitis, Algirdas Dainavi\u010dius, Gabija Ry\u0161kuvien\u0117, Au\u0161ra \u0160tukyt\u0117, Larisa Kalpokait\u0117, Leonardas Pobedonoscevas<br \/>\nTrukm\u0117: 2 val. 30 min.<\/p>\n<p>Lapkri\u010dio 12 d. (antradienis) 18 val. (ma\u017eoji sal\u0117)<br \/>\nKauno kamerinis teatras<br \/>\n\u017danas Batistas Moljeras. \u201e\u0160yk\u0161tuolis arba melo mokykla\u201c<br \/>\n2-j\u0173 dali\u0173 komedija<\/p>\n<p>Re\u017eisierius \u2013 Algimantas Poci\u016bnas<br \/>\nVaidina: Aleksandras Rubinovas, Simona Blad\u017eenauskait\u0117, Vytautas Gasili\u016bnas ir kt.<br \/>\nTrukm\u0117 2 val. 15 min.<\/p>\n<p>Lapkri\u010dio 13 d. (tre\u010diadienis) 18 val. (did\u017eioji sal\u0117)<br \/>\nKlaip\u0117dos dramos teatras<br \/>\n\u201eLuna\u010diarskio Lunaparkas\u201c pagal Ksenijos Dragunskajos pjes\u0119.<\/p>\n<p>Re\u017eisierius \u2013 Darius Raba\u0161auskas.<br \/>\nVaidina: Edvardas Brazys, Toma Gaili\u016bl\u0117, Linas Luko\u0161ius<\/p>\n<p>Lapkri\u010dio 14 d. (ketvirtadienis) 18 val. (did\u017eioji sal\u0117)<br \/>\nNacionalinis Kauno dramos teatras<br \/>\nJohn Patrick. \u201eM\u016bs\u0173 brangioji Pamela\u201c<br \/>\n2 dali\u0173 komedija<\/p>\n<p>Re\u017eisierius \u2013 Algirdas Lat\u0117nas<br \/>\nPagrindiniame vaidmenyje \u2013 Gra\u017eina Balandyt\u0117<br \/>\nVaidina: Gabriel\u0117 Ani\u010dait\u0117, Inga Mikutavi\u010di\u016bt\u0117, Algirdas Pintukas, Henrikas Savickis, Ri\u010dardas Vitkaitis, Ridas \u017dirgulis<\/p>\n<p>Lapkri\u010dio 15 d. (penktadienis) 18 val. (did\u017eioji sal\u0117)<br \/>\nAlytaus miesto teatras<br \/>\n\u201e\u0160ventmar\u0117\u201c. Sofijos \u010ciurlionien\u0117s-Kymantait\u0117s apysakos \u201e\u0160ventmar\u0117\u201c motyvais.<br \/>\n1 dalies komedija<\/p>\n<p>Re\u017eisierius \u2013 Arvydas Kinderis<br \/>\nVaidina: Agn\u0117 Gregorauskait\u0117, Rimvydas Ambrazevi\u010dius, Ona Gudaityt\u0117, Tomas Kliukas ir kt.<\/p>\n<p>Lapkri\u010dio 16 d. (\u0161e\u0161tadienis) 18 val. (did\u017eioji sal\u0117)<br \/>\nLietuvos rus\u0173 dramos teatras<br \/>\nValerij Mucharjamov. \u201eA\u010di\u016b, Margo!\u201c<br \/>\n2 dali\u0173 lyrin\u0117 komedija<\/p>\n<p>Re\u017eisierius \u2013 Jurij \u0160\u010diuckij<br \/>\nVaidina: Larisa Popova, Dmitrij Denisiuk, Jevgenija Rusakova, Vladimir Serov<br \/>\nTrukm\u0117 2 val. 30 min.<\/p>\n<p>Lapkri\u010dio 17 d. (sekmadienis) 18 val. (ma\u017eoji sal\u0117)<br \/>\nKauno ma\u017easis teatras<br \/>\nFranka Rame, Dario Fo. \u201eLaisvoji pora\u201c<br \/>\n1 dalies komedija<\/p>\n<p>Re\u017eisieriai: Rima Janu\u0161kevi\u010di\u016bt\u0117, Audrius Bani\u016bnas<br \/>\nVaidina: Rima Janu\u0161kevi\u010di\u016bt\u0117, Audrius Bani\u016bnas<\/p>\n<p>Lapkri\u010dio 19 d. (antradienis) 18 val. (did\u017eioji sal\u0117)<br \/>\nValstybinis Jaunimo teatras<br \/>\nKoki Mitani. \u201eJuoko akademija\u201c<br \/>\n1 dalies tragikomedija<\/p>\n<p>Re\u017eisierius \u2013 Via\u010deslav Gvozdkov<br \/>\nVaidina: Kostas Smoriginas, Sergejus Ivanovas<br \/>\nTrukm\u0117 2 val.<\/p>\n<p>Lapkri\u010dio 20 d. (tre\u010diadienis) 18 val. (did\u017eioji sal\u0117)<br \/>\n\u0160iauli\u0173 dramos teatras<br \/>\nMarselis Panjolis. \u201eDuonkepio \u017emona\u201c<br \/>\n2 dali\u0173 romantin\u0117 istorija<\/p>\n<p>Re\u017eisierius \u2013 Arvydas Lebeli\u016bnas<br \/>\nPagrindiniame vaidmenyje \u2013 Sigitas Jakubauskas<\/p>\n<p>Lapkri\u010dio 21 d. (ketvirtadienis) 13 val. (ma\u017eoji sal\u0117)<br \/>\nCezario grup\u0117<br \/>\n\u201eSuperagentas 000 \u201c pagal Lesios Voroninos apysak\u0105 \u201eSuperagentas 000. Auksin\u0117s keng\u016bros paslaptis\u201c.<br \/>\nTeatrin\u0117 veiksmo komedija vaikams<\/p>\n<p>Re\u017eisierius \u2013 Antanas Gluskinas<br \/>\nVaidina: Brigita Arsobait\u0117, Vilma Raubait\u0117, Paulius \u010ci\u017einauskas ir kt.<br \/>\nTrukm\u0117 1 val.<\/p>\n<p>Lapkri\u010dio 21 d. (ketvirtadienis) 18 val. (did\u017eioji sal\u0117)<br \/>\nCezario grup\u0117<br \/>\n\u201eDar viena meil\u0117s staigmena\u201c pagal Pierre\u2018o Marivaux pjes\u0119.<\/p>\n<p>Re\u017eisierius \u2013 Cezaris Grau\u017einis<br \/>\nVaidina: Brigita Arsobait\u0117, Vilma Raubait\u0117, Paulius \u010ci\u017einauskas, Vytautas Kontrimas, Julius \u017dalakevi\u010dius<br \/>\nTrukm\u0117 1 val. 40 min.<\/p>\n<p>Lapkri\u010dio 23 d. (\u0161e\u0161tadienis) 18 val. (did\u017eioji sal\u0117)<br \/>\nKitoks teatras<br \/>\nMuzikin\u0117 i\u0161pa\u017eintis \u2013 miuziklas \u201ePrana\u0161as: kartokite Myliu! \u201c<br \/>\nKompozitorius \u2013 Rokas Radzevicius<\/p>\n<p>Re\u017eisierius \u2013 Ri\u010dardas Vitkaitis.<br \/>\nAtlik\u0117jai: Povilas Me\u0161k\u0117la, Fausta Drukyt\u0117, \u0160orena \/ August\u0117 Vedrickait\u0117, Laurynas Bak\u0161ys \/ Tadas Juodsnukis, Egidijus Sipavi\u010dius \/ Darius Mickus<\/p>\n<p><a href=\"http:\/\/www.teatrufestivalis.lt\/\" target=\"_blank\"><img loading=\"lazy\" decoding=\"async\" class=\"size-full wp-image-1040 alignnone\" alt=\"logotegyvuoja\" src=\"http:\/\/sventejums.lt\/svente_jums\/wp-content\/uploads\/2013\/09\/logotegyvuoja.jpg\" width=\"300\" height=\"100\" \/><\/a><\/p>\n<p><a href=\"http:\/\/www.teatrufestivalis.lt\/\" target=\"_blank\">www.teatrufestivalis.lt<\/a><\/p>\n","protected":false},"excerpt":{"rendered":"<p>Lapkri\u010dio 8\u201323 d. \u2013 Alytaus miesto teatre ir Rotu\u0161\u0117s aik\u0161t\u0117je Lapkri\u010dio 8 d. (penktadienis) 14 val. (ma\u017eoji sal\u0117) Klaip\u0117dos jaunimo teatras \u201eBat\u0173 istorijos\u201c. Edukacinis projektas Spektaklis mokiniams. Trukm\u0117 1 val. Re\u017eisierius \u2013 Valentinas Masalskis Vaidina: Agn\u0117 Muralyt\u0117, Ieva Pak\u0161tyt\u0117, Paulius Pinigis, Donatas Stak\u0117nas, Gytis \u0160imelionis, Kristina \u0160ven\u010dionyt\u0117, Asta Zacharovait\u0117, Donatas \u017delvys, Marija \u017demaityt\u0117 ir kt. [&hellip;]<\/p>\n","protected":false},"author":2,"featured_media":0,"parent":0,"menu_order":7,"comment_status":"open","ping_status":"open","template":"","meta":{"footnotes":""},"aioseo_notices":[],"_links":{"self":[{"href":"https:\/\/sventejums.lt\/svente_jums\/wp-json\/wp\/v2\/pages\/1039"}],"collection":[{"href":"https:\/\/sventejums.lt\/svente_jums\/wp-json\/wp\/v2\/pages"}],"about":[{"href":"https:\/\/sventejums.lt\/svente_jums\/wp-json\/wp\/v2\/types\/page"}],"author":[{"embeddable":true,"href":"https:\/\/sventejums.lt\/svente_jums\/wp-json\/wp\/v2\/users\/2"}],"replies":[{"embeddable":true,"href":"https:\/\/sventejums.lt\/svente_jums\/wp-json\/wp\/v2\/comments?post=1039"}],"version-history":[{"count":9,"href":"https:\/\/sventejums.lt\/svente_jums\/wp-json\/wp\/v2\/pages\/1039\/revisions"}],"predecessor-version":[{"id":1042,"href":"https:\/\/sventejums.lt\/svente_jums\/wp-json\/wp\/v2\/pages\/1039\/revisions\/1042"}],"wp:attachment":[{"href":"https:\/\/sventejums.lt\/svente_jums\/wp-json\/wp\/v2\/media?parent=1039"}],"curies":[{"name":"wp","href":"https:\/\/api.w.org\/{rel}","templated":true}]}}