{"id":973,"date":"2013-09-05T00:30:09","date_gmt":"2013-09-05T00:30:09","guid":{"rendered":"http:\/\/sventejums.lt\/svente_jums\/?page_id=973"},"modified":"2014-04-23T16:53:31","modified_gmt":"2014-04-23T16:53:31","slug":"akcijos-zaidimo-masiskiausias-naturalaus-mineralinio-vandens-rasa-gerimas-prizo-laimetojas","status":"publish","type":"page","link":"http:\/\/sventejums.lt\/svente_jums\/akcijos-zaidimo-masiskiausias-naturalaus-mineralinio-vandens-rasa-gerimas-prizo-laimetojas\/","title":{"rendered":"Akcijos-\u017eaidimo \u201eMasi\u0161kiausias nat\u016bralaus mineralinio vandens RASA g\u0117rimas\u201c prizo laim\u0117tojas"},"content":{"rendered":"<p><strong>Sveikiname akcijos-\u017eaidimo \u201eMasi\u0161kiausias nat\u016bralaus mineralinio vandens RASA g\u0117rimas\u201c laim\u0117toj\u0105<\/strong><\/p>\n<p><strong>2013-09-03\u00a0<\/strong><\/p>\n<p><img loading=\"lazy\" decoding=\"async\" class=\"alignnone  wp-image-977\" alt=\"Rasa\" src=\"http:\/\/sventejums.lt\/svente_jums\/wp-content\/uploads\/2013\/09\/rasa.png\" width=\"475\" height=\"138\" srcset=\"http:\/\/sventejums.lt\/svente_jums\/wp-content\/uploads\/2013\/09\/rasa.png 734w, http:\/\/sventejums.lt\/svente_jums\/wp-content\/uploads\/2013\/09\/rasa-300x86.png 300w\" sizes=\"(max-width: 475px) 100vw, 475px\" \/><\/p>\n<p>UAB \u00a0\u201e\u0160vent\u0117 Jums\u201c, restorano-muzikinio klubo \u201eDruskinink\u0173 Kolonada\u201c \u012fsteigt\u0105 priz\u0105 laim\u0117jo\u00a0<strong>Aur\u0117lijus Kazlauskas<\/strong>.\u00a0Laimingasis buteliuko numeris DRR14025.<\/p>\n<p>&#8211; Druskininkuose J\u016bs\u0173 lauks poilsio naktis kurorte 2 asm.<\/p>\n<p>&#8211; Ekskursija laivu \u012f Li\u0161kiav\u0105 2 asm. Li\u0161kiavos XVII a. Architekt\u016brinis ansamblis randasi kairiajame Nemuno krante, 8 kilometrai nuo Druskinik\u0173. Tai nuostabus baroko perlas piet\u0173 Lietuvoje. Viso \u0161io ansamblio dominant\u0117 ir puo\u0161mena &#8211; \u0160ven\u010diausios Trejyb\u0117s ba\u017eny\u010dia. Ekskursijos trukm\u0117 &#8211; 3 val.<\/p>\n<p>&#8211; Gurmani\u0161ka vakarien\u0117 2 asm. (Druskinink\u0173 Kolonada).<\/p>\n<p>&#8211; Kvietimas 2 asm. \u012f gyvo garso koncert\u0105 (Druskinink\u0173 Kolonada).<\/p>\n<p>&#8211; Suvenyrai i\u0161 Druskinink\u0173.<\/p>\n<p>D\u0117l prizo atsi\u0117mimo susisiekite su prizo steig\u0117ju restoranu-muzikiniu klubu \u201eDruskinink\u0173 Kolonada\u201c telefonu 8 620 66228 arba el.pa\u0161tu\u00a0<a href=\"mailto:kolonada@sventejums.lt\">kolonada@sventejums.lt<\/a><\/p>\n","protected":false},"excerpt":{"rendered":"<p>Sveikiname akcijos-\u017eaidimo \u201eMasi\u0161kiausias nat\u016bralaus mineralinio vandens RASA g\u0117rimas\u201c laim\u0117toj\u0105 2013-09-03\u00a0 UAB \u00a0\u201e\u0160vent\u0117 Jums\u201c, restorano-muzikinio klubo \u201eDruskinink\u0173 Kolonada\u201c \u012fsteigt\u0105 priz\u0105 laim\u0117jo\u00a0Aur\u0117lijus Kazlauskas.\u00a0Laimingasis buteliuko numeris DRR14025. &#8211; Druskininkuose J\u016bs\u0173 lauks poilsio naktis kurorte 2 asm. &#8211; Ekskursija laivu \u012f Li\u0161kiav\u0105 2 asm. Li\u0161kiavos XVII a. Architekt\u016brinis ansamblis randasi kairiajame Nemuno krante, 8 kilometrai nuo Druskinik\u0173. Tai nuostabus [&hellip;]<\/p>\n","protected":false},"author":2,"featured_media":0,"parent":0,"menu_order":14,"comment_status":"open","ping_status":"open","template":"","meta":{"footnotes":""},"aioseo_notices":[],"_links":{"self":[{"href":"http:\/\/sventejums.lt\/svente_jums\/wp-json\/wp\/v2\/pages\/973"}],"collection":[{"href":"http:\/\/sventejums.lt\/svente_jums\/wp-json\/wp\/v2\/pages"}],"about":[{"href":"http:\/\/sventejums.lt\/svente_jums\/wp-json\/wp\/v2\/types\/page"}],"author":[{"embeddable":true,"href":"http:\/\/sventejums.lt\/svente_jums\/wp-json\/wp\/v2\/users\/2"}],"replies":[{"embeddable":true,"href":"http:\/\/sventejums.lt\/svente_jums\/wp-json\/wp\/v2\/comments?post=973"}],"version-history":[{"count":12,"href":"http:\/\/sventejums.lt\/svente_jums\/wp-json\/wp\/v2\/pages\/973\/revisions"}],"predecessor-version":[{"id":976,"href":"http:\/\/sventejums.lt\/svente_jums\/wp-json\/wp\/v2\/pages\/973\/revisions\/976"}],"wp:attachment":[{"href":"http:\/\/sventejums.lt\/svente_jums\/wp-json\/wp\/v2\/media?parent=973"}],"curies":[{"name":"wp","href":"https:\/\/api.w.org\/{rel}","templated":true}]}}