{"id":82,"date":"2013-04-15T18:39:47","date_gmt":"2013-04-15T18:39:47","guid":{"rendered":"http:\/\/sventejums.lt\/svente_jums\/?page_id=82"},"modified":"2025-06-09T07:30:20","modified_gmt":"2025-06-09T07:30:20","slug":"baldai","status":"publish","type":"page","link":"http:\/\/sventejums.lt\/svente_jums\/inventoriaus-nuoma\/baldai\/","title":{"rendered":"Baldai"},"content":{"rendered":"\n<p>Informacija ruo\u0161iama <\/p>\n\n\n\n<figure class=\"wp-block-table aligncenter is-style-regular\"><table><tbody><tr><td class=\"has-text-align-center\" data-align=\"center\">Pavadinimas<\/td><td>I\u0161matavimai<\/td><td>Nuomos kaina <br>parai, \u20ac<\/td><\/tr><tr><td class=\"has-text-align-center\" data-align=\"center\">Pakabinamas \u0161viestuvas<br>(be stovo) <img loading=\"lazy\" decoding=\"async\" width=\"565\" height=\"686\" class=\"wp-image-7021\" style=\"width: 150px;\" src=\"http:\/\/sventejums.lt\/svente_jums\/wp-content\/uploads\/2025\/03\/473821510_18386488240111229_7278062974758071556_n-1.jpg\" alt=\"\" srcset=\"http:\/\/sventejums.lt\/svente_jums\/wp-content\/uploads\/2025\/03\/473821510_18386488240111229_7278062974758071556_n-1.jpg 565w, http:\/\/sventejums.lt\/svente_jums\/wp-content\/uploads\/2025\/03\/473821510_18386488240111229_7278062974758071556_n-1-247x300.jpg 247w\" sizes=\"(max-width: 565px) 100vw, 565px\" \/><br><img loading=\"lazy\" decoding=\"async\" width=\"749\" height=\"1000\" class=\"wp-image-7022\" style=\"width: 150px;\" src=\"http:\/\/sventejums.lt\/svente_jums\/wp-content\/uploads\/2025\/03\/454384095_889279026578163_1662234805826739197_n-1.jpg\" alt=\"\" srcset=\"http:\/\/sventejums.lt\/svente_jums\/wp-content\/uploads\/2025\/03\/454384095_889279026578163_1662234805826739197_n-1.jpg 749w, http:\/\/sventejums.lt\/svente_jums\/wp-content\/uploads\/2025\/03\/454384095_889279026578163_1662234805826739197_n-1-225x300.jpg 225w\" sizes=\"(max-width: 749px) 100vw, 749px\" \/><\/td><td><\/td><td><br>50,00<br><br><br><br><br><br><br><br><br><br><br><br><br><br><\/td><\/tr><tr><td class=\"has-text-align-center\" data-align=\"center\">Stovas <\/td><td><\/td><td>50,00 <\/td><\/tr><tr><td class=\"has-text-align-center\" data-align=\"center\"><\/td><td><\/td><td>( + transporto i\u0161laidos 0,50\/ km, montavimo \u2013 demontavimo darbai 25,00 )<\/td><\/tr><tr><td class=\"has-text-align-center\" data-align=\"center\">Baro stalas <br>vyno\/ arba balta spalva<br><img loading=\"lazy\" decoding=\"async\" width=\"897\" height=\"1000\" class=\"wp-image-7029\" style=\"width: 150px;\" src=\"http:\/\/sventejums.lt\/svente_jums\/wp-content\/uploads\/2025\/03\/received_1171523743875388.jpeg\" alt=\"\" srcset=\"http:\/\/sventejums.lt\/svente_jums\/wp-content\/uploads\/2025\/03\/received_1171523743875388.jpeg 897w, http:\/\/sventejums.lt\/svente_jums\/wp-content\/uploads\/2025\/03\/received_1171523743875388-269x300.jpeg 269w, http:\/\/sventejums.lt\/svente_jums\/wp-content\/uploads\/2025\/03\/received_1171523743875388-768x856.jpeg 768w\" sizes=\"(max-width: 897px) 100vw, 897px\" \/><\/td><td><\/td><td>40,00 <\/td><\/tr><tr><td class=\"has-text-align-center\" data-align=\"center\">Barinis staliukas <br><img loading=\"lazy\" decoding=\"async\" width=\"675\" height=\"1000\" class=\"wp-image-7028\" style=\"width: 150px;\" src=\"http:\/\/sventejums.lt\/svente_jums\/wp-content\/uploads\/2025\/03\/21-3-scaled-2.jpg\" alt=\"\" srcset=\"http:\/\/sventejums.lt\/svente_jums\/wp-content\/uploads\/2025\/03\/21-3-scaled-2.jpg 675w, http:\/\/sventejums.lt\/svente_jums\/wp-content\/uploads\/2025\/03\/21-3-scaled-2-203x300.jpg 203w\" sizes=\"(max-width: 675px) 100vw, 675px\" \/><\/td><td><\/td><td>10,00 (be tekstil\u0117s) <br>20,00 (su tekstile) <\/td><\/tr><tr><td class=\"has-text-align-center\" data-align=\"center\">Apvalus stalas <br><img loading=\"lazy\" decoding=\"async\" width=\"900\" height=\"680\" class=\"wp-image-7018\" style=\"width: 150px;\" src=\"http:\/\/sventejums.lt\/svente_jums\/wp-content\/uploads\/2025\/03\/95x95.jpg\" alt=\"\" srcset=\"http:\/\/sventejums.lt\/svente_jums\/wp-content\/uploads\/2025\/03\/95x95.jpg 900w, http:\/\/sventejums.lt\/svente_jums\/wp-content\/uploads\/2025\/03\/95x95-300x227.jpg 300w, http:\/\/sventejums.lt\/svente_jums\/wp-content\/uploads\/2025\/03\/95x95-768x580.jpg 768w\" sizes=\"(max-width: 900px) 100vw, 900px\" \/><\/td><td>180 cm <\/td><td>15,00<\/td><\/tr><tr><td class=\"has-text-align-center\" data-align=\"center\">Sta\u010diakampis stalas <br><img loading=\"lazy\" decoding=\"async\" width=\"661\" height=\"376\" class=\"wp-image-7019\" style=\"width: 150px;\" src=\"http:\/\/sventejums.lt\/svente_jums\/wp-content\/uploads\/2025\/03\/stalas.jpg\" alt=\"\" srcset=\"http:\/\/sventejums.lt\/svente_jums\/wp-content\/uploads\/2025\/03\/stalas.jpg 661w, http:\/\/sventejums.lt\/svente_jums\/wp-content\/uploads\/2025\/03\/stalas-300x171.jpg 300w\" sizes=\"(max-width: 661px) 100vw, 661px\" \/><\/td><td><p>180x90x76;<\/p><\/td><td>10,00<\/td><\/tr><tr><td class=\"has-text-align-center\" data-align=\"center\">K\u0117d\u0117 Dior <br>(juoda veli\u016bras) <br>r\u0117mas aukso\/ arba sidabro spalva <br><img loading=\"lazy\" decoding=\"async\" width=\"651\" height=\"968\" class=\"wp-image-7017\" style=\"width: 150px;\" src=\"http:\/\/sventejums.lt\/svente_jums\/wp-content\/uploads\/2025\/03\/16-17-1.jpg\" alt=\"\" srcset=\"http:\/\/sventejums.lt\/svente_jums\/wp-content\/uploads\/2025\/03\/16-17-1.jpg 651w, http:\/\/sventejums.lt\/svente_jums\/wp-content\/uploads\/2025\/03\/16-17-1-202x300.jpg 202w\" sizes=\"(max-width: 651px) 100vw, 651px\" \/><\/td><td>43 cm (plotis) * 47 cm (gylis)  <br>95 cm (auk\u0161tis) <\/td><td>6,50<\/td><\/tr><tr><td class=\"has-text-align-center\" data-align=\"center\">K\u0117d\u0117 banketin\u0117<br>(raudona)<br><a href=\"http:\/\/sventejums.lt\/svente_jums\/wp-content\/uploads\/2024\/06\/4934-large_default.webp\" rel=\"lightbox[82]\"><img loading=\"lazy\" decoding=\"async\" width=\"168\" height=\"168\" src=\"http:\/\/sventejums.lt\/svente_jums\/wp-content\/uploads\/2024\/06\/4934-large_default-300x300.webp\" alt=\"\"><\/a><\/td><td>45 cm (plotis) * 48 cm (gylis) 93 cm (auk\u0161tis)<\/td><td>3,50<\/td><\/tr><tr><td class=\"has-text-align-center\" data-align=\"center\">K\u0117d\u0117 Phoenix <br>(su pamink\u0161tinimu)<br><img loading=\"lazy\" decoding=\"async\" width=\"147\" height=\"221\" src=\"http:\/\/sventejums.lt\/svente_jums\/wp-content\/uploads\/2013\/04\/Black-Phoenix-Chair-with-White-Cushion-for-200x300.jpg\" alt=\"\"><\/td><td><\/td><td>3,50<\/td><\/tr><tr><td class=\"has-text-align-center\" data-align=\"center\">K\u0117d\u0117 Chiavari <br>(su pamink\u0161tinimu)<br><img loading=\"lazy\" decoding=\"async\" width=\"154\" height=\"231\" src=\"http:\/\/sventejums.lt\/svente_jums\/wp-content\/uploads\/2013\/04\/Chair-Chiavari-Wood-White-1-200x300.jpg\" alt=\"\"><\/td><td>38 cm (plotis) * 42 cm (gylis) <br>93 cm (auk\u0161tis) <\/td><td>3,50<\/td><\/tr><tr><td class=\"has-text-align-center\" data-align=\"center\">Lauko k\u0117d\u0117 Gladiator<br>(sulankstoma)<br>nesminga \u012f \u017eem\u0119<br>(balta)<br><img loading=\"lazy\" decoding=\"async\" width=\"163\" height=\"204\" src=\"http:\/\/sventejums.lt\/svente_jums\/wp-content\/uploads\/2013\/04\/gladiator-240x300.jpg\" alt=\"\"><\/td><td>45 cm (plotis) * 38 cm (gylis) <br>78 cm (auk\u0161tis)  <\/td><td>3,50<\/td><\/tr><\/tbody><\/table><\/figure>\n\n\n\n<p>Galb\u016bt norite&nbsp;<a href=\"mailto:info@sventejums.lt\">paklausti<\/a>&nbsp;apie prek\u0119?<\/p>\n\n\n\n<p class=\"has-text-align-center\"><strong>BANKETAS i\u0161 vien\u0173 rank\u0173. Atrask.<\/strong><br>I\u0161ve\u017eamasis maitinimas| Aptarnavimas | Inventorius | Baras | Atlik\u0117jai | DJ | Organizavimas | Dekoras | Sal\u0117s | Ved\u0117jai | Pramogos | \u0160efo furgon\u0117lis<\/p>\n\n\n\n<figure class=\"wp-block-embed is-type-video is-provider-youtube wp-block-embed-youtube wp-embed-aspect-16-9 wp-has-aspect-ratio\"><div class=\"wp-block-embed__wrapper\">\n<iframe loading=\"lazy\" title=\"\u0160vent\u0117 Jums- Jubiliejinis vakaras 10 met\u0173 klipas\" width=\"500\" height=\"281\" src=\"https:\/\/www.youtube.com\/embed\/EVnH2iVw52Y?feature=oembed\" frameborder=\"0\" allow=\"accelerometer; autoplay; clipboard-write; encrypted-media; gyroscope; picture-in-picture; web-share\" referrerpolicy=\"strict-origin-when-cross-origin\" allowfullscreen><\/iframe>\n<\/div><\/figure>\n","protected":false},"excerpt":{"rendered":"<p>Informacija ruo\u0161iama Pavadinimas I\u0161matavimai Nuomos kaina parai, \u20ac Pakabinamas \u0161viestuvas(be stovo) 50,00 Stovas 50,00 ( + transporto i\u0161laidos 0,50\/ km, montavimo \u2013 demontavimo darbai 25,00 ) Baro stalas vyno\/ arba balta spalva 40,00 Barinis staliukas 10,00 (be tekstil\u0117s) 20,00 (su tekstile) Apvalus stalas 180 cm 15,00 Sta\u010diakampis stalas 180x90x76; 10,00 K\u0117d\u0117 Dior (juoda veli\u016bras) r\u0117mas [&hellip;]<\/p>\n","protected":false},"author":2,"featured_media":0,"parent":36,"menu_order":2,"comment_status":"open","ping_status":"open","template":"","meta":{"footnotes":""},"aioseo_notices":[],"_links":{"self":[{"href":"http:\/\/sventejums.lt\/svente_jums\/wp-json\/wp\/v2\/pages\/82"}],"collection":[{"href":"http:\/\/sventejums.lt\/svente_jums\/wp-json\/wp\/v2\/pages"}],"about":[{"href":"http:\/\/sventejums.lt\/svente_jums\/wp-json\/wp\/v2\/types\/page"}],"author":[{"embeddable":true,"href":"http:\/\/sventejums.lt\/svente_jums\/wp-json\/wp\/v2\/users\/2"}],"replies":[{"embeddable":true,"href":"http:\/\/sventejums.lt\/svente_jums\/wp-json\/wp\/v2\/comments?post=82"}],"version-history":[{"count":111,"href":"http:\/\/sventejums.lt\/svente_jums\/wp-json\/wp\/v2\/pages\/82\/revisions"}],"predecessor-version":[{"id":7490,"href":"http:\/\/sventejums.lt\/svente_jums\/wp-json\/wp\/v2\/pages\/82\/revisions\/7490"}],"up":[{"embeddable":true,"href":"http:\/\/sventejums.lt\/svente_jums\/wp-json\/wp\/v2\/pages\/36"}],"wp:attachment":[{"href":"http:\/\/sventejums.lt\/svente_jums\/wp-json\/wp\/v2\/media?parent=82"}],"curies":[{"name":"wp","href":"https:\/\/api.w.org\/{rel}","templated":true}]}}