{"id":75,"date":"2013-04-15T18:35:54","date_gmt":"2013-04-15T18:35:54","guid":{"rendered":"http:\/\/sventejums.lt\/svente_jums\/?page_id=75"},"modified":"2026-01-27T18:05:18","modified_gmt":"2026-01-27T18:05:18","slug":"vieta-jusu-sventei","status":"publish","type":"page","link":"http:\/\/sventejums.lt\/svente_jums\/paslaugos\/vieta-jusu-sventei\/","title":{"rendered":"Vieta J\u016bs\u0173 \u0161ventei"},"content":{"rendered":"<p>Planuojate jauki\u0105 ir nedidel\u0119 \u0161vent\u0119 savo \u0161eimos, draug\u0173 ar koleg\u0173 tarpe, o gal ruo\u0161iate i\u0161kilming\u0105 puot\u0105 dideliame sve\u010di\u0173 rate, mes Jums pasi\u016blysime pa\u010di\u0105 tinkamiausi\u0105 viet\u0105 J\u016bs\u0173 \u0161ventei. Galime pasi\u016blyti Jums m\u016bs\u0173 turimas \u0161vent\u0117s erdves, taip pat rekomenduoti daugyb\u0119 sodyb\u0173, vil\u0173, dvar\u0173 bei kt. viet\u0173, kurios tikime Jums ir J\u016bs\u0173 sve\u010diams paliks nei\u0161dildomus \u012fsp\u016bd\u017eius.<\/p>\n<p><strong><span style=\"color: #000080;\">NAUJIENA: <\/span><\/strong><\/p>\n<p><strong><span style=\"color: #000080;\">DZ\u016aKIJOS DVARAS. NEMUNO SAL\u0116S PASI\u016aLYMAS<\/span><\/strong><\/p>\n<p><span style=\"color: #000080;\">Kvie\u010diame &#8222;Nemuno sal\u0119&#8221; u\u017esakyti: +370671 07725<\/span><\/p>\n<p><span style=\"color: #000080;\"><a href=\"mailto:jurgita@tarzanija.lt\">jurgita@tarzanija.lt<\/a>\u00a0<\/span><\/p>\n<p><span style=\"color: #000080;\">Maitinimo paslaugas u\u017esakyti: +370652 77696<\/span><\/p>\n<p><span style=\"color: #000080;\"><a href=\"mailto:info@sventejums.lt\">info@sventejums.lt\u00a0<\/a><\/span><\/p>\n<p><a href=\"http:\/\/sventejums.lt\/svente_jums\/wp-content\/uploads\/2026\/01\/Dzukijos-dvaras.jpg\" target=\"_blank\" rel=\"noopener\" rel=\"lightbox[75]\"><img loading=\"lazy\" decoding=\"async\" class=\"alignnone wp-image-7602 size-medium\" src=\"http:\/\/sventejums.lt\/svente_jums\/wp-content\/uploads\/2026\/01\/Dzukijos-dvaras-212x300.jpg\" alt=\"\" width=\"212\" height=\"300\" srcset=\"http:\/\/sventejums.lt\/svente_jums\/wp-content\/uploads\/2026\/01\/Dzukijos-dvaras-212x300.jpg 212w, http:\/\/sventejums.lt\/svente_jums\/wp-content\/uploads\/2026\/01\/Dzukijos-dvaras.jpg 707w\" sizes=\"(max-width: 212px) 100vw, 212px\" \/><\/a> <a href=\"http:\/\/sventejums.lt\/svente_jums\/wp-content\/uploads\/2026\/01\/Dzukijos-dvaras-su-nakvyne-mockup.jpg\" target=\"_blank\" rel=\"noopener\" rel=\"lightbox[75]\"><img loading=\"lazy\" decoding=\"async\" class=\"alignnone wp-image-7603 size-medium\" src=\"http:\/\/sventejums.lt\/svente_jums\/wp-content\/uploads\/2026\/01\/Dzukijos-dvaras-su-nakvyne-mockup-300x169.jpg\" alt=\"\" width=\"300\" height=\"169\" srcset=\"http:\/\/sventejums.lt\/svente_jums\/wp-content\/uploads\/2026\/01\/Dzukijos-dvaras-su-nakvyne-mockup-300x169.jpg 300w, http:\/\/sventejums.lt\/svente_jums\/wp-content\/uploads\/2026\/01\/Dzukijos-dvaras-su-nakvyne-mockup-768x432.jpg 768w, http:\/\/sventejums.lt\/svente_jums\/wp-content\/uploads\/2026\/01\/Dzukijos-dvaras-su-nakvyne-mockup.jpg 900w\" sizes=\"(max-width: 300px) 100vw, 300px\" \/><\/a><\/p>\n<p>Foto: <a href=\"https:\/\/dzukijosdvaras.lt\/sales-2\/\" target=\"_blank\" rel=\"noopener\">dzukijosdvaras.lt\/sales-2\/<\/a><\/p>\n<p><strong>Svetain\u0117 \u201e\u0160vent\u0117 Jums\u201c<\/strong>: Pramon\u0117s g. 1B, Alytus;<\/p>\n<p><a href=\"http:\/\/sventejums.lt\/svente_jums\/wp-content\/uploads\/2024\/03\/IMG-f0be2cf96f28f42c959fe9a24b5a24bd-V-1.jpg\" rel=\"lightbox[75]\"><img loading=\"lazy\" decoding=\"async\" class=\"alignnone wp-image-5174 size-medium\" src=\"http:\/\/sventejums.lt\/svente_jums\/wp-content\/uploads\/2024\/03\/IMG-f0be2cf96f28f42c959fe9a24b5a24bd-V-1-225x300.jpg\" alt=\"\" width=\"225\" height=\"300\" srcset=\"http:\/\/sventejums.lt\/svente_jums\/wp-content\/uploads\/2024\/03\/IMG-f0be2cf96f28f42c959fe9a24b5a24bd-V-1-225x300.jpg 225w, http:\/\/sventejums.lt\/svente_jums\/wp-content\/uploads\/2024\/03\/IMG-f0be2cf96f28f42c959fe9a24b5a24bd-V-1.jpg 750w\" sizes=\"(max-width: 225px) 100vw, 225px\" \/><\/a><\/p>\n<p><strong>Rengini\u0173 ir pob\u016bvi\u0173 svetain\u0117 \u201e\u0160vent\u0117 Jums\u201c<\/strong> (Alytaus teatro kavin\u0117): Rotu\u0161\u0117s a. 2, Alytus<\/p>\n<p><a href=\"http:\/\/sventejums.lt\/svente_jums\/wp-content\/uploads\/2024\/03\/20221203_160325-1.jpg\" rel=\"lightbox[75]\"><img loading=\"lazy\" decoding=\"async\" class=\"alignnone wp-image-5179 size-medium\" src=\"http:\/\/sventejums.lt\/svente_jums\/wp-content\/uploads\/2024\/03\/20221203_160325-1-300x225.jpg\" alt=\"\" width=\"300\" height=\"225\" srcset=\"http:\/\/sventejums.lt\/svente_jums\/wp-content\/uploads\/2024\/03\/20221203_160325-1-300x225.jpg 300w, http:\/\/sventejums.lt\/svente_jums\/wp-content\/uploads\/2024\/03\/20221203_160325-1-768x576.jpg 768w, http:\/\/sventejums.lt\/svente_jums\/wp-content\/uploads\/2024\/03\/20221203_160325-1.jpg 900w\" sizes=\"(max-width: 300px) 100vw, 300px\" \/><\/a><\/p>\n<p style=\"text-align: left;\"><strong>\u0160efo bufetas:<\/strong> Pramon\u0117s g. 1B, Alytus<\/p>\n<p><a href=\"http:\/\/sventejums.lt\/svente_jums\/wp-content\/uploads\/2017\/11\/57586931_2114049255316203_9204029638752337920_n.jpg\" rel=\"lightbox[75]\"><img loading=\"lazy\" decoding=\"async\" class=\"alignnone wp-image-6134 size-medium\" src=\"http:\/\/sventejums.lt\/svente_jums\/wp-content\/uploads\/2017\/11\/57586931_2114049255316203_9204029638752337920_n-225x300.jpg\" alt=\"\" width=\"225\" height=\"300\" srcset=\"http:\/\/sventejums.lt\/svente_jums\/wp-content\/uploads\/2017\/11\/57586931_2114049255316203_9204029638752337920_n-225x300.jpg 225w, http:\/\/sventejums.lt\/svente_jums\/wp-content\/uploads\/2017\/11\/57586931_2114049255316203_9204029638752337920_n.jpg 750w\" sizes=\"(max-width: 225px) 100vw, 225px\" \/><\/a><\/p>\n<p class=\"x1heor9g x1qlqyl8 x1pd3egz x1a2a7pz\"><strong>Vila &#8222;Avirio Vingis&#8221;:\u00a0<\/strong><span class=\"x193iq5w xeuugli x13faqbe x1vvkbs x1xmvt09 x1lliihq x1s928wv xhkezso x1gmr53x x1cpjm7i x1fgarty x1943h6x xudqn12 x3x7a5m x6prxxf xvq8zen xo1l8bm xzsf02u\" dir=\"auto\">Leipalingio Plentas 27A, Ver\u0161i\u0173 kaimas, Druskininku sav., Druskininkai<\/span><\/p>\n<p><a href=\"http:\/\/sventejums.lt\/svente_jums\/wp-content\/uploads\/2024\/03\/406324836_1126962665274162_679401733787174402_n.jpg\" rel=\"lightbox[75]\"><img loading=\"lazy\" decoding=\"async\" class=\"alignnone wp-image-5325 size-medium\" src=\"http:\/\/sventejums.lt\/svente_jums\/wp-content\/uploads\/2024\/03\/406324836_1126962665274162_679401733787174402_n-300x200.jpg\" alt=\"\" width=\"300\" height=\"200\" srcset=\"http:\/\/sventejums.lt\/svente_jums\/wp-content\/uploads\/2024\/03\/406324836_1126962665274162_679401733787174402_n-300x200.jpg 300w, http:\/\/sventejums.lt\/svente_jums\/wp-content\/uploads\/2024\/03\/406324836_1126962665274162_679401733787174402_n-768x512.jpg 768w, http:\/\/sventejums.lt\/svente_jums\/wp-content\/uploads\/2024\/03\/406324836_1126962665274162_679401733787174402_n.jpg 900w\" sizes=\"(max-width: 300px) 100vw, 300px\" \/><\/a><\/p>\n<p><span class=\"m-font-size-11 font-size-14\"><strong>Druskinink\u0117li\u0173 sodyba:\u00a0 <\/strong>Druskinink\u0117li\u0173 5, Druskinink\u0117li\u0173 km., Veisiej\u0173 sen., Lazdij\u0173 raj.<\/span><\/p>\n<p><a href=\"http:\/\/sventejums.lt\/svente_jums\/wp-content\/uploads\/2024\/03\/95097975_2670439466544318_1313117707368923136_n.jpg\" rel=\"lightbox[75]\"><img loading=\"lazy\" decoding=\"async\" class=\"alignnone wp-image-5326 size-medium\" src=\"http:\/\/sventejums.lt\/svente_jums\/wp-content\/uploads\/2024\/03\/95097975_2670439466544318_1313117707368923136_n-300x200.jpg\" alt=\"\" width=\"300\" height=\"200\" srcset=\"http:\/\/sventejums.lt\/svente_jums\/wp-content\/uploads\/2024\/03\/95097975_2670439466544318_1313117707368923136_n-300x200.jpg 300w, http:\/\/sventejums.lt\/svente_jums\/wp-content\/uploads\/2024\/03\/95097975_2670439466544318_1313117707368923136_n-768x511.jpg 768w, http:\/\/sventejums.lt\/svente_jums\/wp-content\/uploads\/2024\/03\/95097975_2670439466544318_1313117707368923136_n.jpg 828w\" sizes=\"(max-width: 300px) 100vw, 300px\" \/><\/a><\/p>\n<p><strong>Liep\u0173 krantas<\/strong><span class=\"m-font-size-11 font-size-14\"><strong>: <\/strong>E\u017eero g. 2, Seimeni\u0161ki\u0173 km., Alytaus raj.<\/span><\/p>\n<p><a href=\"http:\/\/sventejums.lt\/svente_jums\/wp-content\/uploads\/2024\/03\/424590247_853193990154231_2862864468965440188_n-1.jpg\" rel=\"lightbox[75]\"><img loading=\"lazy\" decoding=\"async\" class=\"alignnone wp-image-6193 size-medium\" src=\"http:\/\/sventejums.lt\/svente_jums\/wp-content\/uploads\/2024\/03\/424590247_853193990154231_2862864468965440188_n-1-225x300.jpg\" alt=\"\" width=\"225\" height=\"300\" srcset=\"http:\/\/sventejums.lt\/svente_jums\/wp-content\/uploads\/2024\/03\/424590247_853193990154231_2862864468965440188_n-1-225x300.jpg 225w, http:\/\/sventejums.lt\/svente_jums\/wp-content\/uploads\/2024\/03\/424590247_853193990154231_2862864468965440188_n-1.jpg 750w\" sizes=\"(max-width: 225px) 100vw, 225px\" \/><\/a><\/p>\n<p><strong>D\u0117l \u0161vent\u0117s vietos kreiptis el. pa\u0161tu:<\/strong> <a href=\"mailto:info@sventejums.lt\">info@sventejums.lt<\/a><\/p>\n","protected":false},"excerpt":{"rendered":"<p>Planuojate jauki\u0105 ir nedidel\u0119 \u0161vent\u0119 savo \u0161eimos, draug\u0173 ar koleg\u0173 tarpe, o gal ruo\u0161iate i\u0161kilming\u0105 puot\u0105 dideliame sve\u010di\u0173 rate, mes Jums pasi\u016blysime pa\u010di\u0105 tinkamiausi\u0105 viet\u0105 J\u016bs\u0173 \u0161ventei. Galime pasi\u016blyti Jums m\u016bs\u0173 turimas \u0161vent\u0117s erdves, taip pat rekomenduoti daugyb\u0119 sodyb\u0173, vil\u0173, dvar\u0173 bei kt. viet\u0173, kurios tikime Jums ir J\u016bs\u0173 sve\u010diams paliks nei\u0161dildomus \u012fsp\u016bd\u017eius. NAUJIENA: DZ\u016aKIJOS [&hellip;]<\/p>\n","protected":false},"author":2,"featured_media":0,"parent":21,"menu_order":3,"comment_status":"open","ping_status":"open","template":"","meta":{"footnotes":""},"aioseo_notices":[],"_links":{"self":[{"href":"http:\/\/sventejums.lt\/svente_jums\/wp-json\/wp\/v2\/pages\/75"}],"collection":[{"href":"http:\/\/sventejums.lt\/svente_jums\/wp-json\/wp\/v2\/pages"}],"about":[{"href":"http:\/\/sventejums.lt\/svente_jums\/wp-json\/wp\/v2\/types\/page"}],"author":[{"embeddable":true,"href":"http:\/\/sventejums.lt\/svente_jums\/wp-json\/wp\/v2\/users\/2"}],"replies":[{"embeddable":true,"href":"http:\/\/sventejums.lt\/svente_jums\/wp-json\/wp\/v2\/comments?post=75"}],"version-history":[{"count":52,"href":"http:\/\/sventejums.lt\/svente_jums\/wp-json\/wp\/v2\/pages\/75\/revisions"}],"predecessor-version":[{"id":7610,"href":"http:\/\/sventejums.lt\/svente_jums\/wp-json\/wp\/v2\/pages\/75\/revisions\/7610"}],"up":[{"embeddable":true,"href":"http:\/\/sventejums.lt\/svente_jums\/wp-json\/wp\/v2\/pages\/21"}],"wp:attachment":[{"href":"http:\/\/sventejums.lt\/svente_jums\/wp-json\/wp\/v2\/media?parent=75"}],"curies":[{"name":"wp","href":"https:\/\/api.w.org\/{rel}","templated":true}]}}