{"id":729,"date":"2013-08-07T05:52:23","date_gmt":"2013-08-07T05:52:23","guid":{"rendered":"http:\/\/sventejums.lt\/svente_jums\/?page_id=729"},"modified":"2013-09-13T23:29:48","modified_gmt":"2013-09-13T23:29:48","slug":"druskininku-teatro-festivalis","status":"publish","type":"page","link":"http:\/\/sventejums.lt\/svente_jums\/druskininku-teatro-festivalis\/","title":{"rendered":"Druskinink\u0173 teatro ir muzikos festivalis 2013 repertuaras"},"content":{"rendered":"<p align=\"center\"><a href=\"http:\/\/sventejums.lt\/svente_jums\/wp-content\/uploads\/2013\/08\/DTF-TEATRO-PROGRAMA-SU-KONECERTAIS-2013-WWW.pdf\" target=\"_blank\"><img loading=\"lazy\" decoding=\"async\" class=\" wp-image-737 alignright\" alt=\"dtfplakatas\" src=\"http:\/\/sventejums.lt\/svente_jums\/wp-content\/uploads\/2013\/08\/dtfplakatas1.jpg\" width=\"456\" height=\"720\" srcset=\"http:\/\/sventejums.lt\/svente_jums\/wp-content\/uploads\/2013\/08\/dtfplakatas1.jpg 634w, http:\/\/sventejums.lt\/svente_jums\/wp-content\/uploads\/2013\/08\/dtfplakatas1-190x300.jpg 190w\" sizes=\"(max-width: 456px) 100vw, 456px\" \/><\/a><\/p>\n<p align=\"center\"><b>DEVINTASIS\u00a0<\/b><\/p>\n<p align=\"center\"><b>DRUSKININK\u0172 TEATRO IR MUZIKOS FESTIVALIS<\/b><\/p>\n<p align=\"center\"><b>2013<\/b><\/p>\n<p style=\"text-align: center;\"><a href=\"http:\/\/sventejums.lt\/svente_jums\/wp-content\/uploads\/2013\/08\/DTF-TEATRO-PROGRAMA-SU-KONECERTAIS-2013-WWW.pdf\" target=\"_blank\"><strong>Festivalio programa\u00a02013<\/strong><\/a><\/p>\n<p style=\"text-align: center;\"><a href=\"http:\/\/sventejums.lt\/svente_jums\/wp-content\/uploads\/2013\/08\/DTF13_remejai.jpg\" rel=\"lightbox[729]\"><img loading=\"lazy\" decoding=\"async\" class=\" wp-image-781 alignleft\" alt=\"DTF13_remejai\" src=\"http:\/\/sventejums.lt\/svente_jums\/wp-content\/uploads\/2013\/08\/DTF13_remejai.jpg\" width=\"243\" height=\"380\" srcset=\"http:\/\/sventejums.lt\/svente_jums\/wp-content\/uploads\/2013\/08\/DTF13_remejai.jpg 639w, http:\/\/sventejums.lt\/svente_jums\/wp-content\/uploads\/2013\/08\/DTF13_remejai-191x300.jpg 191w\" sizes=\"(max-width: 243px) 100vw, 243px\" \/><\/a><\/p>\n<p style=\"text-align: left;\">Bilietus galima \u012fsigyti Jaunimo u\u017eimtumo centre,\u00a0<i>JUC\u00a0<\/i>(Veisiej\u0173 g. 17), Turizmo informacijos centre, TVIC (M. K. \u010ciurlionio g. 65), restorane- muzikiniame klube \u201eDruskinink\u0173 Kolonada\u201c (V. Kudirkos g. 22) bei prie\u0161 valand\u0105 rengini\u0173 vietose.<\/p>\n<p style=\"text-align: left;\">\u012e renginius, vykstan\u010dius \u201eDruskinink\u0173 Kolonadoje\u201c<i>,\u00a0<\/i>b\u016btina i\u0161ankstin\u0117 rezervacija tel.: +370 313 53409<\/p>\n<p style=\"text-align: left;\">Kontaktinis telefonas: 8620 66228<\/p>\n","protected":false},"excerpt":{"rendered":"<p>DEVINTASIS\u00a0 DRUSKININK\u0172 TEATRO IR MUZIKOS FESTIVALIS 2013 Festivalio programa\u00a02013 Bilietus galima \u012fsigyti Jaunimo u\u017eimtumo centre,\u00a0JUC\u00a0(Veisiej\u0173 g. 17), Turizmo informacijos centre, TVIC (M. K. \u010ciurlionio g. 65), restorane- muzikiniame klube \u201eDruskinink\u0173 Kolonada\u201c (V. Kudirkos g. 22) bei prie\u0161 valand\u0105 rengini\u0173 vietose. \u012e renginius, vykstan\u010dius \u201eDruskinink\u0173 Kolonadoje\u201c,\u00a0b\u016btina i\u0161ankstin\u0117 rezervacija tel.: +370 313 53409 Kontaktinis telefonas: 8620 66228<\/p>\n","protected":false},"author":1,"featured_media":0,"parent":0,"menu_order":0,"comment_status":"open","ping_status":"closed","template":"besub.php","meta":{"footnotes":""},"aioseo_notices":[],"_links":{"self":[{"href":"http:\/\/sventejums.lt\/svente_jums\/wp-json\/wp\/v2\/pages\/729"}],"collection":[{"href":"http:\/\/sventejums.lt\/svente_jums\/wp-json\/wp\/v2\/pages"}],"about":[{"href":"http:\/\/sventejums.lt\/svente_jums\/wp-json\/wp\/v2\/types\/page"}],"author":[{"embeddable":true,"href":"http:\/\/sventejums.lt\/svente_jums\/wp-json\/wp\/v2\/users\/1"}],"replies":[{"embeddable":true,"href":"http:\/\/sventejums.lt\/svente_jums\/wp-json\/wp\/v2\/comments?post=729"}],"version-history":[{"count":54,"href":"http:\/\/sventejums.lt\/svente_jums\/wp-json\/wp\/v2\/pages\/729\/revisions"}],"predecessor-version":[{"id":995,"href":"http:\/\/sventejums.lt\/svente_jums\/wp-json\/wp\/v2\/pages\/729\/revisions\/995"}],"wp:attachment":[{"href":"http:\/\/sventejums.lt\/svente_jums\/wp-json\/wp\/v2\/media?parent=729"}],"curies":[{"name":"wp","href":"https:\/\/api.w.org\/{rel}","templated":true}]}}