{"id":7161,"date":"2025-03-29T19:51:02","date_gmt":"2025-03-29T19:51:02","guid":{"rendered":"https:\/\/sventejums.lt\/svente_jums\/?page_id=7161"},"modified":"2025-03-29T20:29:09","modified_gmt":"2025-03-29T20:29:09","slug":"velyku-meniu-alytus-2025","status":"publish","type":"page","link":"http:\/\/sventejums.lt\/svente_jums\/velyku-meniu-alytus-2025\/","title":{"rendered":"Velyk\u0173 meniu. Alytus 2025"},"content":{"rendered":"\n<p class=\"has-text-align-center\">Velyk\u0173 meniu. Alytus 2025<\/p>\n\n\n\n<figure class=\"wp-block-image size-large is-resized\"><img loading=\"lazy\" decoding=\"async\" width=\"900\" height=\"294\" src=\"https:\/\/sventejums.lt\/svente_jums\/wp-content\/uploads\/2025\/03\/IMG_7710-1-900x294.jpg\" alt=\"\" class=\"wp-image-7167\" style=\"width:838px;height:auto\" srcset=\"http:\/\/sventejums.lt\/svente_jums\/wp-content\/uploads\/2025\/03\/IMG_7710-1-900x294.jpg 900w, http:\/\/sventejums.lt\/svente_jums\/wp-content\/uploads\/2025\/03\/IMG_7710-1-300x98.jpg 300w, http:\/\/sventejums.lt\/svente_jums\/wp-content\/uploads\/2025\/03\/IMG_7710-1-768x251.jpg 768w, http:\/\/sventejums.lt\/svente_jums\/wp-content\/uploads\/2025\/03\/IMG_7710-1.jpg 1496w\" sizes=\"(max-width: 900px) 100vw, 900px\" \/><\/figure>\n\n\n\n<p><\/p>\n\n\n\n<p>ATSISI\u0172STI MENIU LENTEL\u0118 U\u017dSAKYMO PILDYMUI: <\/p>\n\n\n\n<p>\u010cIA\u00a0<a href=\"http:\/\/sventejums.lt\/svente_jums\/wp-content\/uploads\/2025\/03\/Meniu-Velykos-Alytus-2025.xlsx\" target=\"_blank\" rel=\"noopener ugc\" title=\"Velyku meniu i namus. Alytus 2025\">Velyku meniu i namus. Alytus 2025<\/a><\/p>\n\n\n\n<p>ARBA PARA\u0160YKITE MUMS U\u017dKLAUS\u0104 <a href=\"mailto:info@sventejums.lt\" target=\"_blank\" rel=\"noopener ugc\" title=\"\">info@sventejums.lt<\/a> IR MES JUMS ATSI\u0172SIME MENIU EL. PA\u0160TU.<\/p>\n\n\n\n<figure class=\"wp-block-image size-large\"><img decoding=\"async\" src=\"https:\/\/sventejums.lt\/svente_jums\/wp-content\/uploads\/2025\/03\/IMG_7711-792x1000.jpeg\" alt=\"\"\/><\/figure>\n\n\n\n<figure class=\"wp-block-image size-large\"><img decoding=\"async\" src=\"http:\/\/sventejums.lt\/svente_jums\/wp-content\/uploads\/2025\/03\/IMG_7712.jpeg\" alt=\"\"\/><\/figure>\n\n\n\n<figure class=\"wp-block-image size-large\"><img decoding=\"async\" src=\"https:\/\/sventejums.lt\/svente_jums\/wp-content\/uploads\/2025\/03\/IMG_7713-854x1000.jpeg\" alt=\"\"\/><\/figure>\n\n\n\n<figure class=\"wp-block-image size-large\"><img decoding=\"async\" src=\"https:\/\/sventejums.lt\/svente_jums\/wp-content\/uploads\/2025\/03\/IMG_7714-857x1000.jpeg\" alt=\"\"\/><\/figure>\n\n\n\n<figure class=\"wp-block-image size-large\"><img decoding=\"async\" src=\"https:\/\/sventejums.lt\/svente_jums\/wp-content\/uploads\/2025\/03\/IMG_7715-437x1000.jpeg\" alt=\"\"\/><\/figure>\n\n\n\n<figure class=\"wp-block-image size-large\"><img decoding=\"async\" src=\"https:\/\/sventejums.lt\/svente_jums\/wp-content\/uploads\/2025\/03\/IMG_7716-513x1000.jpeg\" alt=\"\"\/><\/figure>\n\n\n\n<figure class=\"wp-block-image size-large\"><img decoding=\"async\" src=\"https:\/\/sventejums.lt\/svente_jums\/wp-content\/uploads\/2025\/03\/IMG_7717-471x1000.jpeg\" alt=\"\"\/><\/figure>\n\n\n\n<figure class=\"wp-block-image size-large\"><img decoding=\"async\" src=\"https:\/\/sventejums.lt\/svente_jums\/wp-content\/uploads\/2025\/03\/IMG_7718-600x1000.jpeg\" alt=\"\"\/><\/figure>\n\n\n\n<figure class=\"wp-block-gallery has-nested-images columns-default is-cropped wp-block-gallery-1 is-layout-flex wp-block-gallery-is-layout-flex\">\n<figure class=\"wp-block-image size-large\"><img loading=\"lazy\" decoding=\"async\" width=\"607\" height=\"1000\" data-id=\"7189\" src=\"https:\/\/sventejums.lt\/svente_jums\/wp-content\/uploads\/2025\/03\/IMG_7720-607x1000.jpeg\" alt=\"\" class=\"wp-image-7189\" srcset=\"http:\/\/sventejums.lt\/svente_jums\/wp-content\/uploads\/2025\/03\/IMG_7720-607x1000.jpeg 607w, http:\/\/sventejums.lt\/svente_jums\/wp-content\/uploads\/2025\/03\/IMG_7720-182x300.jpeg 182w, http:\/\/sventejums.lt\/svente_jums\/wp-content\/uploads\/2025\/03\/IMG_7720-768x1265.jpeg 768w, http:\/\/sventejums.lt\/svente_jums\/wp-content\/uploads\/2025\/03\/IMG_7720.jpeg 884w\" sizes=\"(max-width: 607px) 100vw, 607px\" \/><\/figure>\n<\/figure>\n\n\n\n<p><\/p>\n","protected":false},"excerpt":{"rendered":"<p>Velyk\u0173 meniu. Alytus 2025 ATSISI\u0172STI MENIU LENTEL\u0118 U\u017dSAKYMO PILDYMUI: \u010cIA\u00a0Velyku meniu i namus. Alytus 2025 ARBA PARA\u0160YKITE MUMS U\u017dKLAUS\u0104 info@sventejums.lt IR MES JUMS ATSI\u0172SIME MENIU EL. PA\u0160TU.<\/p>\n","protected":false},"author":2,"featured_media":0,"parent":0,"menu_order":0,"comment_status":"closed","ping_status":"closed","template":"","meta":{"footnotes":""},"aioseo_notices":[],"_links":{"self":[{"href":"http:\/\/sventejums.lt\/svente_jums\/wp-json\/wp\/v2\/pages\/7161"}],"collection":[{"href":"http:\/\/sventejums.lt\/svente_jums\/wp-json\/wp\/v2\/pages"}],"about":[{"href":"http:\/\/sventejums.lt\/svente_jums\/wp-json\/wp\/v2\/types\/page"}],"author":[{"embeddable":true,"href":"http:\/\/sventejums.lt\/svente_jums\/wp-json\/wp\/v2\/users\/2"}],"replies":[{"embeddable":true,"href":"http:\/\/sventejums.lt\/svente_jums\/wp-json\/wp\/v2\/comments?post=7161"}],"version-history":[{"count":15,"href":"http:\/\/sventejums.lt\/svente_jums\/wp-json\/wp\/v2\/pages\/7161\/revisions"}],"predecessor-version":[{"id":7196,"href":"http:\/\/sventejums.lt\/svente_jums\/wp-json\/wp\/v2\/pages\/7161\/revisions\/7196"}],"wp:attachment":[{"href":"http:\/\/sventejums.lt\/svente_jums\/wp-json\/wp\/v2\/media?parent=7161"}],"curies":[{"name":"wp","href":"https:\/\/api.w.org\/{rel}","templated":true}]}}