{"id":43,"date":"2013-04-15T18:16:39","date_gmt":"2013-04-15T18:16:39","guid":{"rendered":"http:\/\/sventejums.lt\/svente_jums\/?page_id=43"},"modified":"2024-06-26T11:16:01","modified_gmt":"2024-06-26T11:16:01","slug":"apie-mus","status":"publish","type":"page","link":"http:\/\/sventejums.lt\/svente_jums\/apie-mus\/","title":{"rendered":"Apie mus"},"content":{"rendered":"<p style=\"text-align: center;\"><a href=\"http:\/\/sventejums.lt\/svente_jums\/wp-content\/uploads\/2024\/06\/IMG-c4ef3f949b8d0f343d366f4d519b9118-V.jpg\" rel=\"lightbox[43]\"><img loading=\"lazy\" decoding=\"async\" class=\"size-medium wp-image-6837 alignright\" src=\"http:\/\/sventejums.lt\/svente_jums\/wp-content\/uploads\/2024\/06\/IMG-c4ef3f949b8d0f343d366f4d519b9118-V-225x300.jpg\" alt=\"\" width=\"225\" height=\"300\" srcset=\"http:\/\/sventejums.lt\/svente_jums\/wp-content\/uploads\/2024\/06\/IMG-c4ef3f949b8d0f343d366f4d519b9118-V-225x300.jpg 225w, http:\/\/sventejums.lt\/svente_jums\/wp-content\/uploads\/2024\/06\/IMG-c4ef3f949b8d0f343d366f4d519b9118-V.jpg 750w\" sizes=\"(max-width: 225px) 100vw, 225px\" \/><\/a>UAB \u201e\u0160vent\u0117 Jums\u201c savo veikl\u0105 prad\u0117jo 2005 met\u0173 rugpj\u016bt\u012f. Per \u0161iuos metus sukaupta patirtis, \u012fgytas pasitik\u0117jimas bei nuolatinis noras tobul\u0117ti leid\u017eia tapti ne vieno kliento kasmetini\u0173 \u0161ven\u010di\u0173 bei rengini\u0173 dalimi.<\/p>\n<p style=\"text-align: center;\">Esame ne naujokai tiek priva\u010di\u0173, tiek verslo \u0161ven\u010di\u0173 organizavime. Profesionaliai ir k\u016brybi\u0161kai \u012fgyvendiname itin didel\u0117s atsakomyb\u0117s reikalaujan\u010dius sumanymus ir projektus. Nuo rami\u0173 ir jauki\u0173 pasis\u0117d\u0117jim\u0173 lyri\u0161koje aplinkoje, skambant gyvo garso muzikai, ir baigiant griausmingais, visa drebinan\u010diais vakar\u0117liais.<\/p>\n<p style=\"text-align: center;\">Jauki aplinka, nepriekai\u0161tingas kvalifikuot\u0173 vir\u0117j\u0173 ir aptarnaujan\u010dio personalo darbas leis atsipalaiduoti bei m\u0117gautis maloniomis \u0161vent\u0117s akimirkomis. Patyr\u0119 virtuv\u0117s specialistai nustebins sve\u010dius i\u0161skirtiniais patiekalais, o aptarnaujantis personalas auk\u0161ta aptarnavimo kokybe.<\/p>\n<p style=\"text-align: center;\">Auk\u0161\u010diausias \u012fvertinimas mums \u2013 tai laiming\u0173 klient\u0173 bei J\u0173 bi\u010diuli\u0173 nebl\u0117stan\u010dio d\u017eiaugsmo ir nei\u0161dildom\u0173 prisiminim\u0173 kupinos \u0161irdys.<\/p>\n<p style=\"text-align: center;\" align=\"center\"><span style=\"color: #333399;\"><strong>Paverskite savo \u0161vent\u0119 i\u0161sipild\u017eiusia svajone !!!<\/strong><\/span><\/p>\n<p align=\"center\">\n","protected":false},"excerpt":{"rendered":"<p>UAB \u201e\u0160vent\u0117 Jums\u201c savo veikl\u0105 prad\u0117jo 2005 met\u0173 rugpj\u016bt\u012f. Per \u0161iuos metus sukaupta patirtis, \u012fgytas pasitik\u0117jimas bei nuolatinis noras tobul\u0117ti leid\u017eia tapti ne vieno kliento kasmetini\u0173 \u0161ven\u010di\u0173 bei rengini\u0173 dalimi. Esame ne naujokai tiek priva\u010di\u0173, tiek verslo \u0161ven\u010di\u0173 organizavime. Profesionaliai ir k\u016brybi\u0161kai \u012fgyvendiname itin didel\u0117s atsakomyb\u0117s reikalaujan\u010dius sumanymus ir projektus. Nuo rami\u0173 ir jauki\u0173 pasis\u0117d\u0117jim\u0173 [&hellip;]<\/p>\n","protected":false},"author":2,"featured_media":0,"parent":0,"menu_order":4,"comment_status":"open","ping_status":"closed","template":"besub.php","meta":{"footnotes":""},"aioseo_notices":[],"_links":{"self":[{"href":"http:\/\/sventejums.lt\/svente_jums\/wp-json\/wp\/v2\/pages\/43"}],"collection":[{"href":"http:\/\/sventejums.lt\/svente_jums\/wp-json\/wp\/v2\/pages"}],"about":[{"href":"http:\/\/sventejums.lt\/svente_jums\/wp-json\/wp\/v2\/types\/page"}],"author":[{"embeddable":true,"href":"http:\/\/sventejums.lt\/svente_jums\/wp-json\/wp\/v2\/users\/2"}],"replies":[{"embeddable":true,"href":"http:\/\/sventejums.lt\/svente_jums\/wp-json\/wp\/v2\/comments?post=43"}],"version-history":[{"count":95,"href":"http:\/\/sventejums.lt\/svente_jums\/wp-json\/wp\/v2\/pages\/43\/revisions"}],"predecessor-version":[{"id":6844,"href":"http:\/\/sventejums.lt\/svente_jums\/wp-json\/wp\/v2\/pages\/43\/revisions\/6844"}],"wp:attachment":[{"href":"http:\/\/sventejums.lt\/svente_jums\/wp-json\/wp\/v2\/media?parent=43"}],"curies":[{"name":"wp","href":"https:\/\/api.w.org\/{rel}","templated":true}]}}