{"id":3872,"date":"2020-12-02T10:54:08","date_gmt":"2020-12-02T10:54:08","guid":{"rendered":"http:\/\/sventejums.lt\/svente_jums\/?page_id=3872"},"modified":"2025-12-18T12:48:11","modified_gmt":"2025-12-18T12:48:11","slug":"kuciu-kaledu-meniu","status":"publish","type":"page","link":"http:\/\/sventejums.lt\/svente_jums\/kuciu-kaledu-meniu\/","title":{"rendered":"K\u016a\u010cI\u0172 + KAL\u0116D\u0172 MENIU"},"content":{"rendered":"<p><a href=\"http:\/\/sventejums.lt\/svente_jums\/wp-content\/uploads\/2025\/11\/svente-kaledos.png\" rel=\"lightbox[3872]\"><img loading=\"lazy\" decoding=\"async\" class=\"alignnone size-full wp-image-7548\" src=\"http:\/\/sventejums.lt\/svente_jums\/wp-content\/uploads\/2025\/11\/svente-kaledos.png\" alt=\"\" width=\"900\" height=\"507\" srcset=\"http:\/\/sventejums.lt\/svente_jums\/wp-content\/uploads\/2025\/11\/svente-kaledos.png 900w, http:\/\/sventejums.lt\/svente_jums\/wp-content\/uploads\/2025\/11\/svente-kaledos-300x169.png 300w, http:\/\/sventejums.lt\/svente_jums\/wp-content\/uploads\/2025\/11\/svente-kaledos-768x433.png 768w\" sizes=\"(max-width: 900px) 100vw, 900px\" \/><\/a><\/p>\n<p>Meniu atsisi\u0173sti \u010dia: <a href=\"http:\/\/sventejums.lt\/svente_jums\/wp-content\/uploads\/2025\/11\/Sventinis-meniu-i-namus_Klientui_2025-atnaujintas.pdf\" target=\"_blank\" rel=\"noopener\">\u0160ventinis meniu i namus_Klientui_2025 atnaujintas<\/a><\/p>\n<p><a href=\"http:\/\/sventejums.lt\/svente_jums\/wp-content\/uploads\/2025\/05\/20220417_081513.jpg\" rel=\"lightbox[3872]\"><img loading=\"lazy\" decoding=\"async\" class=\"alignnone wp-image-7451 size-thumbnail\" src=\"http:\/\/sventejums.lt\/svente_jums\/wp-content\/uploads\/2025\/05\/20220417_081513-150x150.jpg\" alt=\"\" width=\"150\" height=\"150\" \/><\/a> <a href=\"http:\/\/sventejums.lt\/svente_jums\/wp-content\/uploads\/2025\/05\/481069662_1034928032013261_1128388000218568222_n.jpg\" rel=\"lightbox[3872]\"><img loading=\"lazy\" decoding=\"async\" class=\"alignnone wp-image-7463 size-thumbnail\" src=\"http:\/\/sventejums.lt\/svente_jums\/wp-content\/uploads\/2025\/05\/481069662_1034928032013261_1128388000218568222_n-150x150.jpg\" alt=\"\" width=\"150\" height=\"150\" \/><\/a> <a href=\"http:\/\/sventejums.lt\/svente_jums\/wp-content\/uploads\/2025\/04\/IMG_0362.jpg\" rel=\"lightbox[3872]\"><img loading=\"lazy\" decoding=\"async\" class=\"alignnone wp-image-7295 size-thumbnail\" src=\"http:\/\/sventejums.lt\/svente_jums\/wp-content\/uploads\/2025\/04\/IMG_0362-150x150.jpg\" alt=\"\" width=\"150\" height=\"150\" \/><\/a> <a href=\"http:\/\/sventejums.lt\/svente_jums\/wp-content\/uploads\/2025\/03\/IMG-ddec27e3ce5a6dec7a0188967b350a45-V.jpg\" rel=\"lightbox[3872]\"><img loading=\"lazy\" decoding=\"async\" class=\"alignnone wp-image-6992 size-thumbnail\" src=\"http:\/\/sventejums.lt\/svente_jums\/wp-content\/uploads\/2025\/03\/IMG-ddec27e3ce5a6dec7a0188967b350a45-V-150x150.jpg\" alt=\"\" width=\"150\" height=\"150\" \/><\/a> <a href=\"http:\/\/sventejums.lt\/svente_jums\/wp-content\/uploads\/2025\/04\/IMG-0006b7115f1918fefdc1ff44b3ccad58-V2gtrg-1.jpg\" rel=\"lightbox[3872]\"><img loading=\"lazy\" decoding=\"async\" class=\"alignnone wp-image-7252 size-thumbnail\" src=\"http:\/\/sventejums.lt\/svente_jums\/wp-content\/uploads\/2025\/04\/IMG-0006b7115f1918fefdc1ff44b3ccad58-V2gtrg-1-150x150.jpg\" alt=\"\" width=\"150\" height=\"150\" \/><\/a><a href=\"http:\/\/sventejums.lt\/svente_jums\/wp-content\/uploads\/2025\/03\/IMG-e9173d632e2de2f137b6990992aa11b3-V.jpg\" rel=\"lightbox[3872]\"> <img loading=\"lazy\" decoding=\"async\" class=\"alignnone wp-image-6989 size-thumbnail\" src=\"http:\/\/sventejums.lt\/svente_jums\/wp-content\/uploads\/2025\/03\/IMG-e9173d632e2de2f137b6990992aa11b3-V-150x150.jpg\" alt=\"\" width=\"150\" height=\"150\" \/><\/a><a href=\"http:\/\/sventejums.lt\/svente_jums\/wp-content\/uploads\/2024\/04\/D35A0208-1.jpg\" rel=\"lightbox[3872]\"> <img loading=\"lazy\" decoding=\"async\" class=\"alignnone wp-image-6555 size-thumbnail\" src=\"http:\/\/sventejums.lt\/svente_jums\/wp-content\/uploads\/2024\/04\/D35A0208-1-150x150.jpg\" alt=\"\" width=\"150\" height=\"150\" \/><\/a><a href=\"http:\/\/sventejums.lt\/svente_jums\/wp-content\/uploads\/2024\/06\/D35A4752-1.jpg\" rel=\"lightbox[3872]\"> <img loading=\"lazy\" decoding=\"async\" class=\"alignnone wp-image-6831 size-thumbnail\" src=\"http:\/\/sventejums.lt\/svente_jums\/wp-content\/uploads\/2024\/06\/D35A4752-1-150x150.jpg\" alt=\"\" width=\"150\" height=\"150\" \/><\/a><\/p>\n\n\n<figure class=\"wp-block-table is-style-regular\"><table class=\"has-white-background-color has-background\"><tbody><tr><td><strong>Vieta: <\/strong>U\u017esakymo pa\u0117mimas i\u0161 Gamybos g. 14, Alytus<\/td><td>&nbsp;<\/td><td>&nbsp;<\/td><td>&nbsp;<\/td><\/tr><tr><td><strong>Data:<\/strong> <mark style=\"background-color:rgba(0, 0, 0, 0)\" class=\"has-inline-color has-vivid-red-color\"><strong>[Stabdome u\u017esakym\u0173 pri\u0117mim\u0105 K\u016b\u010dioms]<\/strong><\/mark><\/td><td>&nbsp;<\/td><td>&nbsp;<\/td><td>&nbsp;<\/td><\/tr><tr><td><strong>Laikas:<\/strong><\/td><td>&nbsp;<\/td><td>&nbsp;<\/td><td>&nbsp;<\/td><\/tr><tr><td><strong>U\u017esakovas, kontaktai:<\/strong><\/td><td>&nbsp;<\/td><td>&nbsp;<\/td><td>&nbsp;<\/td><\/tr><tr><td><strong><mark style=\"background-color:#7bdcb5\" class=\"has-inline-color\">\u0160VENTINIS MENIU<\/mark><\/strong><\/td><td><strong>Kiekis<\/strong><\/td><td><strong>Kaina, \u20ac<\/strong><\/td><td><strong>Suma, \u20ac<\/strong><\/td><\/tr><tr><td colspan=\"4\"><strong>Mes pagaminame ir paserviruojame patiekalus m\u016bs\u0173 l\u0117k\u0161t\u0117se.&nbsp; Atiduodame aptrauktas maistine pl\u0117vele. Jums belieka, patiekalus pateikti ant \u0161ventinio stalo \ud83d\ude42<\/strong><\/td><\/tr><tr><td><strong><mark style=\"background-color:#7bdcb5\" class=\"has-inline-color has-black-color\">\u0160altieji patiekalai ir u\u017ekand\u017eiai i\u0161 \u017euvies<\/mark><\/strong> <\/td><td><strong>&nbsp;<\/strong><\/td><td>&nbsp;<\/td><td>&nbsp;<\/td><\/tr><tr><td><strong><mark style=\"background-color:#7bdcb5\" class=\"has-inline-color\">\u0160altieji patiekalai ir u\u017ekand\u017eiai i\u0161 silk\u0117s ~450 g<\/mark><\/strong><\/td><td><strong>&nbsp;<\/strong><\/td><td>&nbsp;<\/td><td>&nbsp;<\/td><\/tr><tr><td>D\u017eine marinuota skumbr\u0117 su sald\u017eiaisiais svog\u016bnais ir d\u017eiovintomis spanguol\u0117mis<\/td><td><strong>&nbsp;<\/strong><\/td><td>13,00<\/td><td>0,00<\/td><\/tr><tr><td>Silk\u0117 su d\u017eiovintais mi\u0161ko grybais, moli\u016bgais, porais, vy\u0161niniais pomidoriukais, purpurin\u0117mis bulvyt\u0117mis, vytint\u0173 pomidor\u0173 majonezu<\/td><td><strong>&nbsp;<\/strong><\/td><td>13,00<\/td><td>0,00<\/td><\/tr><tr><td>Silk\u0117, burok\u0117li\u0173 ir batat\u0173 karpa\u010das, marinuoti svog\u016bnai, pankoliai, obuoliai, pomidoriukai, d\u017eiovintos spanguol\u0117s<\/td><td>&nbsp;<\/td><td>11,00<\/td><td>0,00<\/td><\/tr><tr><td>Silk\u0117 su voverait\u0117mis, keptomis dar\u017eov\u0117mis<\/td><td>&nbsp;<\/td><td>12,00<\/td><td>0,00<\/td><\/tr><tr><td><strong><mark style=\"background-color:#7bdcb5\" class=\"has-inline-color has-black-color\">Patiekalai i\u0161 \u017euvies ~550 g<\/mark><\/strong><\/td><td>&nbsp;<\/td><td>&nbsp;<\/td><td>&nbsp;<\/td><\/tr><tr><td>Kepta plek\u0161n\u0117 temp\u016bros te\u0161loje, miso majonezas, pomidoriukai, keptos dar\u017eov\u0117s<\/td><td>&nbsp;<\/td><td>18,00<\/td><td>0,00<\/td><\/tr><tr><td>Kepta menk\u0117 svog\u016bn\u0173 pesto plutel\u0117je, plek\u0161n\u0117 kukur\u016bz\u0173 te\u0161loje, gruzdintos batat\u0173 juostel\u0117s, \u010desnakinis jogurto pada\u017eas<\/td><td>&nbsp;<\/td><td>19,00<\/td><td>0,00<\/td><\/tr><tr><td>A\u0161tuonkoj\u0173 terinas su j\u016bros dumbliais, salsa verde pagardas, keptos dar\u017eov\u0117s, alyvuog\u0117s, kapar\u0117liai, miso majonezas<\/td><td>&nbsp;<\/td><td>21,00<\/td><td>0,00<\/td><\/tr><tr><td>Marinuotas rausvasis tunas <em>teriyaki<\/em> pada\u017ee, su marinuotais imbierais, japoni\u0161kais krienais <em>Wasabi<\/em>, <em>Wakami<\/em> j\u016bros dumbliais<\/td><td>&nbsp;<\/td><td>25,00<\/td><td>0,00<\/td><\/tr><tr><td>La\u0161i\u0161os <em>tataki:<\/em> marinuoti avokadai, \u017ealumynai, <em>wasabi<\/em> \u017eel\u0117, up\u0117taki\u0173 ikrai, marinuoti japoni\u0161ki ridikai, skrudintos sezam\u0173 s\u0117klos<\/td><td>&nbsp;<\/td><td>22,00<\/td><td>0,00<\/td><\/tr><tr><td>Grilinta sviesta\u017euv\u0117, \u017ealumynai, kapari\u0173 uogos, agurkai, marinuoti&nbsp; obuoliai, apelsin\u0173 &#8211; medaus &#8211; gr\u016bd\u0117t\u0173 garsty\u010di\u0173 pada\u017eas<\/td><td>&nbsp;<\/td><td>23,00<\/td><td>0,00<\/td><\/tr><tr><td><strong><em><mark style=\"background-color:#7bdcb5\" class=\"has-inline-color has-black-color\">2 in 1<\/mark><\/em><\/strong><\/td><td>&nbsp;<\/td><td>&nbsp;<\/td><td>&nbsp;<\/td><\/tr><tr><td>Kepta plek\u0161n\u0117 temp\u016bros te\u0161loje; Kepta plek\u0161n\u0117 temp\u016bros te\u0161loje; afrikinio \u0161amo juostel\u0117s su pistacij\u0173 ir \u017ealumyn\u0173 plutele, miso majonezas<\/td><td>&nbsp;<\/td><td>18,00<\/td><td>0,00<\/td><\/tr><tr><td><strong><mark style=\"background-color:#7bdcb5\" class=\"has-inline-color\">\u0160altieji patiekalai ir u\u017ekand\u017eiai i\u0161 m\u0117sos<\/mark><\/strong><\/td><td><strong>&nbsp;<\/strong><\/td><td>&nbsp;<\/td><td>&nbsp;<\/td><\/tr><tr><td><strong><mark style=\"background-color:#7bdcb5\" class=\"has-inline-color\">Patiekalai serviruojami \u012f l\u0117k\u0161tes ~ 550 g<\/mark><\/strong><\/td><td><strong>&nbsp;<\/strong><\/td><td>&nbsp;<\/td><td>&nbsp;<\/td><\/tr><tr><td>Vi\u0161tienos ir antienos galantinas, apelsin\u0173 karpa\u010das, pistacijos, kar\u010di\u0173j\u0173 apelsin\u0173 d\u017eemas<\/td><td>&nbsp;<\/td><td>21,00<\/td><td>0,00<\/td><\/tr><tr><td>L\u0117tai kepta kiaulienos i\u0161pjova su garsty\u010di\u0173 plutele, glaz\u016bruotos \u0161paragin\u0117s pupel\u0117s, paskanintos nduja, keptos dar\u017eov\u0117s, mandarinai konfi, karamelizuoti burok\u0117liai<\/td><td>&nbsp;<\/td><td>21,00<\/td><td>0,00<\/td><\/tr><tr><td>L\u0117tai kepta kalakutienos kr\u016btin\u0117l\u0117, mang\u0173-ananas\u0173 salsa, granatai, pistacijos<\/td><td>&nbsp;<\/td><td>21,00<\/td><td>0,00<\/td><\/tr><tr><td>L\u0117tai kepta anties kr\u016btin\u0117l\u0117 su rozmarinais, graiki\u0161k\u0173 rie\u0161ut\u0173 salsa, flambiruoti vaisiai, kar\u010di\u0173j\u0173 apelsin\u0173 d\u017eemas&nbsp;&nbsp;&nbsp;&nbsp;&nbsp;&nbsp;&nbsp;&nbsp;&nbsp;&nbsp;&nbsp;&nbsp;&nbsp;&nbsp;&nbsp;&nbsp;&nbsp;&nbsp;&nbsp;&nbsp;&nbsp;&nbsp;&nbsp;&nbsp;&nbsp;&nbsp;&nbsp;&nbsp;&nbsp;&nbsp;&nbsp;&nbsp;&nbsp;&nbsp;&nbsp;&nbsp;&nbsp;&nbsp;&nbsp;&nbsp;&nbsp;&nbsp;&nbsp;&nbsp;&nbsp;&nbsp;&nbsp;&nbsp;&nbsp;&nbsp;&nbsp;&nbsp;&nbsp;&nbsp;&nbsp;<\/td><td>&nbsp;<\/td><td>23,00<\/td><td>0,00<\/td><\/tr><tr><td>Antienos pa\u0161tetas su voverait\u0117mis ir spanguol\u0117mis, flambiruoti vaisiai, mandarinai konfi, svog\u016bn\u0173 uogien\u0117<\/td><td>&nbsp;<\/td><td>16,00<\/td><td>0,00<\/td><\/tr><tr><td>Jautienos lie\u017euvio suktinukai su krien\u0173 ir majonezo pada\u017eu, keptos dar\u017eov\u0117s, grill cukinijos<\/td><td>&nbsp;<\/td><td>21,00<\/td><td>0,00<\/td><\/tr><tr><td>Jautiena rytieti\u0161kai <em>teppanyjaki<\/em>, keptos dar\u017eov\u0117s, nameko grybai, hoisin pada\u017eas<\/td><td>&nbsp;<\/td><td>24,00<\/td><td>0,00<\/td><\/tr><tr><td>Pl\u0117\u0161yta antiena <em>Bao<\/em> styliumi, agurkai, japoni\u0161ki ridikai, <em>Wakami<\/em> j\u016bros dumbliai, glaz\u016bruotos morkyt\u0117s, kininiai bastu\u010diai, <em>Sriracha<\/em> majonezas<\/td><td>&nbsp;<\/td><td>23,00<\/td><td>0,00<\/td><\/tr><tr><td>Kiaulienos sprandin\u0117 su \u017ealumyn\u0173 ir pipirm\u0117\u010di\u0173 plutele, keptos glazuruotos dar\u017eov\u0117s<\/td><td>&nbsp;<\/td><td>20,00<\/td><td>0,00<\/td><\/tr><tr><td>\u017demoje temperat\u016broje kepta kiauliena BBQ glaz\u016broje, keptos dar\u017eov\u0117s, svog\u016bn\u0173 uogien\u0117<\/td><td>&nbsp;<\/td><td>20,00<\/td><td>0,00<\/td><\/tr><tr><td><strong><em><mark style=\"background-color:#7bdcb5\" class=\"has-inline-color\">2 in 1<\/mark><\/em><\/strong><\/td><td>&nbsp;<\/td><td>&nbsp;<\/td><td>&nbsp;<\/td><\/tr><tr><td>L\u0117tai kepta anties kr\u016btin\u0117l\u0117 su rozmarinais&nbsp;&nbsp;&nbsp;&nbsp;&nbsp;&nbsp;&nbsp;&nbsp;&nbsp;&nbsp;&nbsp;&nbsp;&nbsp;&nbsp;&nbsp;&nbsp;&nbsp;&nbsp;&nbsp;&nbsp;&nbsp;&nbsp;&nbsp;&nbsp;&nbsp;&nbsp;&nbsp;&nbsp;&nbsp;&nbsp;&nbsp;&nbsp;&nbsp;&nbsp;&nbsp;&nbsp;&nbsp;&nbsp;&nbsp;&nbsp;&nbsp;&nbsp;&nbsp;&nbsp;&nbsp;&nbsp;&nbsp;&nbsp;&nbsp;&nbsp;&nbsp;&nbsp;&nbsp;&nbsp;&nbsp;<\/td><td rowspan=\"2\">&nbsp;<\/td><td rowspan=\"2\">22,00<\/td><td rowspan=\"2\">0,00<\/td><\/tr><tr><td>L\u0117tai kepta kalakutienos kr\u016btin\u0117l\u0117, mang\u0173-ananas\u0173 salsa, granatai, pistacijos<\/td><\/tr><tr><td>Jautienos lie\u017euvio suktinukai su krien\u0173 ir majonezo pada\u017eu, keptos dar\u017eov\u0117s<\/td><td rowspan=\"2\">&nbsp;<\/td><td rowspan=\"2\">21,00<\/td><td rowspan=\"2\">0,00<\/td><\/tr><tr><td>\u017demoje temperat\u016broje kepta kiauliena BBQ glaz\u016broje, keptos dar\u017eov\u0117s, svog\u016bn\u0173 uogien\u0117<\/td><\/tr><tr><td><strong><mark style=\"background-color:#7bdcb5\" class=\"has-inline-color\">Visa<\/mark><\/strong><\/td><td>&nbsp;<\/td><td>&nbsp;<\/td><td>&nbsp;<\/td><\/tr><tr><td>Vi\u0161ta, kim\u0161ta, migdolais, abrikosais, d\u017eiovintos slyvos(~2.5kg\\vnt.)<\/td><td>&nbsp;<\/td><td>19,00<\/td><td>0,00<\/td><\/tr><tr><td>Antis, kim\u0161ta d\u017eiovintomis figomis, apelsinais, ananasais (~2,5 kg\/vnt.)<\/td><td>&nbsp;<\/td><td>26,00<\/td><td>0,00<\/td><\/tr><tr><td><strong><mark style=\"background-color:#7bdcb5\" class=\"has-inline-color has-black-color\">\u017dalumynai, dar\u017eov\u0117s, salotos<\/mark><\/strong><\/td><td><strong>&nbsp;<\/strong><\/td><td>&nbsp;<\/td><td>&nbsp;<\/td><\/tr><tr><td><strong><mark style=\"background-color:#7bdcb5\" class=\"has-inline-color\">Patiekalai serviruojami \u012f l\u0117k\u0161tes ~ 600 g<\/mark><\/strong><\/td><td><strong>&nbsp;<\/strong><\/td><td>&nbsp;<\/td><td>&nbsp;<\/td><\/tr><tr><td>K\u016b\u010dia su medaus sirupu (70 gr., mini stiklainiukas), vnt.<\/td><td><strong>&nbsp;<\/strong><\/td><td>2,00<\/td><td>0,00<\/td><\/tr><tr><td>&nbsp;<\/td><td><strong>&nbsp;<\/strong><\/td><td>&nbsp;<\/td><td>&nbsp;<\/td><\/tr><tr><td>\u017dalumyn\u0173 salotos su \u0161vie\u017eiu itali\u0161ku<strong> <em>Buratta <\/em><\/strong>s\u016briu<em>,<\/em> keptais burok\u0117liais, vytintais pomidoriukais, kapotomis pistacijomis, marinuotomis sidonijomis ir vynuog\u0117mis, uogomis, trum\u0173 aliejumi, pesto pudra<\/td><td>&nbsp;<\/td><td>16,00<\/td><td>0,00<\/td><\/tr><tr><td>Dubuo su silpnais\u016bdyta<strong> la\u0161i\u0161a<\/strong>: bolivin\u0117 balanda, \u017ealumynai, pomidorai, agurkai, avokadai, brokoliai, ridikai, mangai, burok\u0117liai, marinuoti imbierai, sezam\u0173 s\u0117klos, sojos &#8211; medaus pada\u017eas<\/td><td>&nbsp;<\/td><td>16,00<\/td><td>0,00<\/td><\/tr><tr><td>\u017dalumyn\u0173 salotos su <strong>kreve\u010di\u0173 uodeg\u0117l\u0117mis<\/strong>: avokadai, \u017ealumynai, m\u0117lynieji svog\u016bnai, vytinti pomidorai, citrininis pada\u017eas<\/td><td>&nbsp;<\/td><td>16,00<\/td><td>0,00<\/td><\/tr><tr><td><strong>\u017dalumyn\u0173<\/strong> dubuo: moli\u016bgai, pomidoriukai, brokoliai, avokadai, margaspalviai \u017eiediniai kop\u016bstai, edamame pupel\u0117s, skrudintos s\u0117klos, \u017ealiasis tahini pada\u017eas<\/td><td>&nbsp;<\/td><td>14,00<\/td><td>0,00<\/td><\/tr><tr><td>\u017dalumynai su <strong><em>Brie<\/em><\/strong> s\u016briu:batatai, spanguol\u0117s, granatai, karamelizuoti graiki\u0161ki rie\u0161utai, vytinti vy\u0161niniai pomidoriukai, citrininis klev\u0173 sirupo pada\u017eas<\/td><td>&nbsp;<\/td><td>15,00<\/td><td>0,00<\/td><\/tr><tr><td>\u017dalumynai su l\u0117tai kepta <strong>anties kr\u016btin\u0117l\u0117<\/strong>: batatai, apelsinai, figos, persimonai, moli\u016bgai, vynuog\u0117s, granatai, sidonijos, slyv\u0173 pada\u017eas<\/td><td>&nbsp;<\/td><td>16,00<\/td><td>0,00<\/td><\/tr><tr><td>Burittos dubuo: \u017ealumynai, avokadai, mangai, alyvuog\u0117s, pomidorai, paprikos, pupel\u0117s, <strong>vi\u0161tienos kr\u016btin\u0117l\u0117<\/strong>, tortilijos tra\u0161ku\u010diai, taco pada\u017eas<\/td><td>&nbsp;<\/td><td>15,00<\/td><td>0,00<\/td><\/tr><tr><td>Olivj\u0117 mi\u0161rain\u0117 , putpeli\u0173 kiau\u0161iniai<\/td><td>&nbsp;<\/td><td>12,00<\/td><td>0,00<\/td><\/tr><tr><td><strong>Brokoli\u0173<\/strong> salotos su vynuog\u0117mis, d\u017eiovintomis spanguol\u0117s, \u0161alotiniais svog\u016bnais, moli\u016bg\u0173 ir saul\u0117gr\u0105\u017e\u0173 s\u0117klomis, majonezo pada\u017eu<\/td><td>&nbsp;<\/td><td>12,00<\/td><td>0,00<\/td><\/tr><tr><td>Mi\u0161rain\u0117 su <strong>jautienos lie\u017euviu<\/strong>: kepinti svog\u016bnai, marinuoti ir \u0161vie\u017ei agurkai,&nbsp; \u017eirneliai, pievagrybiai, batatai, putpeli\u0173 kiau\u0161iniai, porai, rausvasis majonezo pada\u017eas<\/td><td>&nbsp;<\/td><td>12,00<\/td><td>0,00<\/td><\/tr><tr><td><strong><mark style=\"background-color:#7bdcb5\" class=\"has-inline-color\">U\u017ekand\u017eiai<\/mark><\/strong><\/td><td><strong>&nbsp;<\/strong><\/td><td>&nbsp;<\/td><td>&nbsp;<\/td><\/tr><tr><td><strong>Kruasan\u0173 asorti 9 vnt.<\/strong><strong><\/strong><\/td><td><strong>&nbsp;<\/strong><\/td><td>&nbsp;<\/td><td>&nbsp;<\/td><\/tr><tr><td>Kruasanas , r\u016bkytas vytintas ispani\u0161kas kumpis, fetos kremas ,&nbsp; lengvai vytinti vy\u0161niniai pomidoriukai&nbsp; 3vnt.<\/td><td rowspan=\"3\">&nbsp;<\/td><td rowspan=\"3\">23,40<\/td><td rowspan=\"3\">0,00<\/td><\/tr><tr><td>Kruasanas -la\u0161i\u0161os fil\u0117, wakame dumbliai, up\u0117taki\u0173 ikrai, lengvai kepti kininiai bastu\u010diai 3 vnt.<\/td><\/tr><tr><td>Kruasanas -anties kr\u016btin\u0117l\u0117, rabarbar\u0173 pagardas, uogos&nbsp; 3 vnt.<\/td><\/tr><tr><td><strong>Brusket\u0173 ir krostini&nbsp; asorti (12 vnt.)<\/strong><em>: <\/em>o\u017ek\u0173 s\u016bris, keptos paprikos, karamelizuoti rie\u0161utai; Gorgonzolos kremas, persimonai, granatai, figos <em>brulee<\/em>; marinuota la\u0161i\u0161a, pomidorai, <em>Mocarella<\/em>, bazilikas, pesto<\/td><td><strong>&nbsp;<\/strong><\/td><td>30,00<\/td><td>0,00<\/td><\/tr><tr><td><em>Grissini<\/em> lazdel\u0117s su vytintu kumpiu; Su medumi ir apelsinais&nbsp; marinuotas s\u016bris; Jelapeno ir s\u016brio spurgyt\u0117s; Ispani\u0161ko kumpio tra\u0161ku\u010diai; Keptos alyvuog\u0117s su s\u016briu; Kruasanau su \u0161onine; Gruzdinti patagonijos kalmarai; Samosa su dar\u017eov\u0117mis; Krevet\u0117s temp\u016broje;&nbsp; Marinuotos alyvuog\u0117s,kreminis swet \u010dili pagardas (1.3 kg)<\/td><td><strong>&nbsp;<\/strong><\/td><td>45,00<\/td><td>0,00<\/td><\/tr><tr><td>Kreve\u010di\u0173 asorti: Krevet\u0117s Torpedos Panko d\u017ei\u016bv\u0117s\u0117liuose; kreve\u010di\u0173 drugeliai; krevet\u0117s tempuroje, gruzdinti ma\u017eieji Patagonijos kalmarai; kreminis Sweet \u010dili pada\u017eas (\u20ac\/100 g)<\/td><td><strong>&nbsp;<\/strong><\/td><td>5,00<\/td><td>0,00<\/td><\/tr><tr><td><strong><mark style=\"background-color:#7bdcb5\" class=\"has-inline-color\">Kar\u0161tieji patiekalai&nbsp;<\/mark><\/strong><\/td><td><strong>&nbsp;<\/strong><\/td><td>&nbsp;<\/td><td>&nbsp;<\/td><\/tr><tr><td>Oto &nbsp;kepsneliai su \u017eoleli\u0173 pesto plutele, bolivin\u0117 balanda arba apelsininis kuskusas arba mini bulvyt\u0117s pasirinktinai , keptos \u0161paragin\u0117s pupel\u0117s, porai, kininiai bastu\u010diai, morkyt\u0117s, pankoliai<\/td><td><strong>&nbsp;<\/strong><\/td><td>16,00<\/td><td>0,00<\/td><\/tr><tr><td>La\u0161i\u0161os kepsneliai su \u017ealumyn\u0173 pesto plutele, kepti pankoliai, apelsinai, \u0161pinatai, lengvai vytinti vy\u0161niniai pomidoriukai, bolivin\u0117 balanda arba apelsininis kuskusas arba mini bulvyt\u0117s pasirinktinai<\/td><td><strong>&nbsp;<\/strong><\/td><td>15,00<\/td><td>0,00<\/td><\/tr><tr><td>Grill sviesta\u017euv\u0117s kepsneliai, kapar\u0117li\u0173 ir petra\u017eoli\u0173 pagardas, kepti \u0161pinatai, \u0161paragin\u0117s pupel\u0117s,kininis bastutis, morkyt\u0117s, kepti&nbsp; bulvi\u0173 grie\u017ein\u0117liai<\/td><td><strong>&nbsp;<\/strong><\/td><td>15,00<\/td><td>0,00<\/td><\/tr><tr><td>Menk\u0117s juostel\u0117s, kepti \u0161pinatai, bazilikai, pomidoriukai, \u010desnakinio sviesto pada\u017eas, kepti bulvi\u0173 grie\u017ein\u0117liai su kietuoju s\u016briu<\/td><td>&nbsp;<\/td><td>13,00<\/td><td>0,00<\/td><\/tr><tr><td>Anties kul\u0161el\u0117 C<em>onfit<\/em>, keptos bulvyt\u0117s, \u0161pinatai, morkyt\u0117s, pastarnokai, cukinijos, kininiai bastu\u010diai, marinuoti apelsinai-moli\u016bg\u0173 ir mang\u0173 salsa,gervuogi\u0173 pagardas<\/td><td>&nbsp;<\/td><td>13,00<\/td><td>0,00<\/td><\/tr><tr><td>Kalakutienos suktinukai su <em>Mocarella<\/em> s\u016briu, voverai\u010di\u0173 arba balto vyno&nbsp; pada\u017eas, kepti bulvi\u0173 grie\u017ein\u0117liai, keptos dar\u017eov\u0117s su d\u017eiovintomis spanguol\u0117mis<\/td><td>&nbsp;<\/td><td>13,00<\/td><td>0,00<\/td><\/tr><tr><td>Kal\u0117dinio kalakuto pusel\u0117 apelsin\u0173 glaz\u016broje (l\u0117tai keptas \u017eemoje temperat\u016broje), kepti obuoliai, apelsinai, mandarinai, kriau\u0161\u0117s, keptos bulv\u0117s su krapais, marinuot\u0173 apelsin\u0173 &#8211; moli\u016bg\u0173 &#8211; mang\u0173 salsa ,gervuogi\u0173 pagardas&nbsp; (~ 2,5 &#8211; 3kg\/vnt.),<em> kaina nurodyta u\u017e kg<\/em><\/td><td>&nbsp;<\/td><td>20,00<\/td><td>0,00<\/td><\/tr><tr><td>Vi\u0161tienos kr\u016btin\u0117l\u0117s mini suktinukai su feta s\u016briu, \u0161pinatais, <em>Chardonnay<\/em> vyno&nbsp; arba voverai\u010di\u0173 pada\u017eu,&nbsp; kepti bulvi\u0173 grie\u017ein\u0117liai, keptos dar\u017eov\u0117s su d\u017eiovintomis spanguol\u0117mis<\/td><td>&nbsp;<\/td><td>10,00<\/td><td>0,00<\/td><\/tr><tr><td>Grill vi\u0161tienos kepsneliai, griil dar\u017eov\u0117s,keptos mini&nbsp; bulvyt\u0117s, patiekiama su mang\u0173 -swet \u010dili pagardas<\/td><td>&nbsp;<\/td><td>12,00<\/td><td>0,00<\/td><\/tr><tr><td><em>Grill<\/em> kiaulienos sprandin\u0117s kepsneliai, su raudono vyno arba pipiriniu-grietin\u0117l\u0117s pagardu pasiirnktinai&nbsp; , grill dar\u017eov\u0117s,&nbsp; keptos mini&nbsp; bulvyt\u0117s<\/td><td>&nbsp;<\/td><td>12,00<\/td><td>0,00<\/td><\/tr><tr><td>Kiaulienos i\u0161pjovos pjausneliai,&nbsp; baravyk\u0173 pada\u017eas, bulvi\u0173 &#8211; moli\u016bg\u0173 ko\u0161\u0117, keptos dar\u017eov\u0117s<\/td><td>&nbsp;<\/td><td>14,00<\/td><td>0,00<\/td><\/tr><tr><td>L\u0117tai kepti jautienos \u017eandai, Madeiros vyno &#8211; sultinio pada\u017ee, bulvi\u0173 &#8211; moli\u016bg\u0173 ko\u0161\u0117, keptos dar\u017eov\u0117s ,voverait\u0117s<\/td><td>&nbsp;<\/td><td>15,00<\/td><td>0,00<\/td><\/tr><tr><td>Brandintos <em>Angus<\/em> jautienos i\u0161pjovos steiku\u010diai, kept\u0173 bulvi\u0173 ir batat\u0173 grie\u017ein\u0117liai su garsty\u010di\u0173 plutele, petra\u017eoli\u0173 gremolata, keptos dar\u017eov\u0117s,sviestas su \u017ealumynais<\/td><td>&nbsp;<\/td><td>24,00<\/td><td>0,00<\/td><\/tr><tr><td>Keptos bulvin\u0117s bandos su grietin\u0117l\u0117s &#8211; spirgu\u010di\u0173 pada\u017eu ir var\u0161k\u0117s darytiniu<\/td><td>&nbsp;<\/td><td>6,50<\/td><td>0,00<\/td><\/tr><tr><td>Keptos bulvin\u0117s bandos su mi\u0161ko gryb\u0173 pada\u017eu<\/td><td>&nbsp;<\/td><td>8,00<\/td><td>0,00<\/td><\/tr><tr><td><em>Minimalus vienos r\u016b\u0161ies u\u017esakymo kiekis 5 porc. <\/em><em><\/em><\/td><td>&nbsp;<\/td><td>&nbsp;<\/td><td>0,00<\/td><\/tr><tr><td><strong><mark style=\"background-color:#7bdcb5\" class=\"has-inline-color\">Saldieji patiekalai<\/mark><\/strong><\/td><td><strong>&nbsp;<\/strong><\/td><td>&nbsp;<\/td><td>&nbsp;<\/td><\/tr><tr><td>Kreminio s\u016brio desertas su persikais, mangais, pasifloromis&nbsp; 70 g<\/td><td>&nbsp;<\/td><td>2,00<\/td><td>0,00<\/td><\/tr><tr><td>Maskarpon\u0117 su Baileys likeriu,uogos&nbsp; 70 g<\/td><td>&nbsp;<\/td><td>2,00<\/td><td>0,00<\/td><\/tr><tr><td>Medu\u010dio pyragas&nbsp; 90 g<\/td><td>&nbsp;<\/td><td>2,50<\/td><td>0,00<\/td><\/tr><tr><td>Karali\u0161kas aguon\u0173 pyragas 90 g<\/td><td>&nbsp;<\/td><td>2,50<\/td><td>0,00<\/td><\/tr><tr><td><strong>Papildomos i\u0161laidos, susijusios su \u201e\u0160vent\u0117 Jums\u201c tiesiogin\u0117mis paslaugomis<\/strong><\/td><td><strong>&nbsp;<\/strong><\/td><td>&nbsp;<\/td><td>&nbsp;<\/td><\/tr><tr><td>D\u016b\u017eis, inventoriaus praradimas (jeigu bus)<\/td><td>&nbsp;<\/td><td>&nbsp;<\/td><td>&nbsp;<\/td><\/tr><tr><td><strong>Suma, \u20ac&nbsp;<\/strong><\/td><td>&nbsp;<\/td><td>&nbsp;<\/td><td><strong>0,00<\/strong><\/td><\/tr><tr><td colspan=\"2\"><em>Gero apetito! Bon Appetit! Dobry apetyt! God appetitt! Laba apet\u012bte!<\/em><\/td><td>&nbsp;<\/td><td>&nbsp;<\/td><\/tr><\/tbody><\/table><\/figure>\n\n\n\n<p>Meniu atsisi\u0173sti \u010dia: <a href=\"http:\/\/sventejums.lt\/svente_jums\/wp-content\/uploads\/2025\/11\/Sventinis-meniu-i-namus_Klientui_2025-atnaujintas.pdf\" target=\"_blank\" rel=\"noopener\" title=\"\">\u0160ventinis meniu \u012f namus_Klientui_2025<\/a><\/p>\n","protected":false},"excerpt":{"rendered":"<p>Meniu atsisi\u0173sti \u010dia: \u0160ventinis meniu i namus_Klientui_2025 atnaujintas Vieta: U\u017esakymo pa\u0117mimas i\u0161 Gamybos g. 14, Alytus &nbsp; &nbsp; &nbsp; Data: [Stabdome u\u017esakym\u0173 pri\u0117mim\u0105 K\u016b\u010dioms] &nbsp; &nbsp; &nbsp; Laikas: &nbsp; &nbsp; &nbsp; U\u017esakovas, kontaktai: &nbsp; &nbsp; &nbsp; \u0160VENTINIS MENIU Kiekis Kaina, \u20ac Suma, \u20ac Mes pagaminame ir paserviruojame patiekalus m\u016bs\u0173 l\u0117k\u0161t\u0117se.&nbsp; Atiduodame aptrauktas maistine pl\u0117vele. Jums [&hellip;]<\/p>\n","protected":false},"author":2,"featured_media":0,"parent":0,"menu_order":1,"comment_status":"closed","ping_status":"closed","template":"besub.php","meta":{"footnotes":""},"aioseo_notices":[],"_links":{"self":[{"href":"http:\/\/sventejums.lt\/svente_jums\/wp-json\/wp\/v2\/pages\/3872"}],"collection":[{"href":"http:\/\/sventejums.lt\/svente_jums\/wp-json\/wp\/v2\/pages"}],"about":[{"href":"http:\/\/sventejums.lt\/svente_jums\/wp-json\/wp\/v2\/types\/page"}],"author":[{"embeddable":true,"href":"http:\/\/sventejums.lt\/svente_jums\/wp-json\/wp\/v2\/users\/2"}],"replies":[{"embeddable":true,"href":"http:\/\/sventejums.lt\/svente_jums\/wp-json\/wp\/v2\/comments?post=3872"}],"version-history":[{"count":81,"href":"http:\/\/sventejums.lt\/svente_jums\/wp-json\/wp\/v2\/pages\/3872\/revisions"}],"predecessor-version":[{"id":7599,"href":"http:\/\/sventejums.lt\/svente_jums\/wp-json\/wp\/v2\/pages\/3872\/revisions\/7599"}],"wp:attachment":[{"href":"http:\/\/sventejums.lt\/svente_jums\/wp-json\/wp\/v2\/media?parent=3872"}],"curies":[{"name":"wp","href":"https:\/\/api.w.org\/{rel}","templated":true}]}}