{"id":3712,"date":"2020-04-03T10:12:07","date_gmt":"2020-04-03T10:12:07","guid":{"rendered":"http:\/\/sventejums.lt\/svente_jums\/?page_id=3712"},"modified":"2024-06-26T09:26:43","modified_gmt":"2024-06-26T09:26:43","slug":"sefas-i-namus","status":"publish","type":"page","link":"http:\/\/sventejums.lt\/svente_jums\/sefas-i-namus\/","title":{"rendered":"\u0160EFAS \u012e NAMUS"},"content":{"rendered":"<p style=\"padding-left: 240px;\"><a href=\"http:\/\/sventejums.lt\/svente_jums\/wp-content\/uploads\/2024\/03\/20230804_201819.jpg\" rel=\"lightbox[3712]\"><img loading=\"lazy\" decoding=\"async\" class=\"size-medium wp-image-6245 alignright\" src=\"http:\/\/sventejums.lt\/svente_jums\/wp-content\/uploads\/2024\/03\/20230804_201819-300x225.jpg\" alt=\"\" width=\"300\" height=\"225\" srcset=\"http:\/\/sventejums.lt\/svente_jums\/wp-content\/uploads\/2024\/03\/20230804_201819-300x225.jpg 300w, http:\/\/sventejums.lt\/svente_jums\/wp-content\/uploads\/2024\/03\/20230804_201819-768x576.jpg 768w, http:\/\/sventejums.lt\/svente_jums\/wp-content\/uploads\/2024\/03\/20230804_201819.jpg 900w\" sizes=\"(max-width: 300px) 100vw, 300px\" \/><\/a><\/p>\n<p style=\"text-align: center;\">Planuojate priimti sve\u010dius? Art\u0117ja J\u016bs\u0173 \u0160ventin\u0117 vakarien\u0117, Gimtadienis? Nuostabu! Papuo\u0161kite savo stal\u0105 m\u016bs\u0173 gamybos patiekalais, skanaukite ir atraskite. J\u016bs\u0173 patogumui pagaminsime patiekalus, o j\u016bs gal\u0117site pasiimti i\u0161 m\u016bs\u0173 gamybos skyriaus.<\/p>\n<p style=\"text-align: center;\">Esant poreikiui, paserviruosime stalus, pristatysime maist\u0105 \u012f J\u016bs\u0173 pasirinkt\u0105 viet\u0105, aptarnausime Jus ir J\u016bs\u0173 sve\u010dius.<\/p>\n<h3>\u00a0<\/h3>\n<h3><span style=\"text-decoration: underline;\"><strong><a href=\"http:\/\/sventejums.lt\/svente_jums\/meniu\/\">MENIU: U\u017dKAND\u0116L\u0116S\/ SUMU\u0160TINUKAI\/ \u0160ALTI\/ KAR\u0160TI PATIEKALAI<\/a><\/strong><\/span><\/h3>\n\n\n<p><\/p>\n\n\n\n<p class=\"has-text-align-center\"><strong>MAISTAS \u0160VENT\u0116MS:<\/strong> <strong>Kai norisi ka\u017eko nekasdienio ir skanaus!<\/strong><\/p>\n","protected":false},"excerpt":{"rendered":"<p>Planuojate priimti sve\u010dius? Art\u0117ja J\u016bs\u0173 \u0160ventin\u0117 vakarien\u0117, Gimtadienis? Nuostabu! Papuo\u0161kite savo stal\u0105 m\u016bs\u0173 gamybos patiekalais, skanaukite ir atraskite. J\u016bs\u0173 patogumui pagaminsime patiekalus, o j\u016bs gal\u0117site pasiimti i\u0161 m\u016bs\u0173 gamybos skyriaus. Esant poreikiui, paserviruosime stalus, pristatysime maist\u0105 \u012f J\u016bs\u0173 pasirinkt\u0105 viet\u0105, aptarnausime Jus ir J\u016bs\u0173 sve\u010dius. \u00a0 MENIU: U\u017dKAND\u0116L\u0116S\/ SUMU\u0160TINUKAI\/ \u0160ALTI\/ KAR\u0160TI PATIEKALAI MAISTAS \u0160VENT\u0116MS: Kai [&hellip;]<\/p>\n","protected":false},"author":2,"featured_media":0,"parent":0,"menu_order":0,"comment_status":"closed","ping_status":"closed","template":"besub.php","meta":{"footnotes":""},"aioseo_notices":[],"_links":{"self":[{"href":"http:\/\/sventejums.lt\/svente_jums\/wp-json\/wp\/v2\/pages\/3712"}],"collection":[{"href":"http:\/\/sventejums.lt\/svente_jums\/wp-json\/wp\/v2\/pages"}],"about":[{"href":"http:\/\/sventejums.lt\/svente_jums\/wp-json\/wp\/v2\/types\/page"}],"author":[{"embeddable":true,"href":"http:\/\/sventejums.lt\/svente_jums\/wp-json\/wp\/v2\/users\/2"}],"replies":[{"embeddable":true,"href":"http:\/\/sventejums.lt\/svente_jums\/wp-json\/wp\/v2\/comments?post=3712"}],"version-history":[{"count":177,"href":"http:\/\/sventejums.lt\/svente_jums\/wp-json\/wp\/v2\/pages\/3712\/revisions"}],"predecessor-version":[{"id":6368,"href":"http:\/\/sventejums.lt\/svente_jums\/wp-json\/wp\/v2\/pages\/3712\/revisions\/6368"}],"wp:attachment":[{"href":"http:\/\/sventejums.lt\/svente_jums\/wp-json\/wp\/v2\/media?parent=3712"}],"curies":[{"name":"wp","href":"https:\/\/api.w.org\/{rel}","templated":true}]}}