{"id":3283,"date":"2018-02-28T15:36:18","date_gmt":"2018-02-28T15:36:18","guid":{"rendered":"http:\/\/sventejums.lt\/svente_jums\/?page_id=3283"},"modified":"2025-11-20T15:43:27","modified_gmt":"2025-11-20T15:43:27","slug":"meniu","status":"publish","type":"page","link":"http:\/\/sventejums.lt\/svente_jums\/meniu\/","title":{"rendered":"Meniu"},"content":{"rendered":"<p><a href=\"http:\/\/sventejums.lt\/svente_jums\/wp-content\/uploads\/2025\/03\/480703060_1029908312515233_6677018220688163292_n.jpg\" rel=\"lightbox[3283]\"><img loading=\"lazy\" decoding=\"async\" class=\"size-medium wp-image-6999 alignnone\" src=\"http:\/\/sventejums.lt\/svente_jums\/wp-content\/uploads\/2025\/03\/480703060_1029908312515233_6677018220688163292_n-300x272.jpg\" alt=\"\" width=\"300\" height=\"272\" srcset=\"http:\/\/sventejums.lt\/svente_jums\/wp-content\/uploads\/2025\/03\/480703060_1029908312515233_6677018220688163292_n-300x272.jpg 300w, http:\/\/sventejums.lt\/svente_jums\/wp-content\/uploads\/2025\/03\/480703060_1029908312515233_6677018220688163292_n-768x696.jpg 768w, http:\/\/sventejums.lt\/svente_jums\/wp-content\/uploads\/2025\/03\/480703060_1029908312515233_6677018220688163292_n.jpg 900w\" sizes=\"(max-width: 300px) 100vw, 300px\" \/><\/a><\/p>\n<p>Nor\u0117dami per\u017ei\u016br\u0117ti m\u016bs\u0173 si\u016blomus patiekalus, pasirinkite meniu kategorij\u0105 kair\u0117je pus\u0117je.<\/p>\n<p><a href=\"https:\/\/sventejums.lt\/svente_jums\/meniu\/\">https:\/\/sventejums.lt\/svente_jums\/meniu\/<\/a><\/p>\n<p>&gt; Klausimai \u010dia: 0693 40 402<br \/>\n<span class=\"_5mfr _47e3\"><span class=\"_7oe\">&gt; U\u017esakymai<\/span><\/span>\u00a0\u010dia:\u00a0info@sventejums.lt<br \/>\n&gt; Atsiimti \u010dia: Gamybos g. 14, Alytus |gamybos skyrius| \u0160vent\u0117 Jums<\/p>\n<p>MAISTAS \u0160VENT\u0116MS ALYTUJE: kai norisi ka\u017eko nekasdienio ir skanaus.<br \/>\n&gt; Planuojate priimti sve\u010dius? Art\u0117ja J\u016bs\u0173 \u0160ventin\u0117 vakarien\u0117, Gimtadienis? Nuostabu!<br \/>\n&gt; Papuo\u0161kite savo stal\u0105 m\u016bs\u0173 gamybos patiekalais;<br \/>\n&gt; J\u016bs\u0173 patogumui mes pagaminsime patiekalus, o j\u016bs gal\u0117site pasiimti i\u0161 m\u016bs\u0173 gamybos skyriaus.<\/p>\n<p>&gt; Patiekal\u0173 kiekiai &#8211; pagal j\u016bs\u0173 pageidavim\u0105.<br \/>\n&gt; Serviravimas &#8211; pagal poreik\u012f: l\u0117k\u0161t\u0117s\/ didl\u0117k\u0161t\u0117s\/ keramikin\u0117s\/ premium vienkartin\u0117s\/<br \/>\n&gt; Meniu asortimentas &#8211; \u0161altieji, kar\u0161tieji patiekalai, vieno k\u0105snio &#8211; keli\u0173 k\u0105sni\u0173 sumu\u0161tinukai, u\u017ekand\u017ei\u0173 rinkiniai, desertai ir kt.<\/p>\n<div class=\"text_exposed_show\">\n<p style=\"text-align: center;\"><strong>Atrask. Patik\u0117k. M\u0117gaukis.<\/strong><\/p>\n<\/div>\n","protected":false},"excerpt":{"rendered":"<p>Nor\u0117dami per\u017ei\u016br\u0117ti m\u016bs\u0173 si\u016blomus patiekalus, pasirinkite meniu kategorij\u0105 kair\u0117je pus\u0117je. https:\/\/sventejums.lt\/svente_jums\/meniu\/ &gt; Klausimai \u010dia: 0693 40 402 &gt; U\u017esakymai\u00a0\u010dia:\u00a0info@sventejums.lt &gt; Atsiimti \u010dia: Gamybos g. 14, Alytus |gamybos skyrius| \u0160vent\u0117 Jums MAISTAS \u0160VENT\u0116MS ALYTUJE: kai norisi ka\u017eko nekasdienio ir skanaus. &gt; Planuojate priimti sve\u010dius? Art\u0117ja J\u016bs\u0173 \u0160ventin\u0117 vakarien\u0117, Gimtadienis? Nuostabu! &gt; Papuo\u0161kite savo stal\u0105 m\u016bs\u0173 gamybos [&hellip;]<\/p>\n","protected":false},"author":2,"featured_media":0,"parent":0,"menu_order":0,"comment_status":"closed","ping_status":"closed","template":"","meta":{"footnotes":""},"aioseo_notices":[],"_links":{"self":[{"href":"http:\/\/sventejums.lt\/svente_jums\/wp-json\/wp\/v2\/pages\/3283"}],"collection":[{"href":"http:\/\/sventejums.lt\/svente_jums\/wp-json\/wp\/v2\/pages"}],"about":[{"href":"http:\/\/sventejums.lt\/svente_jums\/wp-json\/wp\/v2\/types\/page"}],"author":[{"embeddable":true,"href":"http:\/\/sventejums.lt\/svente_jums\/wp-json\/wp\/v2\/users\/2"}],"replies":[{"embeddable":true,"href":"http:\/\/sventejums.lt\/svente_jums\/wp-json\/wp\/v2\/comments?post=3283"}],"version-history":[{"count":56,"href":"http:\/\/sventejums.lt\/svente_jums\/wp-json\/wp\/v2\/pages\/3283\/revisions"}],"predecessor-version":[{"id":7540,"href":"http:\/\/sventejums.lt\/svente_jums\/wp-json\/wp\/v2\/pages\/3283\/revisions\/7540"}],"wp:attachment":[{"href":"http:\/\/sventejums.lt\/svente_jums\/wp-json\/wp\/v2\/media?parent=3283"}],"curies":[{"name":"wp","href":"https:\/\/api.w.org\/{rel}","templated":true}]}}