{"id":3276,"date":"2018-02-28T15:18:07","date_gmt":"2018-02-28T15:18:07","guid":{"rendered":"http:\/\/sventejums.lt\/svente_jums\/?page_id=3276"},"modified":"2024-06-26T09:17:36","modified_gmt":"2024-06-26T09:17:36","slug":"meniu","status":"publish","type":"page","link":"http:\/\/sventejums.lt\/svente_jums\/paslaugos\/meniu\/","title":{"rendered":"Meniu"},"content":{"rendered":"<p><a href=\"http:\/\/sventejums.lt\/svente_jums\/wp-content\/uploads\/2024\/06\/D35A4752.jpg\" rel=\"lightbox[3276]\"><img loading=\"lazy\" decoding=\"async\" class=\"alignnone size-medium wp-image-6788\" src=\"http:\/\/sventejums.lt\/svente_jums\/wp-content\/uploads\/2024\/06\/D35A4752-300x200.jpg\" alt=\"\" width=\"300\" height=\"200\" srcset=\"http:\/\/sventejums.lt\/svente_jums\/wp-content\/uploads\/2024\/06\/D35A4752-300x200.jpg 300w, http:\/\/sventejums.lt\/svente_jums\/wp-content\/uploads\/2024\/06\/D35A4752-768x512.jpg 768w, http:\/\/sventejums.lt\/svente_jums\/wp-content\/uploads\/2024\/06\/D35A4752.jpg 900w\" sizes=\"(max-width: 300px) 100vw, 300px\" \/><\/a><a href=\"http:\/\/sventejums.lt\/svente_jums\/wp-content\/uploads\/2024\/06\/D35A4755.jpg\" rel=\"lightbox[3276]\"><img loading=\"lazy\" decoding=\"async\" class=\"size-medium wp-image-6782 alignright\" src=\"http:\/\/sventejums.lt\/svente_jums\/wp-content\/uploads\/2024\/06\/D35A4755-300x200.jpg\" alt=\"\" width=\"300\" height=\"200\" srcset=\"http:\/\/sventejums.lt\/svente_jums\/wp-content\/uploads\/2024\/06\/D35A4755-300x200.jpg 300w, http:\/\/sventejums.lt\/svente_jums\/wp-content\/uploads\/2024\/06\/D35A4755-768x512.jpg 768w, http:\/\/sventejums.lt\/svente_jums\/wp-content\/uploads\/2024\/06\/D35A4755.jpg 900w\" sizes=\"(max-width: 300px) 100vw, 300px\" \/><\/a><\/p>\n\n\n<p class=\"has-text-align-center\">Planuojate jauki\u0105 vakarien\u0119 \u0161eimos rate? O gal norite \u012fsimintinos ir i\u0161skirtin\u0117s \u0161vent\u0117s? Galime Jums pasi\u016blyti plat\u0173 patiekal\u0173 asortiment\u0105, pradedant nuo tradicini\u0173 patiekal\u0173 bei u\u017ekand\u017ei\u0173 ir baigiant i\u0161skirtiniais gurmani\u0161kais patiekalais.<\/p>\n\n\n\n<p><\/p>\n\n\n\n<p><\/p>\n\n\n\n<p class=\"has-text-align-center\"><strong>Papuo\u0161kite savo \u0161ventin\u012f stal\u0105 ir atraskite neatrastus skonius. <\/strong><\/p>\n","protected":false},"excerpt":{"rendered":"<p>Planuojate jauki\u0105 vakarien\u0119 \u0161eimos rate? O gal norite \u012fsimintinos ir i\u0161skirtin\u0117s \u0161vent\u0117s? Galime Jums pasi\u016blyti plat\u0173 patiekal\u0173 asortiment\u0105, pradedant nuo tradicini\u0173 patiekal\u0173 bei u\u017ekand\u017ei\u0173 ir baigiant i\u0161skirtiniais gurmani\u0161kais patiekalais. Papuo\u0161kite savo \u0161ventin\u012f stal\u0105 ir atraskite neatrastus skonius.<\/p>\n","protected":false},"author":2,"featured_media":0,"parent":21,"menu_order":0,"comment_status":"closed","ping_status":"closed","template":"besub.php","meta":{"footnotes":""},"aioseo_notices":[],"_links":{"self":[{"href":"http:\/\/sventejums.lt\/svente_jums\/wp-json\/wp\/v2\/pages\/3276"}],"collection":[{"href":"http:\/\/sventejums.lt\/svente_jums\/wp-json\/wp\/v2\/pages"}],"about":[{"href":"http:\/\/sventejums.lt\/svente_jums\/wp-json\/wp\/v2\/types\/page"}],"author":[{"embeddable":true,"href":"http:\/\/sventejums.lt\/svente_jums\/wp-json\/wp\/v2\/users\/2"}],"replies":[{"embeddable":true,"href":"http:\/\/sventejums.lt\/svente_jums\/wp-json\/wp\/v2\/comments?post=3276"}],"version-history":[{"count":31,"href":"http:\/\/sventejums.lt\/svente_jums\/wp-json\/wp\/v2\/pages\/3276\/revisions"}],"predecessor-version":[{"id":6796,"href":"http:\/\/sventejums.lt\/svente_jums\/wp-json\/wp\/v2\/pages\/3276\/revisions\/6796"}],"up":[{"embeddable":true,"href":"http:\/\/sventejums.lt\/svente_jums\/wp-json\/wp\/v2\/pages\/21"}],"wp:attachment":[{"href":"http:\/\/sventejums.lt\/svente_jums\/wp-json\/wp\/v2\/media?parent=3276"}],"curies":[{"name":"wp","href":"https:\/\/api.w.org\/{rel}","templated":true}]}}