{"id":3241,"date":"2018-02-21T16:33:08","date_gmt":"2018-02-21T16:33:08","guid":{"rendered":"http:\/\/sventejums.lt\/svente_jums\/?page_id=3241"},"modified":"2018-02-21T20:22:38","modified_gmt":"2018-02-21T20:22:38","slug":"isleistuvems","status":"publish","type":"page","link":"http:\/\/sventejums.lt\/svente_jums\/paslaugos\/isleistuvems\/","title":{"rendered":"I\u0160LEISTUV\u0116MS ->"},"content":{"rendered":"<p>&nbsp;<\/p>\n<hr \/>\n<h2><\/h2>\n<h2 style=\"text-align: center;\"><span id=\"channel-title\">BALTASIS KIRAS<\/span><\/h2>\n<p style=\"text-align: right;\"><a href=\"https:\/\/www.facebook.com\/BaltasisKiras\/\" target=\"_blank\">https:\/\/www.facebook.com\/BaltasisKiras\/<\/a><\/p>\n<p><a href=\"http:\/\/sventejums.lt\/svente_jums\/wp-content\/uploads\/2018\/02\/baltasis-kiras.jpg\" rel=\"lightbox[3241]\"><img loading=\"lazy\" decoding=\"async\" class=\"alignleft wp-image-3250\" src=\"http:\/\/sventejums.lt\/svente_jums\/wp-content\/uploads\/2018\/02\/baltasis-kiras-300x300.jpg\" alt=\"baltasis kiras\" width=\"500\" height=\"500\" srcset=\"http:\/\/sventejums.lt\/svente_jums\/wp-content\/uploads\/2018\/02\/baltasis-kiras-300x300.jpg 300w, http:\/\/sventejums.lt\/svente_jums\/wp-content\/uploads\/2018\/02\/baltasis-kiras-150x150.jpg 150w, http:\/\/sventejums.lt\/svente_jums\/wp-content\/uploads\/2018\/02\/baltasis-kiras-768x768.jpg 768w, http:\/\/sventejums.lt\/svente_jums\/wp-content\/uploads\/2018\/02\/baltasis-kiras.jpg 900w\" sizes=\"(max-width: 500px) 100vw, 500px\" \/><\/a><\/p>\n<h2 style=\"text-align: center;\"><\/h2>\n<h2 style=\"text-align: center;\"><\/h2>\n<h2 style=\"text-align: center;\"><\/h2>\n<h2 style=\"text-align: left;\"><\/h2>\n<h2 style=\"text-align: center;\"><\/h2>\n<h2 style=\"text-align: center;\"><\/h2>\n<h2 style=\"text-align: center;\"><\/h2>\n<h2 style=\"text-align: center;\"><\/h2>\n<p>&nbsp;<\/p>\n<h2 style=\"text-align: center;\"><\/h2>\n<p><iframe loading=\"lazy\" width=\"500\" height=\"281\" src=\"https:\/\/www.youtube.com\/embed\/fIBRwV0TWyU?feature=oembed\" frameborder=\"0\" allow=\"autoplay; encrypted-media\" allowfullscreen><\/iframe><\/p>\n<hr \/>\n<p>&nbsp;<\/p>\n<h2 style=\"text-align: center;\"><\/h2>\n<h2 style=\"text-align: center;\">ba.<\/h2>\n<p style=\"text-align: right;\"><a href=\"https:\/\/www.facebook.com\/baofficialmusicpage\/\" target=\"_blank\">https:\/\/www.facebook.com\/baofficialmusicpage\/<\/a><\/p>\n<p><a href=\"http:\/\/sventejums.lt\/svente_jums\/wp-content\/uploads\/2018\/02\/ba.jpg\" rel=\"lightbox[3241]\"><img loading=\"lazy\" decoding=\"async\" class=\"alignleft wp-image-3244\" src=\"http:\/\/sventejums.lt\/svente_jums\/wp-content\/uploads\/2018\/02\/ba-300x300.jpg\" alt=\"ba\" width=\"500\" height=\"500\" srcset=\"http:\/\/sventejums.lt\/svente_jums\/wp-content\/uploads\/2018\/02\/ba-300x300.jpg 300w, http:\/\/sventejums.lt\/svente_jums\/wp-content\/uploads\/2018\/02\/ba-150x150.jpg 150w, http:\/\/sventejums.lt\/svente_jums\/wp-content\/uploads\/2018\/02\/ba-768x768.jpg 768w, http:\/\/sventejums.lt\/svente_jums\/wp-content\/uploads\/2018\/02\/ba.jpg 900w\" sizes=\"(max-width: 500px) 100vw, 500px\" \/><\/a><\/p>\n<p><iframe loading=\"lazy\" width=\"500\" height=\"281\" src=\"https:\/\/www.youtube.com\/embed\/3As39uNhS3A?start=51&#038;feature=oembed\" frameborder=\"0\" allow=\"autoplay; encrypted-media\" allowfullscreen><\/iframe><\/p>\n<p><iframe loading=\"lazy\" width=\"500\" height=\"281\" src=\"https:\/\/www.youtube.com\/embed\/xiUN4bKVs1g?feature=oembed\" frameborder=\"0\" allow=\"autoplay; encrypted-media\" allowfullscreen><\/iframe><\/p>\n<hr \/>\n<h2 class=\"title style-scope ytd-video-primary-info-renderer\" style=\"text-align: center;\">Garbanotas Bosistas<\/h2>\n<p style=\"text-align: right;\"><a class=\"_64-f\" href=\"https:\/\/www.facebook.com\/garbanotasbosistas\/\">G<\/a><a class=\"_64-f\" href=\"https:\/\/www.facebook.com\/garbanotasbosistas\/\">arbanotas Bosistas<\/a><\/p>\n<p style=\"text-align: left;\"><a href=\"http:\/\/sventejums.lt\/svente_jums\/wp-content\/uploads\/2018\/02\/garbanotas-bosistas.jpg\" rel=\"lightbox[3241]\"><img loading=\"lazy\" decoding=\"async\" class=\"alignleft wp-image-3256\" src=\"http:\/\/sventejums.lt\/svente_jums\/wp-content\/uploads\/2018\/02\/garbanotas-bosistas-300x300.jpg\" alt=\"garbanotas bosistas\" width=\"500\" height=\"500\" srcset=\"http:\/\/sventejums.lt\/svente_jums\/wp-content\/uploads\/2018\/02\/garbanotas-bosistas-300x300.jpg 300w, http:\/\/sventejums.lt\/svente_jums\/wp-content\/uploads\/2018\/02\/garbanotas-bosistas-150x150.jpg 150w, http:\/\/sventejums.lt\/svente_jums\/wp-content\/uploads\/2018\/02\/garbanotas-bosistas-768x768.jpg 768w, http:\/\/sventejums.lt\/svente_jums\/wp-content\/uploads\/2018\/02\/garbanotas-bosistas.jpg 900w\" sizes=\"(max-width: 500px) 100vw, 500px\" \/><\/a><\/p>\n<p><iframe loading=\"lazy\" width=\"500\" height=\"375\" src=\"https:\/\/www.youtube.com\/embed\/5HXAbKUmxRM?feature=oembed\" frameborder=\"0\" allow=\"autoplay; encrypted-media\" allowfullscreen><\/iframe><\/p>\n<hr \/>\n<h2 style=\"text-align: center;\">Antikvariniai Ka\u0161pirovskio Dantys<\/h2>\n<div id=\"u_fetchstream_5_1\">\n<div class=\"_qa1\"><a class=\"_2dgj\" href=\"https:\/\/www.facebook.com\/221633238894\/photos\/10155013610563895\/\" rel=\"theater\"><img loading=\"lazy\" decoding=\"async\" class=\"_4jhq img\" src=\"https:\/\/scontent.fkun1-1.fna.fbcdn.net\/v\/t1.0-1\/p200x200\/16865211_10155013610563895_2509376655207248775_n.jpg?oh=6d1ae7e7b250b32ee99792aa0947d080&amp;oe=5B038A48\" alt=\"\" width=\"180\" height=\"180\" \/><\/a>\u00a0<a class=\"_64-f\" href=\"https:\/\/www.facebook.com\/AKDantys\/\">Antikvariniai Ka\u0161pirovskio dantys<\/a><\/div>\n<\/div>\n<div class=\"_19sz\">\n<div class=\"_19s-\">\n<div id=\"u_fetchstream_5_2\">\n<div id=\"u_fetchstream_5_0\" class=\"_3d2g\">\n<p><a href=\"http:\/\/sventejums.lt\/svente_jums\/wp-content\/uploads\/2018\/02\/antikvariniai-1.jpeg\" rel=\"lightbox[3241]\"><img loading=\"lazy\" decoding=\"async\" class=\"alignleft wp-image-3259\" src=\"http:\/\/sventejums.lt\/svente_jums\/wp-content\/uploads\/2018\/02\/antikvariniai-1.jpeg\" alt=\"antikvariniai\" width=\"500\" height=\"335\" srcset=\"http:\/\/sventejums.lt\/svente_jums\/wp-content\/uploads\/2018\/02\/antikvariniai-1.jpeg 665w, http:\/\/sventejums.lt\/svente_jums\/wp-content\/uploads\/2018\/02\/antikvariniai-1-300x201.jpeg 300w\" sizes=\"(max-width: 500px) 100vw, 500px\" \/><\/a><\/p>\n<\/div>\n<\/div>\n<\/div>\n<\/div>\n<p>&nbsp;<\/p>\n<p><iframe loading=\"lazy\" width=\"500\" height=\"375\" src=\"https:\/\/www.youtube.com\/embed\/rtZuh3m2LB0?feature=oembed\" frameborder=\"0\" allow=\"autoplay; encrypted-media\" allowfullscreen><\/iframe><\/p>\n<hr \/>\n<p>&nbsp;<\/p>\n<h2 style=\"text-align: center;\">JUSTINAS JARUTIS SU GRUPE. DANCE HARD!<\/h2>\n<p>&nbsp;<br \/>\n<a href=\"http:\/\/sventejums.lt\/svente_jums\/wp-content\/uploads\/2018\/02\/Jarutis-2.jpg\" rel=\"lightbox[3241]\"><img loading=\"lazy\" decoding=\"async\" class=\"alignleft wp-image-3262\" src=\"http:\/\/sventejums.lt\/svente_jums\/wp-content\/uploads\/2018\/02\/Jarutis-2.jpg\" alt=\"Jarutis-2\" width=\"500\" height=\"368\" srcset=\"http:\/\/sventejums.lt\/svente_jums\/wp-content\/uploads\/2018\/02\/Jarutis-2.jpg 900w, http:\/\/sventejums.lt\/svente_jums\/wp-content\/uploads\/2018\/02\/Jarutis-2-300x221.jpg 300w, http:\/\/sventejums.lt\/svente_jums\/wp-content\/uploads\/2018\/02\/Jarutis-2-768x566.jpg 768w\" sizes=\"(max-width: 500px) 100vw, 500px\" \/><\/a><br \/>\n<a href=\"http:\/\/sventejums.lt\/svente_jums\/wp-content\/uploads\/2018\/02\/justinas-jarutis-festivaliui-roko-naktys-ruosiasi-skriedamas-ant-banglentes.jpg\" rel=\"lightbox[3241]\"><img loading=\"lazy\" decoding=\"async\" class=\"alignleft wp-image-3263\" src=\"http:\/\/sventejums.lt\/svente_jums\/wp-content\/uploads\/2018\/02\/justinas-jarutis-festivaliui-roko-naktys-ruosiasi-skriedamas-ant-banglentes.jpg\" alt=\"justinas-jarutis-festivaliui-roko-naktys-ruosiasi-skriedamas-ant-banglentes\" width=\"500\" height=\"263\" srcset=\"http:\/\/sventejums.lt\/svente_jums\/wp-content\/uploads\/2018\/02\/justinas-jarutis-festivaliui-roko-naktys-ruosiasi-skriedamas-ant-banglentes.jpg 646w, http:\/\/sventejums.lt\/svente_jums\/wp-content\/uploads\/2018\/02\/justinas-jarutis-festivaliui-roko-naktys-ruosiasi-skriedamas-ant-banglentes-300x158.jpg 300w\" sizes=\"(max-width: 500px) 100vw, 500px\" \/><\/a><\/p>\n<p>&nbsp;<\/p>\n<p><iframe loading=\"lazy\" width=\"500\" height=\"281\" src=\"https:\/\/www.youtube.com\/embed\/nISxY5pA58M?start=2&#038;feature=oembed\" frameborder=\"0\" allow=\"autoplay; encrypted-media\" allowfullscreen><\/iframe><\/p>\n<p>&nbsp;<\/p>\n<hr \/>\n<p>&nbsp;<\/p>\n<h2>AUGUST\u0116 VEDRICKAIT\u0116\u00a0SU GRUPE.\u00a0Discotheque LIVE.<\/h2>\n<p>&nbsp;<br \/>\n<a href=\"http:\/\/sventejums.lt\/svente_jums\/wp-content\/uploads\/2018\/02\/aUGUSTE.jpg\" rel=\"lightbox[3241]\"><img loading=\"lazy\" decoding=\"async\" class=\"alignleft wp-image-3266\" src=\"http:\/\/sventejums.lt\/svente_jums\/wp-content\/uploads\/2018\/02\/aUGUSTE.jpg\" alt=\"aUGUSTE\" width=\"500\" height=\"304\" srcset=\"http:\/\/sventejums.lt\/svente_jums\/wp-content\/uploads\/2018\/02\/aUGUSTE.jpg 900w, http:\/\/sventejums.lt\/svente_jums\/wp-content\/uploads\/2018\/02\/aUGUSTE-300x183.jpg 300w, http:\/\/sventejums.lt\/svente_jums\/wp-content\/uploads\/2018\/02\/aUGUSTE-768x468.jpg 768w\" sizes=\"(max-width: 500px) 100vw, 500px\" \/><\/a><\/p>\n<p><iframe loading=\"lazy\" width=\"500\" height=\"281\" src=\"https:\/\/www.youtube.com\/embed\/10QrNf-T4w0?start=9&#038;feature=oembed\" frameborder=\"0\" allow=\"autoplay; encrypted-media\" allowfullscreen><\/iframe><\/p>\n<hr \/>\n<p>&nbsp;<\/p>\n<h2 style=\"text-align: center;\">AUGUST\u0116 VEDRICKAIT\u0116\u00a0SU GRUPE. Rock Me Good.<\/h2>\n<p>&nbsp;<br \/>\n<a href=\"http:\/\/sventejums.lt\/svente_jums\/wp-content\/uploads\/2018\/02\/ROCK-ME-GOOD.jpg\" rel=\"lightbox[3241]\"><img loading=\"lazy\" decoding=\"async\" class=\"alignleft wp-image-3267\" src=\"http:\/\/sventejums.lt\/svente_jums\/wp-content\/uploads\/2018\/02\/ROCK-ME-GOOD.jpg\" alt=\"ROCK-ME-GOOD\" width=\"500\" height=\"368\" srcset=\"http:\/\/sventejums.lt\/svente_jums\/wp-content\/uploads\/2018\/02\/ROCK-ME-GOOD.jpg 599w, http:\/\/sventejums.lt\/svente_jums\/wp-content\/uploads\/2018\/02\/ROCK-ME-GOOD-300x221.jpg 300w\" sizes=\"(max-width: 500px) 100vw, 500px\" \/><\/a><\/p>\n<p><iframe loading=\"lazy\" width=\"500\" height=\"281\" src=\"https:\/\/www.youtube.com\/embed\/-YFfeBf81wc?start=31&#038;feature=oembed\" frameborder=\"0\" allow=\"autoplay; encrypted-media\" allowfullscreen><\/iframe><\/p>\n<hr \/>\n<p>&nbsp;<\/p>\n","protected":false},"excerpt":{"rendered":"<p>&nbsp; BALTASIS KIRAS https:\/\/www.facebook.com\/BaltasisKiras\/ &nbsp; &nbsp; ba. https:\/\/www.facebook.com\/baofficialmusicpage\/ Garbanotas Bosistas Garbanotas Bosistas Antikvariniai Ka\u0161pirovskio Dantys \u00a0Antikvariniai Ka\u0161pirovskio dantys &nbsp; &nbsp; JUSTINAS JARUTIS SU GRUPE. DANCE HARD! &nbsp; &nbsp; &nbsp; &nbsp; AUGUST\u0116 VEDRICKAIT\u0116\u00a0SU GRUPE.\u00a0Discotheque LIVE. &nbsp; &nbsp; AUGUST\u0116 VEDRICKAIT\u0116\u00a0SU GRUPE. Rock Me Good. &nbsp; &nbsp;<\/p>\n","protected":false},"author":2,"featured_media":0,"parent":21,"menu_order":0,"comment_status":"closed","ping_status":"closed","template":"","meta":{"footnotes":""},"aioseo_notices":[],"_links":{"self":[{"href":"http:\/\/sventejums.lt\/svente_jums\/wp-json\/wp\/v2\/pages\/3241"}],"collection":[{"href":"http:\/\/sventejums.lt\/svente_jums\/wp-json\/wp\/v2\/pages"}],"about":[{"href":"http:\/\/sventejums.lt\/svente_jums\/wp-json\/wp\/v2\/types\/page"}],"author":[{"embeddable":true,"href":"http:\/\/sventejums.lt\/svente_jums\/wp-json\/wp\/v2\/users\/2"}],"replies":[{"embeddable":true,"href":"http:\/\/sventejums.lt\/svente_jums\/wp-json\/wp\/v2\/comments?post=3241"}],"version-history":[{"count":20,"href":"http:\/\/sventejums.lt\/svente_jums\/wp-json\/wp\/v2\/pages\/3241\/revisions"}],"predecessor-version":[{"id":3243,"href":"http:\/\/sventejums.lt\/svente_jums\/wp-json\/wp\/v2\/pages\/3241\/revisions\/3243"}],"up":[{"embeddable":true,"href":"http:\/\/sventejums.lt\/svente_jums\/wp-json\/wp\/v2\/pages\/21"}],"wp:attachment":[{"href":"http:\/\/sventejums.lt\/svente_jums\/wp-json\/wp\/v2\/media?parent=3241"}],"curies":[{"name":"wp","href":"https:\/\/api.w.org\/{rel}","templated":true}]}}