{"id":2357,"date":"2016-05-10T11:47:43","date_gmt":"2016-05-10T11:47:43","guid":{"rendered":"http:\/\/sventejums.lt\/svente_jums\/?page_id=2357"},"modified":"2024-03-27T13:47:09","modified_gmt":"2024-03-27T13:47:09","slug":"sefo-furgonelis","status":"publish","type":"page","link":"http:\/\/sventejums.lt\/svente_jums\/sefo-furgonelis\/","title":{"rendered":"\u0161efo furgon\u0117lis | since 1965"},"content":{"rendered":"<p><strong>A\u0161 galiu b\u016bti ir Tavo \u0160vent\u0117je!!!<\/strong><\/p>\n<p><a href=\"http:\/\/sventejums.lt\/svente_jums\/wp-content\/uploads\/2016\/07\/IMG_2675-Copy.jpg\" rel=\"lightbox[2357]\"><img loading=\"lazy\" decoding=\"async\" class=\"size-medium wp-image-2416 aligncenter\" src=\"http:\/\/sventejums.lt\/svente_jums\/wp-content\/uploads\/2016\/07\/IMG_2675-Copy-300x122.jpg\" alt=\"\" width=\"300\" height=\"122\" srcset=\"http:\/\/sventejums.lt\/svente_jums\/wp-content\/uploads\/2016\/07\/IMG_2675-Copy-300x122.jpg 300w, http:\/\/sventejums.lt\/svente_jums\/wp-content\/uploads\/2016\/07\/IMG_2675-Copy.jpg 676w\" sizes=\"(max-width: 300px) 100vw, 300px\" \/><\/a><\/p>\n<p><a href=\"http:\/\/sventejums.lt\/svente_jums\/wp-content\/uploads\/2016\/05\/IMG_2676.jpg\" rel=\"lightbox[2357]\"><img loading=\"lazy\" decoding=\"async\" class=\"size-medium wp-image-2375 aligncenter\" src=\"http:\/\/sventejums.lt\/svente_jums\/wp-content\/uploads\/2016\/05\/IMG_2676-300x226.jpg\" alt=\"\" width=\"300\" height=\"226\" srcset=\"http:\/\/sventejums.lt\/svente_jums\/wp-content\/uploads\/2016\/05\/IMG_2676-300x226.jpg 300w, http:\/\/sventejums.lt\/svente_jums\/wp-content\/uploads\/2016\/05\/IMG_2676-768x579.jpg 768w, http:\/\/sventejums.lt\/svente_jums\/wp-content\/uploads\/2016\/05\/IMG_2676.jpg 900w\" sizes=\"(max-width: 300px) 100vw, 300px\" \/><\/a><\/p>\n<p><a href=\"http:\/\/sventejums.lt\/svente_jums\/wp-content\/uploads\/2024\/03\/20221014_142648-rotated-e1711546042704.jpg\" rel=\"lightbox[2357]\"><img loading=\"lazy\" decoding=\"async\" class=\"size-medium wp-image-6177 aligncenter\" src=\"http:\/\/sventejums.lt\/svente_jums\/wp-content\/uploads\/2024\/03\/20221014_142648-rotated-e1711546042704-225x300.jpg\" alt=\"\" width=\"225\" height=\"300\" srcset=\"http:\/\/sventejums.lt\/svente_jums\/wp-content\/uploads\/2024\/03\/20221014_142648-rotated-e1711546042704-225x300.jpg 225w, http:\/\/sventejums.lt\/svente_jums\/wp-content\/uploads\/2024\/03\/20221014_142648-rotated-e1711546042704.jpg 675w\" sizes=\"(max-width: 225px) 100vw, 225px\" \/><\/a><a href=\"http:\/\/sventejums.lt\/svente_jums\/wp-content\/uploads\/2016\/05\/IMG_2674.jpg\" rel=\"lightbox[2357]\"><img loading=\"lazy\" decoding=\"async\" class=\"size-medium wp-image-2373 aligncenter\" src=\"http:\/\/sventejums.lt\/svente_jums\/wp-content\/uploads\/2016\/05\/IMG_2674-169x300.jpg\" alt=\"\" width=\"169\" height=\"300\" srcset=\"http:\/\/sventejums.lt\/svente_jums\/wp-content\/uploads\/2016\/05\/IMG_2674-169x300.jpg 169w, http:\/\/sventejums.lt\/svente_jums\/wp-content\/uploads\/2016\/05\/IMG_2674.jpg 563w\" sizes=\"(max-width: 169px) 100vw, 169px\" \/><\/a><\/p>\n<p><iframe loading=\"lazy\" style=\"border: none; overflow: hidden;\" src=\"https:\/\/www.facebook.com\/plugins\/post.php?href=https%3A%2F%2Fwww.facebook.com%2FSventeJums.lt%2Fposts%2F995046600544544%3A0&amp;width=500\" width=\"500\" height=\"626\" frameborder=\"0\" scrolling=\"no\"><\/iframe><\/p>\n<p><a title=\"\u0161efo furgon\u0117lis | \u0160vent\u0117 Jums | since 1965 HY Van\" href=\"http:\/\/sventejums.lt\/svente_jums\/wp-content\/uploads\/2016\/05\/Image-1.jpg\" rel=\"lightbox[2357]\"><img loading=\"lazy\" decoding=\"async\" class=\" wp-image-2362 \" title=\"jau greitai... \u0161efo furgon\u0117lis | \u0160vent\u0117 Jums | since 1965 HY Van\" src=\"http:\/\/sventejums.lt\/svente_jums\/wp-content\/uploads\/2016\/05\/Image-1.jpg\" alt=\"jau greitai Lietuvoje... \u0161efo furgon\u0117lis | \u0160vent\u0117 Jums | since 1965 HY Van\" width=\"480\" height=\"720\" srcset=\"http:\/\/sventejums.lt\/svente_jums\/wp-content\/uploads\/2016\/05\/Image-1.jpg 667w, http:\/\/sventejums.lt\/svente_jums\/wp-content\/uploads\/2016\/05\/Image-1-200x300.jpg 200w\" sizes=\"(max-width: 480px) 100vw, 480px\" \/><\/a><\/p>\n","protected":false},"excerpt":{"rendered":"<p>A\u0161 galiu b\u016bti ir Tavo \u0160vent\u0117je!!!<\/p>\n","protected":false},"author":2,"featured_media":0,"parent":0,"menu_order":0,"comment_status":"open","ping_status":"open","template":"","meta":{"footnotes":""},"aioseo_notices":[],"_links":{"self":[{"href":"http:\/\/sventejums.lt\/svente_jums\/wp-json\/wp\/v2\/pages\/2357"}],"collection":[{"href":"http:\/\/sventejums.lt\/svente_jums\/wp-json\/wp\/v2\/pages"}],"about":[{"href":"http:\/\/sventejums.lt\/svente_jums\/wp-json\/wp\/v2\/types\/page"}],"author":[{"embeddable":true,"href":"http:\/\/sventejums.lt\/svente_jums\/wp-json\/wp\/v2\/users\/2"}],"replies":[{"embeddable":true,"href":"http:\/\/sventejums.lt\/svente_jums\/wp-json\/wp\/v2\/comments?post=2357"}],"version-history":[{"count":32,"href":"http:\/\/sventejums.lt\/svente_jums\/wp-json\/wp\/v2\/pages\/2357\/revisions"}],"predecessor-version":[{"id":6190,"href":"http:\/\/sventejums.lt\/svente_jums\/wp-json\/wp\/v2\/pages\/2357\/revisions\/6190"}],"wp:attachment":[{"href":"http:\/\/sventejums.lt\/svente_jums\/wp-json\/wp\/v2\/media?parent=2357"}],"curies":[{"name":"wp","href":"https:\/\/api.w.org\/{rel}","templated":true}]}}