{"id":2081,"date":"2015-02-03T13:11:06","date_gmt":"2015-02-03T13:11:06","guid":{"rendered":"http:\/\/sventejums.lt\/svente_jums\/?page_id=2081"},"modified":"2015-02-03T14:14:14","modified_gmt":"2015-02-03T14:14:14","slug":"svente-jums-uab-gazele-2015","status":"publish","type":"page","link":"http:\/\/sventejums.lt\/svente_jums\/svente-jums-uab-gazele-2015\/","title":{"rendered":"\u0160vent\u0117 Jums, UAB, Gazel\u0117 2014"},"content":{"rendered":"<div id=\"attachment_2079\" style=\"width: 502px\" class=\"wp-caption alignnone\"><a href=\"http:\/\/sventejums.lt\/svente_jums\/wp-content\/uploads\/2013\/08\/\u0160vent\u0117-Jums-UAB-Gazel\u0117-2015.jpg\" rel=\"lightbox[2081]\"><img loading=\"lazy\" decoding=\"async\" aria-describedby=\"caption-attachment-2079\" class=\" wp-image-2079 \" alt=\"\u0160vent\u0117 Jums, UAB, Gazel\u0117 2015\" src=\"http:\/\/sventejums.lt\/svente_jums\/wp-content\/uploads\/2013\/08\/\u0160vent\u0117-Jums-UAB-Gazel\u0117-2015.jpg\" width=\"492\" height=\"700\" srcset=\"http:\/\/sventejums.lt\/svente_jums\/wp-content\/uploads\/2013\/08\/\u0160vent\u0117-Jums-UAB-Gazel\u0117-2015.jpg 703w, http:\/\/sventejums.lt\/svente_jums\/wp-content\/uploads\/2013\/08\/\u0160vent\u0117-Jums-UAB-Gazel\u0117-2015-210x300.jpg 210w\" sizes=\"(max-width: 492px) 100vw, 492px\" \/><\/a><p id=\"caption-attachment-2079\" class=\"wp-caption-text\">\u0160vent\u0117 Jums, UAB, Gazel\u0117 2014<\/p><\/div>\n","protected":false},"excerpt":{"rendered":"","protected":false},"author":2,"featured_media":0,"parent":0,"menu_order":1,"comment_status":"open","ping_status":"open","template":"","meta":{"footnotes":""},"aioseo_notices":[],"_links":{"self":[{"href":"http:\/\/sventejums.lt\/svente_jums\/wp-json\/wp\/v2\/pages\/2081"}],"collection":[{"href":"http:\/\/sventejums.lt\/svente_jums\/wp-json\/wp\/v2\/pages"}],"about":[{"href":"http:\/\/sventejums.lt\/svente_jums\/wp-json\/wp\/v2\/types\/page"}],"author":[{"embeddable":true,"href":"http:\/\/sventejums.lt\/svente_jums\/wp-json\/wp\/v2\/users\/2"}],"replies":[{"embeddable":true,"href":"http:\/\/sventejums.lt\/svente_jums\/wp-json\/wp\/v2\/comments?post=2081"}],"version-history":[{"count":4,"href":"http:\/\/sventejums.lt\/svente_jums\/wp-json\/wp\/v2\/pages\/2081\/revisions"}],"predecessor-version":[{"id":2084,"href":"http:\/\/sventejums.lt\/svente_jums\/wp-json\/wp\/v2\/pages\/2081\/revisions\/2084"}],"wp:attachment":[{"href":"http:\/\/sventejums.lt\/svente_jums\/wp-json\/wp\/v2\/media?parent=2081"}],"curies":[{"name":"wp","href":"https:\/\/api.w.org\/{rel}","templated":true}]}}