{"id":2029,"date":"2014-12-16T23:18:53","date_gmt":"2014-12-16T23:18:53","guid":{"rendered":"http:\/\/sventejums.lt\/svente_jums\/?page_id=2029"},"modified":"2024-03-29T14:51:40","modified_gmt":"2024-03-29T14:51:40","slug":"populiariausi-lietuvos-renginiu-vedejai","status":"publish","type":"page","link":"http:\/\/sventejums.lt\/svente_jums\/paslaugos\/populiariausi-lietuvos-renginiu-vedejai\/","title":{"rendered":"Populiariausi atlik\u0117jai ir rengini\u0173 ved\u0117jai"},"content":{"rendered":"<h3 style=\"text-align: center;\">Rekomenduojami atlik\u0117jai ir grup\u0117s J\u016bs\u0173 \u0161ventei:<\/h3>\n<p style=\"text-align: center;\"><strong><em>POPULIARIAUSI LIETUVOS ATLIK\u0116JAI IR VED\u0116JAI SI\u016aLOMI,\u00a0<\/em><\/strong><strong><em><br \/>\n<\/em><em>TIK \u201e\u0160VENT\u0116 JUMS\u201c ORGANIZUOJAMIEMS RENGINIAMS<\/em><em><br \/>\n(kain\u0173 ir kontakt\u0173\u00a0informacijos nesuteikiam)<\/em><\/strong><\/p>\n<p><a href=\"http:\/\/sventejums.lt\/svente_jums\/wp-content\/uploads\/2024\/03\/333056313_942958880065617_4077552532023993945_n.jpg\" rel=\"lightbox[2029]\"><img loading=\"lazy\" decoding=\"async\" class=\"alignnone wp-image-6431 size-full\" src=\"http:\/\/sventejums.lt\/svente_jums\/wp-content\/uploads\/2024\/03\/333056313_942958880065617_4077552532023993945_n.jpg\" alt=\"\" width=\"200\" height=\"200\" srcset=\"http:\/\/sventejums.lt\/svente_jums\/wp-content\/uploads\/2024\/03\/333056313_942958880065617_4077552532023993945_n.jpg 200w, http:\/\/sventejums.lt\/svente_jums\/wp-content\/uploads\/2024\/03\/333056313_942958880065617_4077552532023993945_n-150x150.jpg 150w\" sizes=\"(max-width: 200px) 100vw, 200px\" \/><\/a><\/p>\n<p><strong>NATALIJA BUNK\u0116\u00a0<\/strong> &#8211; <span class=\"x193iq5w xeuugli x13faqbe x1vvkbs x1xmvt09 x1lliihq x1s928wv xhkezso x1gmr53x x1cpjm7i x1fgarty x1943h6x xudqn12 x3x7a5m x6prxxf xvq8zen xo1l8bm xzsf02u\" dir=\"auto\">Lietuvos pop muzikos atlik\u0117ja, mergin\u0173 grupi\u0173 \u201eYVA\u201c ir \u201ePop Ladies\u201c \u012fk\u016br\u0117ja bei daininink\u0117. Surengusi ne vien\u0105 koncert\u0105, suburiant\u012f pilnas arenas, savo programa ir energija u\u017ekurianti kiekvien\u0105 vakar\u0117l\u012f. <\/span><\/p>\n<p><a href=\"http:\/\/sventejums.lt\/svente_jums\/wp-content\/uploads\/2024\/03\/334746523_6323913207103_241926323951946188_n.jpg\" rel=\"lightbox[2029]\"><img loading=\"lazy\" decoding=\"async\" class=\"alignnone wp-image-6432 size-medium\" src=\"http:\/\/sventejums.lt\/svente_jums\/wp-content\/uploads\/2024\/03\/334746523_6323913207103_241926323951946188_n-300x300.jpg\" alt=\"\" width=\"300\" height=\"300\" srcset=\"http:\/\/sventejums.lt\/svente_jums\/wp-content\/uploads\/2024\/03\/334746523_6323913207103_241926323951946188_n-300x300.jpg 300w, http:\/\/sventejums.lt\/svente_jums\/wp-content\/uploads\/2024\/03\/334746523_6323913207103_241926323951946188_n-150x150.jpg 150w, http:\/\/sventejums.lt\/svente_jums\/wp-content\/uploads\/2024\/03\/334746523_6323913207103_241926323951946188_n.jpg 526w\" sizes=\"(max-width: 300px) 100vw, 300px\" \/><\/a><\/p>\n<p><strong>LIEPA<\/strong> <strong>ir gyvo garso grup\u0117<\/strong> &#8211; atlik\u0117ja, buvusi grup\u0117s \u201ePop Ladies\u201c nar\u0117, t\u0119sianti savo karjer\u0105 kaip solist\u0117. Atlieka savo dainas, bei pasaulyje gerai \u017einomus koverius. Galingas balsas, energija, \u0161oki\u0173 aik\u0161tel\u0117je suburs tiek jaunus, tiek vyresnius.<\/p>\n<p><a href=\"http:\/\/sventejums.lt\/svente_jums\/wp-content\/uploads\/2024\/03\/432406154_800275312142240_7330596163531440770_n.jpg\" rel=\"lightbox[2029]\"><img loading=\"lazy\" decoding=\"async\" class=\"alignnone size-medium wp-image-6433\" src=\"http:\/\/sventejums.lt\/svente_jums\/wp-content\/uploads\/2024\/03\/432406154_800275312142240_7330596163531440770_n-300x188.jpg\" alt=\"\" width=\"300\" height=\"188\" srcset=\"http:\/\/sventejums.lt\/svente_jums\/wp-content\/uploads\/2024\/03\/432406154_800275312142240_7330596163531440770_n-300x188.jpg 300w, http:\/\/sventejums.lt\/svente_jums\/wp-content\/uploads\/2024\/03\/432406154_800275312142240_7330596163531440770_n-768x480.jpg 768w, http:\/\/sventejums.lt\/svente_jums\/wp-content\/uploads\/2024\/03\/432406154_800275312142240_7330596163531440770_n.jpg 900w\" sizes=\"(max-width: 300px) 100vw, 300px\" \/><\/a><\/p>\n<p><strong>KATA\u017dINA ZVONKUVIEN\u0116<\/strong> &#8211; atlik\u0117ja, buvusi grup\u0117s \u201ePop Ladies\u201c nar\u0117.\u00a0 Slavi\u0161ko temperamento viesulas lietuvi\u0161koje scenoje. Jos plati \u0161irdis ir dar platesnis balsas kasmet gausina gerb\u0117j\u0173 b\u016br\u012f. Kata\u017einos repertuare skamba originalios dainos bei kitos \u017einomos lietuvi\u0173, lenk\u0173, ukrainie\u010di\u0173 melodijos.<\/p>\n<p><a href=\"http:\/\/sventejums.lt\/svente_jums\/wp-content\/uploads\/2024\/03\/Indraya-Tomas-tick.jpg\" rel=\"lightbox[2029]\"><img loading=\"lazy\" decoding=\"async\" class=\"alignnone size-medium wp-image-6434\" src=\"http:\/\/sventejums.lt\/svente_jums\/wp-content\/uploads\/2024\/03\/Indraya-Tomas-tick-300x200.jpg\" alt=\"\" width=\"300\" height=\"200\" srcset=\"http:\/\/sventejums.lt\/svente_jums\/wp-content\/uploads\/2024\/03\/Indraya-Tomas-tick-300x200.jpg 300w, http:\/\/sventejums.lt\/svente_jums\/wp-content\/uploads\/2024\/03\/Indraya-Tomas-tick-768x512.jpg 768w, http:\/\/sventejums.lt\/svente_jums\/wp-content\/uploads\/2024\/03\/Indraya-Tomas-tick.jpg 900w\" sizes=\"(max-width: 300px) 100vw, 300px\" \/><\/a><\/p>\n<p><strong>INDRAYA IR SAKSOFONISTAS Tomas Sax &#8211; <\/strong>Spalvingas ir charizmati\u0161kas duetas, kuriame stilingai dera saksofono ir vokalo skambesys. Dueto atliekama programa romanti\u0161ka ir tuo pat metu u\u017edeganti, joje skamba \u017eymiausi pop ir smooth jazz muzikos k\u016briniai.<\/p>\n<p><strong><a href=\"http:\/\/sventejums.lt\/svente_jums\/wp-content\/uploads\/2024\/03\/Auguste-solo.jpg\" rel=\"lightbox[2029]\"><img loading=\"lazy\" decoding=\"async\" class=\"alignnone wp-image-6435 size-medium\" src=\"http:\/\/sventejums.lt\/svente_jums\/wp-content\/uploads\/2024\/03\/Auguste-solo-289x300.jpg\" alt=\"\" width=\"289\" height=\"300\" srcset=\"http:\/\/sventejums.lt\/svente_jums\/wp-content\/uploads\/2024\/03\/Auguste-solo-289x300.jpg 289w, http:\/\/sventejums.lt\/svente_jums\/wp-content\/uploads\/2024\/03\/Auguste-solo-768x796.jpg 768w, http:\/\/sventejums.lt\/svente_jums\/wp-content\/uploads\/2024\/03\/Auguste-solo.jpg 900w\" sizes=\"(max-width: 289px) 100vw, 289px\" \/><\/a><\/strong><\/p>\n<p><strong>AUGUST\u0116 VEDRICKAIT\u0116 &#8211; <\/strong>atlik\u0117ja, dain\u0173 autor\u0117. U\u017eburianti jaukiais pasirodymais ir gebanti sukurti pa\u0161\u0117lus\u012f vakar\u0105. Repertuare ne tik originalios August\u0117s dainos, bet ir puikiai visiems atpa\u017e\u012fstami lietuvi\u0161ki bei pasauliniai hitai.<\/p>\n<p><a href=\"http:\/\/sventejums.lt\/svente_jums\/wp-content\/uploads\/2024\/03\/Untitled-10.jpg\" rel=\"lightbox[2029]\"><img loading=\"lazy\" decoding=\"async\" class=\"alignnone wp-image-6436 size-full\" src=\"http:\/\/sventejums.lt\/svente_jums\/wp-content\/uploads\/2024\/03\/Untitled-10.jpg\" alt=\"\" width=\"225\" height=\"225\" srcset=\"http:\/\/sventejums.lt\/svente_jums\/wp-content\/uploads\/2024\/03\/Untitled-10.jpg 225w, http:\/\/sventejums.lt\/svente_jums\/wp-content\/uploads\/2024\/03\/Untitled-10-150x150.jpg 150w\" sizes=\"(max-width: 225px) 100vw, 225px\" \/><\/a><\/p>\n<p><strong>LIUDAS MIKALAUSKAS<\/strong> &#8211; vienas \u012f\u017eymiausi\u0173 lietuvi\u0173 jaunosios kartos bos\u0173, savo i\u0161kirtiniu balso tembru ir artisti\u0161kumu peln\u0119s did\u017eiul\u0119 publikos meil\u0119.<\/p>\n<p><a href=\"http:\/\/sventejums.lt\/svente_jums\/wp-content\/uploads\/2024\/03\/anatolij-oleinik-balta.jpg\" rel=\"lightbox[2029]\"><img loading=\"lazy\" decoding=\"async\" class=\"alignnone size-medium wp-image-6437\" src=\"http:\/\/sventejums.lt\/svente_jums\/wp-content\/uploads\/2024\/03\/anatolij-oleinik-balta-300x200.jpg\" alt=\"\" width=\"300\" height=\"200\" srcset=\"http:\/\/sventejums.lt\/svente_jums\/wp-content\/uploads\/2024\/03\/anatolij-oleinik-balta-300x200.jpg 300w, http:\/\/sventejums.lt\/svente_jums\/wp-content\/uploads\/2024\/03\/anatolij-oleinik-balta-768x512.jpg 768w, http:\/\/sventejums.lt\/svente_jums\/wp-content\/uploads\/2024\/03\/anatolij-oleinik-balta.jpg 900w\" sizes=\"(max-width: 300px) 100vw, 300px\" \/><\/a><\/p>\n<p><strong>ANATOLIJUS OLEINIK<\/strong> \u2013 atlik\u0117jas, dain\u0173 autorius, instrumentalistas, muzikini\u0173 projekt\u0173 laim\u0117tojas. Repertuare saksofono muzika, autorin\u0117s dainos, \u0161lageriai ir populiariausi coveriai.<\/p>\n<p><a href=\"http:\/\/sventejums.lt\/svente_jums\/wp-content\/uploads\/2024\/03\/9e249abadbc65f3cd089bb09cb3444e9-1.jpg\" rel=\"lightbox[2029]\"><img loading=\"lazy\" decoding=\"async\" class=\"alignnone size-medium wp-image-6438\" src=\"http:\/\/sventejums.lt\/svente_jums\/wp-content\/uploads\/2024\/03\/9e249abadbc65f3cd089bb09cb3444e9-1-300x200.jpg\" alt=\"\" width=\"300\" height=\"200\" srcset=\"http:\/\/sventejums.lt\/svente_jums\/wp-content\/uploads\/2024\/03\/9e249abadbc65f3cd089bb09cb3444e9-1-300x200.jpg 300w, http:\/\/sventejums.lt\/svente_jums\/wp-content\/uploads\/2024\/03\/9e249abadbc65f3cd089bb09cb3444e9-1-768x512.jpg 768w, http:\/\/sventejums.lt\/svente_jums\/wp-content\/uploads\/2024\/03\/9e249abadbc65f3cd089bb09cb3444e9-1.jpg 900w\" sizes=\"(max-width: 300px) 100vw, 300px\" \/><\/a><\/p>\n<p>Grup\u0117 <strong>RONDO\u00a0<\/strong> &#8211; Senoji geroji rokenrolo dvasia ir nepakartojamas vakaras. Per daug met\u0173 grup\u0117 sukaup\u0117 did\u017eiul\u012f repertuar\u0105 lietuvi\u0173, angl\u0173 ir rus\u0173 kalbomis. Tai dainos i\u0161 autorinio \u201eRondo\u201c repertuaro, liaudies dainos, \u017einomiausios pasaulio dainos nuo Sinatros iki ZZ Top. Grup\u0117s \u201eRondo\u201c dainas \u201eEgl\u0117 mano ses\u0117\u201c, \u201eLauk\u0173 g\u0117l\u0117\u201c, \u201ePelen\u0117\u201c, \u201ePalauk sustok\u201c, \u201eSudie Eliza\u201c, \u201eRytas perone\u201c ir daugel\u012f kit\u0173 \u0161iandien kartu su grupe dainuoja daugiat\u016bkstantin\u0117s \u017ei\u016brov\u0173 minios \u012fvairiuose Lietuvos miestuose.<\/p>\n<p><a href=\"http:\/\/sventejums.lt\/svente_jums\/wp-content\/uploads\/2024\/03\/fe6b89_27231b06656640318bb1dbcf909f2c27mv2-1.jpg\" rel=\"lightbox[2029]\"><img loading=\"lazy\" decoding=\"async\" class=\"alignnone size-medium wp-image-6439\" src=\"http:\/\/sventejums.lt\/svente_jums\/wp-content\/uploads\/2024\/03\/fe6b89_27231b06656640318bb1dbcf909f2c27mv2-1-300x212.jpg\" alt=\"\" width=\"300\" height=\"212\" srcset=\"http:\/\/sventejums.lt\/svente_jums\/wp-content\/uploads\/2024\/03\/fe6b89_27231b06656640318bb1dbcf909f2c27mv2-1-300x212.jpg 300w, http:\/\/sventejums.lt\/svente_jums\/wp-content\/uploads\/2024\/03\/fe6b89_27231b06656640318bb1dbcf909f2c27mv2-1-768x543.jpg 768w, http:\/\/sventejums.lt\/svente_jums\/wp-content\/uploads\/2024\/03\/fe6b89_27231b06656640318bb1dbcf909f2c27mv2-1.jpg 900w\" sizes=\"(max-width: 300px) 100vw, 300px\" \/><\/a><\/p>\n<p>Grup\u0117 <strong>PELENAI<\/strong> &#8211; lietuvi\u0161ko roko legenda, I\u0161skirtinis muzikinis baga\u017eas (nuo autorin\u0117s k\u016brybos iki geriausi\u0173 u\u017esienio muzikant\u0173 dain\u0173), daugiamet\u0119 patirt\u012f atskleid\u017eiantis profesionalumas, unikalus vokalistas \u010ceslovas Gabalis, Ginto Banio sukurtos \u012fsimintinos melodijos ir nuo\u0161irdus atsidavimas gerb\u0117jams \u2013 tai grup\u0117s vizitin\u0117 kortel\u0117. Energingai ir trankiai, \u0161velniai ir lyri\u0161kai.<\/p>\n<p><a href=\"http:\/\/sventejums.lt\/svente_jums\/wp-content\/uploads\/2024\/03\/Grupe2-vertik.jpg\" rel=\"lightbox[2029]\"><img loading=\"lazy\" decoding=\"async\" class=\"alignnone size-medium wp-image-6440\" src=\"http:\/\/sventejums.lt\/svente_jums\/wp-content\/uploads\/2024\/03\/Grupe2-vertik-200x300.jpg\" alt=\"\" width=\"200\" height=\"300\" srcset=\"http:\/\/sventejums.lt\/svente_jums\/wp-content\/uploads\/2024\/03\/Grupe2-vertik-200x300.jpg 200w, http:\/\/sventejums.lt\/svente_jums\/wp-content\/uploads\/2024\/03\/Grupe2-vertik.jpg 665w\" sizes=\"(max-width: 200px) 100vw, 200px\" \/><\/a><\/p>\n<p><strong>Grup\u0117 2- Karolis ir Donatas<\/strong> \u2013 ne vien\u0105 de\u0161imtmet\u012f scenoje dirbantys, skirting\u0173 kart\u0173 gerb\u0117j\u0173 puikiai \u017einomi atlik\u0117jai ir k\u016br\u0117jai Karolis Akulavi\u010dius ir Donatas Balvo\u010dius. \u201eKai kas vakar\u0105\u201c, \u201ePris\u0117dai \u0161alia\u201c, \u201eNa, o kaip Tau dabar?\u201c, \u201eI\u0161 mano \u0161irdies\u201c, \u201eKiek daug\u2026\u201c \u201eMan nesvarbu\u201c, \u201eLak\u016bno sapnas\u201c, \u201eAr myl\u0117ti nori tu?\u201c, \u201eNepabaigta istorija\u201c \u2013 tai dar tikrai ne visas, laiko patikrint\u0173 ir pamilt\u0173, dain\u0173 s\u0105ra\u0161as. Dainos, kurias norisi visiems ni\u016bniuoti, \u0161okti ir dainuoti kartu. Duetas savo charizma ir nuostabiais balsais dovanos nepamir\u0161tam\u0105 ir jau hitais tapusi\u0173 dain\u0173 vakar\u0105!<\/p>\n<h3 style=\"text-align: center;\">Rekomenduojami rengini\u0173 ved\u0117jai J\u016bs\u0173 \u0161ventei:<\/h3>\n<p><a href=\"http:\/\/sventejums.lt\/svente_jums\/wp-content\/uploads\/2024\/03\/b6bc9b7c962bab7e88da3d09c712a0ac.jpg\" rel=\"lightbox[2029]\"><img loading=\"lazy\" decoding=\"async\" class=\"alignnone size-medium wp-image-6446\" src=\"http:\/\/sventejums.lt\/svente_jums\/wp-content\/uploads\/2024\/03\/b6bc9b7c962bab7e88da3d09c712a0ac-300x204.jpg\" alt=\"\" width=\"300\" height=\"204\" srcset=\"http:\/\/sventejums.lt\/svente_jums\/wp-content\/uploads\/2024\/03\/b6bc9b7c962bab7e88da3d09c712a0ac-300x204.jpg 300w, http:\/\/sventejums.lt\/svente_jums\/wp-content\/uploads\/2024\/03\/b6bc9b7c962bab7e88da3d09c712a0ac.jpg 700w\" sizes=\"(max-width: 300px) 100vw, 300px\" \/><\/a><\/p>\n<p>Ved\u0117jai <strong>DAINIUS<\/strong> ir <strong>JURGA TeatrasArti<\/strong> &#8211;\u00a0 labai\u00a0 d\u017eiaugiam\u0117s, kad mes aktoriai prad\u0117j\u0119 rengini\u0173 ved\u0117j\u0173 karjer\u0105, sugeb\u0117jome \u0161vent\u0117se pritaikyti teatriniais i\u0161rai\u0161kos principais parengtas programas. Vis\u0173 si\u016blom\u0173 temini\u0173 vakar\u0173 a\u0161\u012f sudaro visiems daug d\u017eiaugsmo suteikiantis \u0161vent\u0117s metu su sve\u010diais sukuriamas &#8222;vakaro \u0161ou&#8221; &#8211; muzikin\u0117s intermedijos. B\u016bdami nepastebimi \u0161vent\u0117s metu, stengiam\u0117s, kad visi sve\u010diai pasijust\u0173 saug\u016bs, svarb\u016bs ir \u012fkv\u0117pti, o dalyvaujantys programoje net ir pirm\u0105 kart\u0105 b\u016bdami scenoje, dovanot\u0173 kitiems savo gra\u017e\u0173, atvir\u0105, k\u016brybing\u0105 buvim\u0105.<br \/>\n<strong>Vedam\u0173 rengini\u0173 tipai: <\/strong>Vestuv\u0117s, firm\u0173 vakar\u0117liai, i\u0161leistuv\u0117s, jubiliejai, gimtadieniai.<\/p>\n<p><a href=\"http:\/\/sventejums.lt\/svente_jums\/wp-content\/uploads\/2024\/03\/re_0034_P88_4709-705x471-1.jpg\" rel=\"lightbox[2029]\"><img loading=\"lazy\" decoding=\"async\" class=\"alignnone size-medium wp-image-6447\" src=\"http:\/\/sventejums.lt\/svente_jums\/wp-content\/uploads\/2024\/03\/re_0034_P88_4709-705x471-1-300x200.jpg\" alt=\"\" width=\"300\" height=\"200\" srcset=\"http:\/\/sventejums.lt\/svente_jums\/wp-content\/uploads\/2024\/03\/re_0034_P88_4709-705x471-1-300x200.jpg 300w, http:\/\/sventejums.lt\/svente_jums\/wp-content\/uploads\/2024\/03\/re_0034_P88_4709-705x471-1.jpg 705w\" sizes=\"(max-width: 300px) 100vw, 300px\" \/><\/a><\/p>\n<p><strong>\u201cMeno artel\u0117\u201d<\/strong>\u2013 puikiausias pasirinkimas tiems, kurie nori sukurti i\u0161skirtin\u0119 \u0161vent\u0119. Atsakingai dirbanti profesional\u0173 komand<span class=\"text_exposed_show\">a, atsi\u017evelgdama \u012f J\u016bs\u0173 pageidavimus, svajones ir norus, parengs b\u016btent Jums skirt\u0105 \u0161vent\u0117s scenarij\u0173. Jei neturite \u0161vent\u0117s id\u0117jos, mes galime Jums pasi\u016blyti laiko patikrintus scenarijus, kurie garantuos geros nuotaikos doz\u0119 susirinkusiems sve\u010diams.<\/span><\/p>\n<p><a href=\"http:\/\/sventejums.lt\/svente_jums\/wp-content\/uploads\/2024\/03\/nijole-narmontaite-gretos-skaraitienes-nuotr-5f5a9ba15a7a39-42039750.jpeg\" rel=\"lightbox[2029]\"><img loading=\"lazy\" decoding=\"async\" class=\"alignnone size-medium wp-image-6448\" src=\"http:\/\/sventejums.lt\/svente_jums\/wp-content\/uploads\/2024\/03\/nijole-narmontaite-gretos-skaraitienes-nuotr-5f5a9ba15a7a39-42039750-300x200.jpeg\" alt=\"\" width=\"300\" height=\"200\" srcset=\"http:\/\/sventejums.lt\/svente_jums\/wp-content\/uploads\/2024\/03\/nijole-narmontaite-gretos-skaraitienes-nuotr-5f5a9ba15a7a39-42039750-300x200.jpeg 300w, http:\/\/sventejums.lt\/svente_jums\/wp-content\/uploads\/2024\/03\/nijole-narmontaite-gretos-skaraitienes-nuotr-5f5a9ba15a7a39-42039750-768x512.jpeg 768w, http:\/\/sventejums.lt\/svente_jums\/wp-content\/uploads\/2024\/03\/nijole-narmontaite-gretos-skaraitienes-nuotr-5f5a9ba15a7a39-42039750.jpeg 800w\" sizes=\"(max-width: 300px) 100vw, 300px\" \/><\/a><\/p>\n<p><strong>NIJOL\u0116 NARMONTAIT\u0116<\/strong> &#8211; populiari kino, televizijos ir teatro aktor\u0117, ra\u0161ytoja, rengini\u0173 ved\u0117ja.\u00a0 Charizmati\u0161ka asmenyb\u0117,\u00a0 pasi\u017eyminti puikiu humoro jausmu, gebanti pralinksminti, \u012fkv\u0117pti. Daug d\u0117mesio skiria bendravimui su sve\u010diais, meni\u0161kai, teatralizuotai praveda \u0161ventes.<\/p>\n<p><a href=\"http:\/\/sventejums.lt\/svente_jums\/wp-content\/uploads\/2024\/03\/1700565472028-thumb-photo.jpg\" rel=\"lightbox[2029]\"><img loading=\"lazy\" decoding=\"async\" class=\"alignnone size-medium wp-image-6450\" src=\"http:\/\/sventejums.lt\/svente_jums\/wp-content\/uploads\/2024\/03\/1700565472028-thumb-photo-300x200.jpg\" alt=\"\" width=\"300\" height=\"200\" srcset=\"http:\/\/sventejums.lt\/svente_jums\/wp-content\/uploads\/2024\/03\/1700565472028-thumb-photo-300x200.jpg 300w, http:\/\/sventejums.lt\/svente_jums\/wp-content\/uploads\/2024\/03\/1700565472028-thumb-photo-768x513.jpg 768w, http:\/\/sventejums.lt\/svente_jums\/wp-content\/uploads\/2024\/03\/1700565472028-thumb-photo.jpg 800w\" sizes=\"(max-width: 300px) 100vw, 300px\" \/><\/a><\/p>\n<p><strong>LAIMA TAMULYT\u0116 &#8211; STON\u010c\u0116<\/strong> &#8211; daininink\u0117, rengini\u0173 organizator\u0117 ir ved\u0117ja. Kiekvienas renginys tai naujas i\u0161\u0161\u016bkis rasti b\u016bd\u0105, pri\u0117jim\u0105 ir form\u0105, kad tai tapt\u0173 kupinas ger\u0173 emocij\u0173 ir prisiminim\u0173 laikas. Kuriame unikal\u0173 turin\u012f asmenin\u0117ms \u0161vent\u0117ms tai &#8211; gimtadienis, jubiliejus, krik\u0161tynos ar vestuv\u0117s. Taip pat turime pakankamai resurs\u0173 bei patirties kurdami \u0161ventes \u012fvairiomis firm\u0173 progomis &#8211; sukaktys, nauj\u0173 projekt\u0173 pristatymai, komandos formavimo ar kolektyvo poilsio \u0161vent\u0117s.<\/p>\n<p>Galb\u016bt norite <a href=\"mailto:info@sventejums.lt\">paklausti<\/a>\u00a0apie grup\u0119 ar atlik\u0117j\u0105?<\/p>\n","protected":false},"excerpt":{"rendered":"<p>Rekomenduojami atlik\u0117jai ir grup\u0117s J\u016bs\u0173 \u0161ventei: POPULIARIAUSI LIETUVOS ATLIK\u0116JAI IR VED\u0116JAI SI\u016aLOMI,\u00a0 TIK \u201e\u0160VENT\u0116 JUMS\u201c ORGANIZUOJAMIEMS RENGINIAMS (kain\u0173 ir kontakt\u0173\u00a0informacijos nesuteikiam) NATALIJA BUNK\u0116\u00a0 &#8211; Lietuvos pop muzikos atlik\u0117ja, mergin\u0173 grupi\u0173 \u201eYVA\u201c ir \u201ePop Ladies\u201c \u012fk\u016br\u0117ja bei daininink\u0117. Surengusi ne vien\u0105 koncert\u0105, suburiant\u012f pilnas arenas, savo programa ir energija u\u017ekurianti kiekvien\u0105 vakar\u0117l\u012f. LIEPA ir gyvo garso [&hellip;]<\/p>\n","protected":false},"author":2,"featured_media":0,"parent":21,"menu_order":6,"comment_status":"open","ping_status":"open","template":"","meta":{"footnotes":""},"aioseo_notices":[],"_links":{"self":[{"href":"http:\/\/sventejums.lt\/svente_jums\/wp-json\/wp\/v2\/pages\/2029"}],"collection":[{"href":"http:\/\/sventejums.lt\/svente_jums\/wp-json\/wp\/v2\/pages"}],"about":[{"href":"http:\/\/sventejums.lt\/svente_jums\/wp-json\/wp\/v2\/types\/page"}],"author":[{"embeddable":true,"href":"http:\/\/sventejums.lt\/svente_jums\/wp-json\/wp\/v2\/users\/2"}],"replies":[{"embeddable":true,"href":"http:\/\/sventejums.lt\/svente_jums\/wp-json\/wp\/v2\/comments?post=2029"}],"version-history":[{"count":38,"href":"http:\/\/sventejums.lt\/svente_jums\/wp-json\/wp\/v2\/pages\/2029\/revisions"}],"predecessor-version":[{"id":6454,"href":"http:\/\/sventejums.lt\/svente_jums\/wp-json\/wp\/v2\/pages\/2029\/revisions\/6454"}],"up":[{"embeddable":true,"href":"http:\/\/sventejums.lt\/svente_jums\/wp-json\/wp\/v2\/pages\/21"}],"wp:attachment":[{"href":"http:\/\/sventejums.lt\/svente_jums\/wp-json\/wp\/v2\/media?parent=2029"}],"curies":[{"name":"wp","href":"https:\/\/api.w.org\/{rel}","templated":true}]}}