{"id":2,"date":"2013-04-15T15:54:02","date_gmt":"2013-04-15T15:54:02","guid":{"rendered":"http:\/\/sventejums.lt\/svente_jums\/?page_id=2"},"modified":"2026-03-26T13:28:23","modified_gmt":"2026-03-26T13:28:23","slug":"kontaktai","status":"publish","type":"page","link":"http:\/\/sventejums.lt\/svente_jums\/kontaktai\/","title":{"rendered":"Kontaktai"},"content":{"rendered":"<p><strong>UAB \u201e\u0160vent\u0117 Jums\u201c \u00a0 \u00a0 \u00a0 \u00a0 \u00a0 \u00a0 \u00a0 \u00a0 \u00a0 \u00a0 \u00a0 \u00a0 \u00a0 \u00a0 \u00a0 \u00a0 \u00a0 \u00a0 \u00a0 \u00a0<\/strong>\u00a0\u00a0\u00a0\u00a0<a href=\"http:\/\/sventejums.lt\/svente_jums\/wp-content\/uploads\/2013\/04\/Svente-Jums-min-emblema-Banketai-Lietuvoje.jpg\" rel=\"lightbox[2]\"><img loading=\"lazy\" decoding=\"async\" class=\"wp-image-2232 size-thumbnail alignright\" src=\"http:\/\/sventejums.lt\/svente_jums\/wp-content\/uploads\/2013\/04\/Svente-Jums-min-emblema-Banketai-Lietuvoje-150x150.jpg\" alt=\"\u0160vent\u0117 Jums, UAB | banketai visoje Lietuvoje\" width=\"150\" height=\"150\" \/><\/a><br \/>\n\u012emon\u0117s kodas 300138036<br \/>\nPVM mok\u0117tojo kodas LT 100001870515<br \/>\nKa\u0161ton\u0173 g. 32-1, LT &#8211; 63345, Alytus<br \/>\nDirektorius\u00a0Donatas Stepon\u0117nas<\/p>\n<p><strong>U\u017esakym\u0173 el. p.:<\/strong> <a href=\"mailto:info@sventejums.lt\" target=\"_blank\" rel=\"noopener\">info@sventejums.lt<\/a><\/p>\n<p><strong>Direktorius:<\/strong> Donatas Stepon\u0117nas Tel. +370652 77 696;<\/p>\n<p><strong>Vadybininkas:<\/strong> Rokas Vaivada Tel. +370693 40 402;<\/p>\n<p><strong>Gamyba : <\/strong>Tel. +370644 22 321;<\/p>\n<hr \/>\n<p><strong>Gamybos ir ofiso komand\u0105 rasite: <\/strong>Gamybos g. 14, Alytus<\/p>\n<p><strong>U\u017esakym\u0173 atsi\u0117mimo vieta:<\/strong> Gamybos g. 14, Alytus, LT-62175<\/p>\n<p><strong>Restoranas-muzikinis klubas DRUSKININK\u0172 KOLONADA: <\/strong>V. Kudirkos g. 22, Druskininkai<\/p>\n<p>Tel. +370662 06 062; <a href=\"https:\/\/druskininkukolonada.lt\/kolonada\/\">https:\/\/druskininkukolonada.lt\/kolonada\/<\/a><\/p>\n<hr \/>\n<p>Mus rasite:<\/p>\n<p><iframe loading=\"lazy\" style=\"border: 0;\" src=\"https:\/\/www.google.com\/maps\/embed?pb=!1m18!1m12!1m3!1d1160.2262484634134!2d24.02103350923644!3d54.43729914941007!2m3!1f0!2f0!3f0!3m2!1i1024!2i768!4f13.1!3m3!1m2!1s0x46e0b44013c1e2bf%3A0x2d64a3f7ef541cad!2sGamybos%20g.%2014%2C%2062312%20Alytus!5e0!3m2!1slt!2slt!4v1706710557306!5m2!1slt!2slt\" width=\"600\" height=\"450\" allowfullscreen=\"allowfullscreen\"><\/iframe><\/p>\n","protected":false},"excerpt":{"rendered":"<p>UAB \u201e\u0160vent\u0117 Jums\u201c \u00a0 \u00a0 \u00a0 \u00a0 \u00a0 \u00a0 \u00a0 \u00a0 \u00a0 \u00a0 \u00a0 \u00a0 \u00a0 \u00a0 \u00a0 \u00a0 \u00a0 \u00a0 \u00a0 \u00a0\u00a0\u00a0\u00a0\u00a0 \u012emon\u0117s kodas 300138036 PVM mok\u0117tojo kodas LT 100001870515 Ka\u0161ton\u0173 g. 32-1, LT &#8211; 63345, Alytus Direktorius\u00a0Donatas Stepon\u0117nas U\u017esakym\u0173 el. p.: info@sventejums.lt Direktorius: Donatas Stepon\u0117nas Tel. +370652 77 696; Vadybininkas: Rokas Vaivada Tel. [&hellip;]<\/p>\n","protected":false},"author":1,"featured_media":0,"parent":0,"menu_order":8,"comment_status":"open","ping_status":"open","template":"besub.php","meta":{"footnotes":""},"aioseo_notices":[],"_links":{"self":[{"href":"http:\/\/sventejums.lt\/svente_jums\/wp-json\/wp\/v2\/pages\/2"}],"collection":[{"href":"http:\/\/sventejums.lt\/svente_jums\/wp-json\/wp\/v2\/pages"}],"about":[{"href":"http:\/\/sventejums.lt\/svente_jums\/wp-json\/wp\/v2\/types\/page"}],"author":[{"embeddable":true,"href":"http:\/\/sventejums.lt\/svente_jums\/wp-json\/wp\/v2\/users\/1"}],"replies":[{"embeddable":true,"href":"http:\/\/sventejums.lt\/svente_jums\/wp-json\/wp\/v2\/comments?post=2"}],"version-history":[{"count":105,"href":"http:\/\/sventejums.lt\/svente_jums\/wp-json\/wp\/v2\/pages\/2\/revisions"}],"predecessor-version":[{"id":7726,"href":"http:\/\/sventejums.lt\/svente_jums\/wp-json\/wp\/v2\/pages\/2\/revisions\/7726"}],"wp:attachment":[{"href":"http:\/\/sventejums.lt\/svente_jums\/wp-json\/wp\/v2\/media?parent=2"}],"curies":[{"name":"wp","href":"https:\/\/api.w.org\/{rel}","templated":true}]}}