{"id":1974,"date":"2014-11-30T14:42:36","date_gmt":"2014-11-30T14:42:36","guid":{"rendered":"http:\/\/sventejums.lt\/svente_jums\/?page_id=1974"},"modified":"2015-03-31T17:16:09","modified_gmt":"2015-03-31T17:16:09","slug":"gala-vakariene-130-sveciu","status":"publish","type":"page","link":"http:\/\/sventejums.lt\/svente_jums\/gala-vakariene-130-sveciu\/","title":{"rendered":"Gala vakarien\u0117 130 sve\u010di\u0173"},"content":{"rendered":"<p><a href=\"http:\/\/sventejums.lt\/svente_jums\/wp-content\/uploads\/2014\/11\/img_9634-.jpg\" rel=\"lightbox[1974]\"><img loading=\"lazy\" decoding=\"async\" class=\"alignnone  wp-image-1981\" title=\"I\u0161ve\u017eamieji pob\u016bviai J\u016bs\u0173 pasirinktoje vietoje! www.SventeJums.lt Telefonas pasiteiravimams 8652 77696 Donatas Stepon\u0117nas\" alt=\"img_9634\" src=\"http:\/\/sventejums.lt\/svente_jums\/wp-content\/uploads\/2014\/11\/img_9634-.jpg\" width=\"384\" height=\"512\" srcset=\"http:\/\/sventejums.lt\/svente_jums\/wp-content\/uploads\/2014\/11\/img_9634-.jpg 480w, http:\/\/sventejums.lt\/svente_jums\/wp-content\/uploads\/2014\/11\/img_9634--225x300.jpg 225w\" sizes=\"(max-width: 384px) 100vw, 384px\" \/><\/a><\/p>\n\n\t\t<style type=\"text\/css\">\n\t\t\t#gallery-1 {\n\t\t\t\tmargin: auto;\n\t\t\t}\n\t\t\t#gallery-1 .gallery-item {\n\t\t\t\tfloat: left;\n\t\t\t\tmargin-top: 10px;\n\t\t\t\ttext-align: center;\n\t\t\t\twidth: 50%;\n\t\t\t}\n\t\t\t#gallery-1 img {\n\t\t\t\tborder: 2px solid #cfcfcf;\n\t\t\t}\n\t\t\t#gallery-1 .gallery-caption {\n\t\t\t\tmargin-left: 0;\n\t\t\t}\n\t\t\t\/* see gallery_shortcode() in wp-includes\/media.php *\/\n\t\t<\/style>\n\t\t<div id='gallery-1' class='gallery galleryid-1974 gallery-columns-2 gallery-size-thumbnail'><dl class='gallery-item'>\n\t\t\t<dt class='gallery-icon portrait'>\n\t\t\t\t<a href='http:\/\/sventejums.lt\/svente_jums\/wp-content\/uploads\/2014\/11\/img_9634-.jpg' rel=\"lightbox[1974]\"><img loading=\"lazy\" decoding=\"async\" width=\"150\" height=\"150\" src=\"http:\/\/sventejums.lt\/svente_jums\/wp-content\/uploads\/2014\/11\/img_9634--150x150.jpg\" class=\"attachment-thumbnail size-thumbnail\" alt=\"\" \/><\/a>\n\t\t\t<\/dt><\/dl><dl class='gallery-item'>\n\t\t\t<dt class='gallery-icon landscape'>\n\t\t\t\t<a href='http:\/\/sventejums.lt\/svente_jums\/wp-content\/uploads\/2014\/11\/img_9639-.jpg' rel=\"lightbox[1974]\"><img loading=\"lazy\" decoding=\"async\" width=\"150\" height=\"150\" src=\"http:\/\/sventejums.lt\/svente_jums\/wp-content\/uploads\/2014\/11\/img_9639--150x150.jpg\" class=\"attachment-thumbnail size-thumbnail\" alt=\"\" \/><\/a>\n\t\t\t<\/dt><\/dl><br style=\"clear: both\" \/><dl class='gallery-item'>\n\t\t\t<dt class='gallery-icon landscape'>\n\t\t\t\t<a href='http:\/\/sventejums.lt\/svente_jums\/wp-content\/uploads\/2014\/11\/img_9640-.jpg' rel=\"lightbox[1974]\"><img loading=\"lazy\" decoding=\"async\" width=\"150\" height=\"150\" src=\"http:\/\/sventejums.lt\/svente_jums\/wp-content\/uploads\/2014\/11\/img_9640--150x150.jpg\" class=\"attachment-thumbnail size-thumbnail\" alt=\"\" \/><\/a>\n\t\t\t<\/dt><\/dl><dl class='gallery-item'>\n\t\t\t<dt class='gallery-icon portrait'>\n\t\t\t\t<a href='http:\/\/sventejums.lt\/svente_jums\/wp-content\/uploads\/2014\/11\/etno-meniu-01-Preview.jpg' rel=\"lightbox[1974]\"><img loading=\"lazy\" decoding=\"async\" width=\"150\" height=\"150\" src=\"http:\/\/sventejums.lt\/svente_jums\/wp-content\/uploads\/2014\/11\/etno-meniu-01-Preview-150x150.jpg\" class=\"attachment-thumbnail size-thumbnail\" alt=\"\" \/><\/a>\n\t\t\t<\/dt><\/dl><br style=\"clear: both\" \/><dl class='gallery-item'>\n\t\t\t<dt class='gallery-icon landscape'>\n\t\t\t\t<a href='http:\/\/sventejums.lt\/svente_jums\/wp-content\/uploads\/2014\/11\/img_9638-.jpg' rel=\"lightbox[1974]\"><img loading=\"lazy\" decoding=\"async\" width=\"150\" height=\"150\" src=\"http:\/\/sventejums.lt\/svente_jums\/wp-content\/uploads\/2014\/11\/img_9638--150x150.jpg\" class=\"attachment-thumbnail size-thumbnail\" alt=\"\" \/><\/a>\n\t\t\t<\/dt><\/dl><dl class='gallery-item'>\n\t\t\t<dt class='gallery-icon landscape'>\n\t\t\t\t<a href='http:\/\/sventejums.lt\/svente_jums\/wp-content\/uploads\/2014\/11\/img_9703-.jpg' rel=\"lightbox[1974]\"><img loading=\"lazy\" decoding=\"async\" width=\"150\" height=\"150\" src=\"http:\/\/sventejums.lt\/svente_jums\/wp-content\/uploads\/2014\/11\/img_9703--150x150.jpg\" class=\"attachment-thumbnail size-thumbnail\" alt=\"\" \/><\/a>\n\t\t\t<\/dt><\/dl><br style=\"clear: both\" \/><dl class='gallery-item'>\n\t\t\t<dt class='gallery-icon landscape'>\n\t\t\t\t<a href='http:\/\/sventejums.lt\/svente_jums\/wp-content\/uploads\/2014\/11\/etno-meniu-03-Preview.jpg' rel=\"lightbox[1974]\"><img loading=\"lazy\" decoding=\"async\" width=\"150\" height=\"150\" src=\"http:\/\/sventejums.lt\/svente_jums\/wp-content\/uploads\/2014\/11\/etno-meniu-03-Preview-150x150.jpg\" class=\"attachment-thumbnail size-thumbnail\" alt=\"\" \/><\/a>\n\t\t\t<\/dt><\/dl><dl class='gallery-item'>\n\t\t\t<dt class='gallery-icon landscape'>\n\t\t\t\t<a href='http:\/\/sventejums.lt\/svente_jums\/wp-content\/uploads\/2014\/11\/etno-meniu-02-Preview.jpg' rel=\"lightbox[1974]\"><img loading=\"lazy\" decoding=\"async\" width=\"150\" height=\"150\" src=\"http:\/\/sventejums.lt\/svente_jums\/wp-content\/uploads\/2014\/11\/etno-meniu-02-Preview-150x150.jpg\" class=\"attachment-thumbnail size-thumbnail\" alt=\"\" \/><\/a>\n\t\t\t<\/dt><\/dl><br style=\"clear: both\" \/><dl class='gallery-item'>\n\t\t\t<dt class='gallery-icon landscape'>\n\t\t\t\t<a href='http:\/\/sventejums.lt\/svente_jums\/wp-content\/uploads\/2014\/11\/img_9701-.jpg' rel=\"lightbox[1974]\"><img loading=\"lazy\" decoding=\"async\" width=\"150\" height=\"150\" src=\"http:\/\/sventejums.lt\/svente_jums\/wp-content\/uploads\/2014\/11\/img_9701--150x150.jpg\" class=\"attachment-thumbnail size-thumbnail\" alt=\"\" \/><\/a>\n\t\t\t<\/dt><\/dl><dl class='gallery-item'>\n\t\t\t<dt class='gallery-icon landscape'>\n\t\t\t\t<a href='http:\/\/sventejums.lt\/svente_jums\/wp-content\/uploads\/2014\/11\/img_9702-.jpg' rel=\"lightbox[1974]\"><img loading=\"lazy\" decoding=\"async\" width=\"150\" height=\"150\" src=\"http:\/\/sventejums.lt\/svente_jums\/wp-content\/uploads\/2014\/11\/img_9702--150x150.jpg\" class=\"attachment-thumbnail size-thumbnail\" alt=\"\" \/><\/a>\n\t\t\t<\/dt><\/dl><br style=\"clear: both\" \/><dl class='gallery-item'>\n\t\t\t<dt class='gallery-icon landscape'>\n\t\t\t\t<a href='http:\/\/sventejums.lt\/svente_jums\/wp-content\/uploads\/2014\/11\/img_9733-.jpg' rel=\"lightbox[1974]\"><img loading=\"lazy\" decoding=\"async\" width=\"150\" height=\"150\" src=\"http:\/\/sventejums.lt\/svente_jums\/wp-content\/uploads\/2014\/11\/img_9733--150x150.jpg\" class=\"attachment-thumbnail size-thumbnail\" alt=\"\" \/><\/a>\n\t\t\t<\/dt><\/dl>\n\t\t\t<br style='clear: both' \/>\n\t\t<\/div>\n\n<p>&nbsp;<\/p>\n","protected":false},"excerpt":{"rendered":"<p>&nbsp;<\/p>\n","protected":false},"author":2,"featured_media":0,"parent":0,"menu_order":2,"comment_status":"open","ping_status":"open","template":"","meta":{"footnotes":""},"aioseo_notices":[],"_links":{"self":[{"href":"http:\/\/sventejums.lt\/svente_jums\/wp-json\/wp\/v2\/pages\/1974"}],"collection":[{"href":"http:\/\/sventejums.lt\/svente_jums\/wp-json\/wp\/v2\/pages"}],"about":[{"href":"http:\/\/sventejums.lt\/svente_jums\/wp-json\/wp\/v2\/types\/page"}],"author":[{"embeddable":true,"href":"http:\/\/sventejums.lt\/svente_jums\/wp-json\/wp\/v2\/users\/2"}],"replies":[{"embeddable":true,"href":"http:\/\/sventejums.lt\/svente_jums\/wp-json\/wp\/v2\/comments?post=1974"}],"version-history":[{"count":14,"href":"http:\/\/sventejums.lt\/svente_jums\/wp-json\/wp\/v2\/pages\/1974\/revisions"}],"predecessor-version":[{"id":1976,"href":"http:\/\/sventejums.lt\/svente_jums\/wp-json\/wp\/v2\/pages\/1974\/revisions\/1976"}],"wp:attachment":[{"href":"http:\/\/sventejums.lt\/svente_jums\/wp-json\/wp\/v2\/media?parent=1974"}],"curies":[{"name":"wp","href":"https:\/\/api.w.org\/{rel}","templated":true}]}}