{"id":165,"date":"2013-04-15T21:05:10","date_gmt":"2013-04-15T21:05:10","guid":{"rendered":"http:\/\/sventejums.lt\/svente_jums\/?page_id=165"},"modified":"2025-04-01T11:38:24","modified_gmt":"2025-04-01T11:38:24","slug":"indai-irankiai","status":"publish","type":"page","link":"http:\/\/sventejums.lt\/svente_jums\/inventoriaus-nuoma\/indai-irankiai\/","title":{"rendered":"Indai, \u012frankiai"},"content":{"rendered":"\n<div class=\"wp-block-columns is-layout-flex wp-container-core-columns-layout-1 wp-block-columns-is-layout-flex\">\n<div class=\"wp-block-column is-layout-flow wp-block-column-is-layout-flow\" style=\"flex-basis:100%\"><\/div>\n<\/div>\n\n\n\n<div class=\"wp-block-group is-layout-constrained wp-block-group-is-layout-constrained\"><div class=\"wp-block-group__inner-container\">\n<div class=\"wp-block-group is-layout-constrained wp-block-group-is-layout-constrained\"><div class=\"wp-block-group__inner-container\">\n<div class=\"wp-block-group is-layout-constrained wp-block-group-is-layout-constrained\"><div class=\"wp-block-group__inner-container\">\n<div class=\"wp-block-columns is-layout-flex wp-container-core-columns-layout-2 wp-block-columns-is-layout-flex\">\n<div class=\"wp-block-column is-layout-flow wp-block-column-is-layout-flow\" style=\"flex-basis:100%\">\n<div class=\"wp-block-group is-layout-constrained wp-block-group-is-layout-constrained\"><div class=\"wp-block-group__inner-container\">\n<div class=\"wp-block-group is-layout-constrained wp-block-group-is-layout-constrained\"><div class=\"wp-block-group__inner-container\">\n<figure class=\"wp-block-table alignleft is-style-regular\"><table><tbody><tr><td class=\"has-text-align-center\" data-align=\"center\">Pavadinimas<\/td><td>I\u0161matavimai <\/td><td>Nuomos kaina vnt.&nbsp; <br>parai, \u20ac<\/td><\/tr><tr><td class=\"has-text-align-center\" data-align=\"center\">Apvali l\u0117k\u0161t\u0117 (lygi)<br><a href=\"http:\/\/sventejums.lt\/svente_jums\/wp-content\/uploads\/2025\/03\/20240321_085153-4.jpg\" rel=\"lightbox[165]\"><img loading=\"lazy\" decoding=\"async\" width=\"189\" height=\"80\" src=\"http:\/\/sventejums.lt\/svente_jums\/wp-content\/uploads\/2025\/03\/20240321_085153-4-300x127.jpg\" alt=\"\"><\/a><\/td><td>32 cm;<br>24,5 cm; <br>20 cm; <br>18 cm; <\/td><td>0,35<\/td><\/tr><tr><td class=\"has-text-align-center\" data-align=\"center\">Apvali l\u0117k\u0161t\u0117 (su ra\u0161tu)<br><a href=\"http:\/\/sventejums.lt\/svente_jums\/wp-content\/uploads\/2025\/03\/20240321_090122.jpg\" rel=\"lightbox[165]\"><img loading=\"lazy\" decoding=\"async\" width=\"191\" height=\"86\" src=\"http:\/\/sventejums.lt\/svente_jums\/wp-content\/uploads\/2025\/03\/20240321_090122-300x135.jpg\" alt=\"\"><\/a><\/td><td>30,5 cm; <br>24,5 cm; <br>21,5 cm; <br>19 cm; <\/td><td>0,35<\/td><\/tr><tr><td class=\"has-text-align-center\" data-align=\"center\">L\u0117k\u0161t\u0117 sriubai<br> <a href=\"http:\/\/sventejums.lt\/svente_jums\/wp-content\/uploads\/2013\/04\/CKY_0817-e1711370274974.jpg\" rel=\"lightbox[165]\"><img loading=\"lazy\" decoding=\"async\" width=\"150\" height=\"150\" src=\"http:\/\/sventejums.lt\/svente_jums\/wp-content\/uploads\/2013\/04\/CKY_0817-e1711370274974-150x150.jpg\" alt=\"\"><\/a><\/td><td>15,5 cm; <\/td><td>0,35<\/td><\/tr><tr><td class=\"has-text-align-center\" data-align=\"center\">Kavos puodelis su l\u0117k\u0161tute<br><a href=\"http:\/\/sventejums.lt\/svente_jums\/wp-content\/uploads\/2025\/03\/20240321_090726.jpg\" rel=\"lightbox[165]\"><img loading=\"lazy\" decoding=\"async\" width=\"156\" height=\"157\" src=\"http:\/\/sventejums.lt\/svente_jums\/wp-content\/uploads\/2025\/03\/20240321_090726-298x300.jpg\" alt=\"\"><\/a><\/td><td>125 ml \/ 12cm <\/td><td>0,35<\/td><\/tr><tr><td class=\"has-text-align-center\" data-align=\"center\">Sviesto peilis <br><a href=\"http:\/\/sventejums.lt\/svente_jums\/wp-content\/uploads\/2013\/04\/CKY_0848-e1490893174145.jpg\" rel=\"lightbox[165]\"><img loading=\"lazy\" decoding=\"async\" width=\"150\" height=\"150\" class=\"size-thumbnail wp-image-2736 aligncenter\" src=\"http:\/\/sventejums.lt\/svente_jums\/wp-content\/uploads\/2013\/04\/CKY_0848-e1490893174145-150x150.jpg\" alt=\"Sviesto peiliukas\"><\/a><\/td><td><\/td><td>0,25 <\/td><\/tr><tr><td class=\"has-text-align-center\" data-align=\"center\">\u012erankiai (sidabro spalva) <br>\u0160akut\u0117 kar\u0161t\u0173\/ \u0161alt\u0173 <br>Peilis kar\u0161t\u0173\/ \u0161alt\u0173 <br>Sriubos \u0161auk\u0161tas <br>\u0160akut\u0117 desertui, \u0161auk\u0161telis kavai <br><a href=\"http:\/\/sventejums.lt\/svente_jums\/wp-content\/uploads\/2025\/03\/20240321_092146-1.jpg\" rel=\"lightbox[165]\"><img loading=\"lazy\" decoding=\"async\" width=\"218\" height=\"125\" src=\"http:\/\/sventejums.lt\/svente_jums\/wp-content\/uploads\/2025\/03\/20240321_092146-1-300x172.jpg\" alt=\"\"><\/a><\/td><td><\/td><td>0,35<\/td><\/tr><tr><td class=\"has-text-align-center\" data-align=\"center\">Vinta\u017einiai \u012frankiai Berndorf, <br>\u0160veicarija (sidabro spalva) <br>\u0160akut\u0117\/ Peilis \/ Sriubos \u0161auk\u0161tas <br><a href=\"http:\/\/sventejums.lt\/svente_jums\/wp-content\/uploads\/2025\/03\/antique.jpg\" rel=\"lightbox[165]\"><img loading=\"lazy\" decoding=\"async\" width=\"173\" height=\"260\" src=\"http:\/\/sventejums.lt\/svente_jums\/wp-content\/uploads\/2025\/03\/antique-200x300.jpg\" alt=\"\"><\/a><\/td><td><\/td><td>0,70 <\/td><\/tr><tr><td class=\"has-text-align-center\" data-align=\"center\">\u012erankiai Salvinelli, Italija<br>(Aukso spalvos)<br>\u0160auk\u0161telis kavai\/ \u0160akut\u0117 desertui<br>\u0160akut\u0117 kar\u0161t\u0173 \/ \u0161alt\u0173 <br>Peilis kar\u0161t\u0173 \/ \u0161alt\u0173 <br><a href=\"http:\/\/sventejums.lt\/svente_jums\/wp-content\/uploads\/2025\/03\/DSC01621-1.jpg\" rel=\"lightbox[165]\"><img loading=\"lazy\" decoding=\"async\" width=\"173\" height=\"204\" src=\"http:\/\/sventejums.lt\/svente_jums\/wp-content\/uploads\/2025\/03\/DSC01621-1-254x300.jpg\" alt=\"\"><\/a><\/td><td><\/td><td>0,70 <br>0,40 (\u0160akut\u0117 desertui\/ <br>\u0161auk\u0161telis kavai)<\/td><\/tr><tr><td class=\"has-text-align-center\" data-align=\"center\">Pol\u0117k\u0161t\u0117 auksiniu kra\u0161teliu<br> <a href=\"http:\/\/sventejums.lt\/svente_jums\/wp-content\/uploads\/2025\/03\/DSC01623.jpg\" rel=\"lightbox[165]\"><img loading=\"lazy\" decoding=\"async\" width=\"191\" height=\"167\" src=\"http:\/\/sventejums.lt\/svente_jums\/wp-content\/uploads\/2025\/03\/DSC01623-300x263.jpg\" alt=\"\"><\/a><\/td><td>&nbsp;<\/td><td>1,50 <\/td><\/tr><tr><td class=\"has-text-align-center\" data-align=\"center\" colspan=\"3\">Taur\u0117s<\/td><\/tr><tr><td class=\"has-text-align-center\" data-align=\"center\">Kri\u0161tolin\u0117 vandens taur\u0117s <br><a href=\"http:\/\/sventejums.lt\/svente_jums\/wp-content\/uploads\/2025\/04\/20-46-837-1.jpg\" rel=\"lightbox[165]\"><img loading=\"lazy\" decoding=\"async\" width=\"134\" height=\"134\" src=\"http:\/\/sventejums.lt\/svente_jums\/wp-content\/uploads\/2025\/04\/20-46-837-1-300x300.jpg\" alt=\"\"><\/a><\/td><td>350 ml <\/td><td>0,50 <\/td><\/tr><tr><td class=\"has-text-align-center\" data-align=\"center\">Kri\u0161tolin\u0117 vyno taur\u0117<br><a href=\"http:\/\/sventejums.lt\/svente_jums\/wp-content\/uploads\/2025\/04\/a8346903ab91afefa68b04e1511311029d805326.webp\" rel=\"lightbox[165]\"><img loading=\"lazy\" decoding=\"async\" width=\"113\" height=\"216\" src=\"http:\/\/sventejums.lt\/svente_jums\/wp-content\/uploads\/2025\/04\/a8346903ab91afefa68b04e1511311029d805326-157x300.webp\" alt=\"\"><\/a><\/td><td>220 ml <\/td><td>0,50 <\/td><\/tr><tr><td class=\"has-text-align-center\" data-align=\"center\">Kri\u0161tolin\u0117 \u0161ampanin\u0117 taur\u0117 <br><a href=\"http:\/\/sventejums.lt\/svente_jums\/wp-content\/uploads\/2025\/04\/c855bf56daf24933aa72cc2393a9638b.jpg\" rel=\"lightbox[165]\"><img loading=\"lazy\" decoding=\"async\" width=\"70\" height=\"175\" src=\"http:\/\/sventejums.lt\/svente_jums\/wp-content\/uploads\/2025\/04\/c855bf56daf24933aa72cc2393a9638b-120x300.jpg\" alt=\"\"><\/a><\/td><td>180 ml <\/td><td>0,50 <\/td><\/tr><tr><td class=\"has-text-align-center\" data-align=\"center\">Kri\u0161tolin\u0117 taurel\u0117 <br><a href=\"http:\/\/sventejums.lt\/svente_jums\/wp-content\/uploads\/2025\/04\/Untitled.jpg\" rel=\"lightbox[165]\"><img loading=\"lazy\" decoding=\"async\" width=\"124\" height=\"147\" src=\"http:\/\/sventejums.lt\/svente_jums\/wp-content\/uploads\/2025\/04\/Untitled.jpg\" alt=\"\"><\/a><\/td><td>80 ml <\/td><td>0,50<\/td><\/tr><tr><td class=\"has-text-align-center\" data-align=\"center\">Vandens stiklin\u0117 <br><a href=\"http:\/\/sventejums.lt\/svente_jums\/wp-content\/uploads\/2024\/07\/Szklanki-do-napojow-wody-soku-whisky-KROSNO-Splendour-400ml-6-sztuk-EAN-GTIN-7044568894919.webp\" rel=\"lightbox[165]\"><img loading=\"lazy\" decoding=\"async\" width=\"92\" height=\"125\" src=\"http:\/\/sventejums.lt\/svente_jums\/wp-content\/uploads\/2024\/07\/Szklanki-do-napojow-wody-soku-whisky-KROSNO-Splendour-400ml-6-sztuk-EAN-GTIN-7044568894919-221x300.webp\" alt=\"\"><\/a><\/td><td><\/td><td>0,40 <\/td><\/tr><tr><td class=\"has-text-align-center\" data-align=\"center\">Balto vyno taur\u0117 <br><a href=\"http:\/\/sventejums.lt\/svente_jums\/wp-content\/uploads\/2024\/07\/taure-vynui-arcoroc-vina-580-ml.jpg\" rel=\"lightbox[165]\"><img loading=\"lazy\" decoding=\"async\" width=\"190\" height=\"190\" src=\"http:\/\/sventejums.lt\/svente_jums\/wp-content\/uploads\/2024\/07\/taure-vynui-arcoroc-vina-580-ml-300x300.jpg\" alt=\"\"><\/a><\/td><td>360 ml, 21,9 cm<\/td><td>0,40 <\/td><\/tr><tr><td class=\"has-text-align-center\" data-align=\"center\">Raudono vyno taur\u0117 <br><a href=\"http:\/\/sventejums.lt\/svente_jums\/wp-content\/uploads\/2024\/07\/taure-vynui-arcoroc-vina-470-ml.jpg\" rel=\"lightbox[165]\"><img loading=\"lazy\" decoding=\"async\" width=\"235\" height=\"235\" src=\"http:\/\/sventejums.lt\/svente_jums\/wp-content\/uploads\/2024\/07\/taure-vynui-arcoroc-vina-470-ml-300x300.jpg\" alt=\"\"><\/a><\/td><td>470 ml, 21,9 cm<\/td><td>0,40 <\/td><\/tr><tr><td class=\"has-text-align-center\" data-align=\"center\">Vandens stiklin\u0117 <br><a href=\"http:\/\/sventejums.lt\/svente_jums\/wp-content\/uploads\/2024\/07\/shop-58215912-copo-power-380ml-1.webp\" rel=\"lightbox[165]\"><img loading=\"lazy\" decoding=\"async\" width=\"192\" height=\"192\" src=\"http:\/\/sventejums.lt\/svente_jums\/wp-content\/uploads\/2024\/07\/shop-58215912-copo-power-380ml-1-300x300.webp\" alt=\"\"><\/a><\/td><td><\/td><td>0,40<\/td><\/tr><tr><td class=\"has-text-align-center\" data-align=\"center\">Vyno taur\u0117 <br><a href=\"http:\/\/sventejums.lt\/svente_jums\/wp-content\/uploads\/2024\/07\/s-l1200.webp\" rel=\"lightbox[165]\"><img loading=\"lazy\" decoding=\"async\" width=\"202\" height=\"202\" src=\"http:\/\/sventejums.lt\/svente_jums\/wp-content\/uploads\/2024\/07\/s-l1200-300x300.webp\" alt=\"\"><\/a><\/td><td><\/td><td>0,40<\/td><\/tr><tr><td class=\"has-text-align-center\" data-align=\"center\">\u0160ampanin\u0117 taur\u0117 <br><a href=\"http:\/\/sventejums.lt\/svente_jums\/wp-content\/uploads\/2024\/07\/unnamed.jpg\" rel=\"lightbox[165]\"><img loading=\"lazy\" decoding=\"async\" width=\"203\" height=\"203\" src=\"http:\/\/sventejums.lt\/svente_jums\/wp-content\/uploads\/2024\/07\/unnamed-300x300.jpg\" alt=\"\"><\/a><\/td><td>200 ml, 20,5 cm<\/td><td>0,40<\/td><\/tr><tr><td class=\"has-text-align-center\" data-align=\"center\">Vandens taur\u0117 ant kojel\u0117s <br><a href=\"http:\/\/sventejums.lt\/svente_jums\/wp-content\/uploads\/2025\/03\/0003d896026735fa167c0df519cef166_reference.jpg\" rel=\"lightbox[165]\"><img loading=\"lazy\" decoding=\"async\" width=\"260\" height=\"239\" src=\"http:\/\/sventejums.lt\/svente_jums\/wp-content\/uploads\/2025\/03\/0003d896026735fa167c0df519cef166_reference-300x276.jpg\" alt=\"\"><\/a><\/td><td>240 ml, <\/td><td>0,40 <\/td><\/tr><tr><td class=\"has-text-align-center\" data-align=\"center\">Taurel\u0117 <br><a href=\"http:\/\/sventejums.lt\/svente_jums\/wp-content\/uploads\/2025\/03\/taure-vynui-240-ml-tulipe.jpg\" rel=\"lightbox[165]\"><img loading=\"lazy\" decoding=\"async\" width=\"137\" height=\"185\" src=\"http:\/\/sventejums.lt\/svente_jums\/wp-content\/uploads\/2025\/03\/taure-vynui-240-ml-tulipe-222x300.jpg\" alt=\"\"><\/a><\/td><td>60 ml, 11 cm<\/td><td>0,40 <\/td><\/tr><\/tbody><\/table><figcaption class=\"wp-element-caption\">&nbsp;<br>&nbsp;<br>&nbsp;&nbsp;<br>&nbsp;&nbsp;<br><a href=\"http:\/\/sventejums.lt\/svente_jums\/wp-content\/uploads\/2013\/04\/wwwDSC_2235.jpg\" rel=\"lightbox[165]\"><\/a><br>&nbsp;<br>&nbsp;<br>&nbsp;<br>&nbsp;<br>&nbsp;<br><br>&nbsp;<br>&nbsp;<br>&nbsp;<br>&nbsp;<br>&nbsp;<br>&nbsp;<br>Galb\u016bt norite&nbsp;<a href=\"mailto:info@sventejums.lt\">paklausti<\/a>&nbsp;apie prek\u0119?<br><strong>BANKETAS i\u0161 vien\u0173 rank\u0173. Atrask.<\/strong><br>I\u0161ve\u017eamasis maitinimas| Aptarnavimas | Inventorius | Baras | Atlik\u0117jai | DJ | Organizavimas | Dekoras | Sal\u0117s | Ved\u0117jai | Pramogos | \u0160efo furgon\u0117lis<br>https:\/\/youtu.be\/EVnH2iVw52Y<br>&nbsp;<br>&nbsp;<br>&nbsp;<br>&nbsp;<br>&nbsp;<br>&nbsp;<br>&nbsp;<br>&nbsp;<br>&nbsp;<br>&nbsp;<br>&nbsp;&nbsp;<br>&nbsp;<br>&nbsp;<br>&nbsp;<br>&nbsp;<br>&nbsp;<br>&nbsp;<br>&nbsp;<br>&nbsp;<br>&nbsp;<br>&nbsp;<br>&nbsp;<br>&nbsp;<br>&nbsp;<br>&nbsp;<br>&nbsp;<br>&nbsp;<br>&nbsp;<br>&nbsp;<br>&nbsp;<br>&nbsp;<br>&nbsp;<br>&nbsp;<br>&nbsp;<br>&nbsp;<br>&nbsp;<br>&nbsp;<br>&nbsp;<br>&nbsp;<br>&nbsp;<br>&nbsp;<br>&nbsp;<br>&nbsp;<br>&nbsp;<br>&nbsp;<br>&nbsp;<br>&nbsp;<br>&nbsp;<br>&nbsp;<br>&nbsp;<br>&nbsp;<br>&nbsp;<br>&nbsp;<br>&nbsp;<br>&nbsp;<br>&nbsp;<br>&nbsp;<br>&nbsp;<br>&nbsp;<br>&nbsp;<br>&nbsp;<br>&nbsp;<br>&nbsp;<br>&nbsp;<br>&nbsp;<br>&nbsp;<br>&nbsp;<br>&nbsp;<br>&nbsp;<br>&nbsp;<br>&nbsp;<br>&nbsp;<br>&nbsp;<br>&nbsp;<br>&nbsp;<br>&nbsp;<br>&nbsp;<br>&nbsp;<br>&nbsp;<br>&nbsp;<br>&nbsp;<br>&nbsp;<br>&nbsp;<br>&nbsp;<br>&nbsp;<br>&nbsp;<br>&nbsp;<br>&nbsp;<br>&nbsp;<br>&nbsp;<br>&nbsp;<br>&nbsp;<br>&nbsp;<br>&nbsp;<br>&nbsp;<br>&nbsp;<br>&nbsp;<br>&nbsp;<br>&nbsp;<br>&nbsp;<br>&nbsp;<br>&nbsp;<br>&nbsp;<br>&nbsp;<br>&nbsp;<br>&nbsp;<br>&nbsp;<br>&nbsp;<br>&nbsp;<br>&nbsp;<br>&nbsp;<br>&nbsp;<br>&nbsp;<br>&nbsp;<br>&nbsp;<br>&nbsp;<br>&nbsp;<br>&nbsp;<br>&nbsp;<br>&nbsp;<br>&nbsp;<br>&nbsp;<br>&nbsp;<br>&nbsp;<br>&nbsp;<br>&nbsp;<br>&nbsp;<br>&nbsp;<br>&nbsp;<br>&nbsp;<br>&nbsp;<br>&nbsp;<br>&nbsp;<br>&nbsp;<br>&nbsp;<br>&nbsp;<br>&nbsp;<br>&nbsp;<br>&nbsp;<br>&nbsp;<br>&nbsp;<br>&nbsp;<br>&nbsp;<br>&nbsp;<br>&nbsp;<br>&nbsp;<br>&nbsp;<br>&nbsp;<br>&nbsp;<br>&nbsp;<br>&nbsp;<br>&nbsp;<br>&nbsp;<br>&nbsp;<br>&nbsp;<br>&nbsp;<br>&nbsp;<br>&nbsp;<br>&nbsp;<br>&nbsp;<br>&nbsp;<br>&nbsp;<br>&nbsp;<br>&nbsp;<br>&nbsp;<br>&nbsp;<br>&nbsp;<br>&nbsp;<br>&nbsp;<br>&nbsp;<br>&nbsp;<br>&nbsp;<br>&nbsp;<br>&nbsp;<br>&nbsp;<br>&nbsp;<br>&nbsp;<br>&nbsp;<br>&nbsp;<br>&nbsp;<br>&nbsp;<br>&nbsp;<br>&nbsp;<br>&nbsp;<br>&nbsp;<br>&nbsp;<br>&nbsp;<br>&nbsp;<br>&nbsp;<br>&nbsp;<br>&nbsp;<br>&nbsp;<br>&nbsp;<br>&nbsp;<br>&nbsp;<br>&nbsp;<br>&nbsp;<br>&nbsp;<br>&nbsp;<br>&nbsp;<br>&nbsp;<br>&nbsp;<br>&nbsp;<br>&nbsp;<br>&nbsp;<br>&nbsp;<br>&nbsp;<br>&nbsp;<br>&nbsp;<br>&nbsp;<br>&nbsp;<br>&nbsp;<br>&nbsp;<br>&nbsp;<br>&nbsp;<br>&nbsp;<br>&nbsp;<br>&nbsp;<br>&nbsp;<br>&nbsp;<br>&nbsp;<br>&nbsp;<br>&nbsp;<br>&nbsp;<br>&nbsp;<br>&nbsp;<br>&nbsp;<br>&nbsp;<br>&nbsp;<br>&nbsp;<br>&nbsp;<br>&nbsp;<br>&nbsp;<br>&nbsp;<br>&nbsp;<br>&nbsp;<br>&nbsp;<br>&nbsp;<br>&nbsp;<br>&nbsp;<br>&nbsp;<br>&nbsp;<br>&nbsp;<br>&nbsp;<br>&nbsp;<br>&nbsp;<br>&nbsp;<br>&nbsp;<br>&nbsp;<br>&nbsp;<br>&nbsp;<br>&nbsp;<br>&nbsp;<br>&nbsp;<br>&nbsp;<br>&nbsp;<br>&nbsp;<br>&nbsp;<br>&nbsp;<br>&nbsp;<br>&nbsp;<br>&nbsp;<br>&nbsp;<br>&nbsp;<br>&nbsp;<br>&nbsp;<br>&nbsp;<br>&nbsp;<br>&nbsp;<br>&nbsp;<br>&nbsp;<br>&nbsp;<br>&nbsp;<br>&nbsp;<br>&nbsp;<br>&nbsp;<br>&nbsp;<br>&nbsp;<br>&nbsp;<br>&nbsp;<br>&nbsp;<br>&nbsp;<br>&nbsp;<br>&nbsp;<br>&nbsp;<br>&nbsp;<br>&nbsp;<br>&nbsp;<br>&nbsp;<br>&nbsp;<br>&nbsp;<br>&nbsp;<br>&nbsp;<br>&nbsp;<br>&nbsp;<br>&nbsp;<br>&nbsp;<br>&nbsp;<br>&nbsp;<br>&nbsp;<br><br>&nbsp;<br>&nbsp;<\/figcaption><\/figure>\n\n\n\n<figure class=\"wp-block-image\"><img loading=\"lazy\" decoding=\"async\" width=\"750\" height=\"1000\" src=\"http:\/\/sventejums.lt\/svente_jums\/wp-content\/uploads\/2024\/06\/IMG-c4ef3f949b8d0f343d366f4d519b9118-V.jpg\" alt=\"\" class=\"wp-image-6837\" srcset=\"http:\/\/sventejums.lt\/svente_jums\/wp-content\/uploads\/2024\/06\/IMG-c4ef3f949b8d0f343d366f4d519b9118-V.jpg 750w, http:\/\/sventejums.lt\/svente_jums\/wp-content\/uploads\/2024\/06\/IMG-c4ef3f949b8d0f343d366f4d519b9118-V-225x300.jpg 225w\" sizes=\"(max-width: 750px) 100vw, 750px\" \/><\/figure>\n\n\n\n<figure class=\"wp-block-image\"><img loading=\"lazy\" decoding=\"async\" width=\"750\" height=\"1000\" src=\"http:\/\/sventejums.lt\/svente_jums\/wp-content\/uploads\/2024\/06\/IMG-c4ef3f949b8d0f343d366f4d519b9118-V.jpg\" alt=\"\" class=\"wp-image-6837\" srcset=\"http:\/\/sventejums.lt\/svente_jums\/wp-content\/uploads\/2024\/06\/IMG-c4ef3f949b8d0f343d366f4d519b9118-V.jpg 750w, http:\/\/sventejums.lt\/svente_jums\/wp-content\/uploads\/2024\/06\/IMG-c4ef3f949b8d0f343d366f4d519b9118-V-225x300.jpg 225w\" sizes=\"(max-width: 750px) 100vw, 750px\" \/><\/figure>\n\n\n\n<figure class=\"wp-block-image\"><img loading=\"lazy\" decoding=\"async\" width=\"750\" height=\"1000\" src=\"http:\/\/sventejums.lt\/svente_jums\/wp-content\/uploads\/2024\/06\/IMG-c4ef3f949b8d0f343d366f4d519b9118-V.jpg\" alt=\"\" class=\"wp-image-6837\" srcset=\"http:\/\/sventejums.lt\/svente_jums\/wp-content\/uploads\/2024\/06\/IMG-c4ef3f949b8d0f343d366f4d519b9118-V.jpg 750w, http:\/\/sventejums.lt\/svente_jums\/wp-content\/uploads\/2024\/06\/IMG-c4ef3f949b8d0f343d366f4d519b9118-V-225x300.jpg 225w\" sizes=\"(max-width: 750px) 100vw, 750px\" \/><\/figure>\n\n\n\n<figure class=\"wp-block-image\"><img loading=\"lazy\" decoding=\"async\" width=\"750\" height=\"1000\" src=\"http:\/\/sventejums.lt\/svente_jums\/wp-content\/uploads\/2024\/06\/IMG-c4ef3f949b8d0f343d366f4d519b9118-V.jpg\" alt=\"\" class=\"wp-image-6837\" srcset=\"http:\/\/sventejums.lt\/svente_jums\/wp-content\/uploads\/2024\/06\/IMG-c4ef3f949b8d0f343d366f4d519b9118-V.jpg 750w, http:\/\/sventejums.lt\/svente_jums\/wp-content\/uploads\/2024\/06\/IMG-c4ef3f949b8d0f343d366f4d519b9118-V-225x300.jpg 225w\" sizes=\"(max-width: 750px) 100vw, 750px\" \/><\/figure>\n\n\n\n<figure class=\"wp-block-image\"><img loading=\"lazy\" decoding=\"async\" width=\"750\" height=\"1000\" src=\"http:\/\/sventejums.lt\/svente_jums\/wp-content\/uploads\/2024\/06\/IMG-c4ef3f949b8d0f343d366f4d519b9118-V.jpg\" alt=\"\" class=\"wp-image-6837\" srcset=\"http:\/\/sventejums.lt\/svente_jums\/wp-content\/uploads\/2024\/06\/IMG-c4ef3f949b8d0f343d366f4d519b9118-V.jpg 750w, http:\/\/sventejums.lt\/svente_jums\/wp-content\/uploads\/2024\/06\/IMG-c4ef3f949b8d0f343d366f4d519b9118-V-225x300.jpg 225w\" sizes=\"(max-width: 750px) 100vw, 750px\" \/><\/figure>\n\n\n\n<figure class=\"wp-block-image\"><img loading=\"lazy\" decoding=\"async\" width=\"750\" height=\"1000\" src=\"http:\/\/sventejums.lt\/svente_jums\/wp-content\/uploads\/2024\/06\/IMG-c4ef3f949b8d0f343d366f4d519b9118-V.jpg\" alt=\"\" class=\"wp-image-6837\" srcset=\"http:\/\/sventejums.lt\/svente_jums\/wp-content\/uploads\/2024\/06\/IMG-c4ef3f949b8d0f343d366f4d519b9118-V.jpg 750w, http:\/\/sventejums.lt\/svente_jums\/wp-content\/uploads\/2024\/06\/IMG-c4ef3f949b8d0f343d366f4d519b9118-V-225x300.jpg 225w\" sizes=\"(max-width: 750px) 100vw, 750px\" \/><\/figure>\n\n\n\n<figure class=\"wp-block-image\"><img loading=\"lazy\" decoding=\"async\" width=\"750\" height=\"1000\" src=\"http:\/\/sventejums.lt\/svente_jums\/wp-content\/uploads\/2024\/06\/IMG-c4ef3f949b8d0f343d366f4d519b9118-V.jpg\" alt=\"\" class=\"wp-image-6837\" srcset=\"http:\/\/sventejums.lt\/svente_jums\/wp-content\/uploads\/2024\/06\/IMG-c4ef3f949b8d0f343d366f4d519b9118-V.jpg 750w, http:\/\/sventejums.lt\/svente_jums\/wp-content\/uploads\/2024\/06\/IMG-c4ef3f949b8d0f343d366f4d519b9118-V-225x300.jpg 225w\" sizes=\"(max-width: 750px) 100vw, 750px\" \/><\/figure>\n\n\n\n<figure class=\"wp-block-image\"><img loading=\"lazy\" decoding=\"async\" width=\"750\" height=\"1000\" src=\"http:\/\/sventejums.lt\/svente_jums\/wp-content\/uploads\/2024\/06\/IMG-c4ef3f949b8d0f343d366f4d519b9118-V.jpg\" alt=\"\" class=\"wp-image-6837\" srcset=\"http:\/\/sventejums.lt\/svente_jums\/wp-content\/uploads\/2024\/06\/IMG-c4ef3f949b8d0f343d366f4d519b9118-V.jpg 750w, http:\/\/sventejums.lt\/svente_jums\/wp-content\/uploads\/2024\/06\/IMG-c4ef3f949b8d0f343d366f4d519b9118-V-225x300.jpg 225w\" sizes=\"(max-width: 750px) 100vw, 750px\" \/><\/figure>\n\n\n\n<figure class=\"wp-block-image\"><img loading=\"lazy\" decoding=\"async\" width=\"750\" height=\"1000\" src=\"http:\/\/sventejums.lt\/svente_jums\/wp-content\/uploads\/2024\/06\/IMG-c4ef3f949b8d0f343d366f4d519b9118-V.jpg\" alt=\"\" class=\"wp-image-6837\" srcset=\"http:\/\/sventejums.lt\/svente_jums\/wp-content\/uploads\/2024\/06\/IMG-c4ef3f949b8d0f343d366f4d519b9118-V.jpg 750w, http:\/\/sventejums.lt\/svente_jums\/wp-content\/uploads\/2024\/06\/IMG-c4ef3f949b8d0f343d366f4d519b9118-V-225x300.jpg 225w\" sizes=\"(max-width: 750px) 100vw, 750px\" \/><\/figure>\n\n\n\n<figure class=\"wp-block-image\"><img loading=\"lazy\" decoding=\"async\" width=\"750\" height=\"1000\" src=\"http:\/\/sventejums.lt\/svente_jums\/wp-content\/uploads\/2024\/06\/IMG-c4ef3f949b8d0f343d366f4d519b9118-V.jpg\" alt=\"\" class=\"wp-image-6837\" srcset=\"http:\/\/sventejums.lt\/svente_jums\/wp-content\/uploads\/2024\/06\/IMG-c4ef3f949b8d0f343d366f4d519b9118-V.jpg 750w, http:\/\/sventejums.lt\/svente_jums\/wp-content\/uploads\/2024\/06\/IMG-c4ef3f949b8d0f343d366f4d519b9118-V-225x300.jpg 225w\" sizes=\"(max-width: 750px) 100vw, 750px\" \/><\/figure>\n\n\n\n<figure class=\"wp-block-image\"><img loading=\"lazy\" decoding=\"async\" width=\"900\" height=\"953\" src=\"http:\/\/sventejums.lt\/svente_jums\/wp-content\/uploads\/2024\/06\/D35A6344.jpg\" alt=\"\" class=\"wp-image-6779\" srcset=\"http:\/\/sventejums.lt\/svente_jums\/wp-content\/uploads\/2024\/06\/D35A6344.jpg 900w, http:\/\/sventejums.lt\/svente_jums\/wp-content\/uploads\/2024\/06\/D35A6344-283x300.jpg 283w, http:\/\/sventejums.lt\/svente_jums\/wp-content\/uploads\/2024\/06\/D35A6344-768x813.jpg 768w\" sizes=\"(max-width: 900px) 100vw, 900px\" \/><\/figure>\n\n\n\n<figure class=\"wp-block-image\"><img loading=\"lazy\" decoding=\"async\" width=\"900\" height=\"953\" src=\"http:\/\/sventejums.lt\/svente_jums\/wp-content\/uploads\/2024\/06\/D35A6344.jpg\" alt=\"\" class=\"wp-image-6779\" srcset=\"http:\/\/sventejums.lt\/svente_jums\/wp-content\/uploads\/2024\/06\/D35A6344.jpg 900w, http:\/\/sventejums.lt\/svente_jums\/wp-content\/uploads\/2024\/06\/D35A6344-283x300.jpg 283w, http:\/\/sventejums.lt\/svente_jums\/wp-content\/uploads\/2024\/06\/D35A6344-768x813.jpg 768w\" sizes=\"(max-width: 900px) 100vw, 900px\" \/><\/figure>\n<\/div><\/div>\n<\/div><\/div>\n<\/div>\n<\/div>\n<\/div><\/div>\n<\/div><\/div>\n\n\n\n<div class=\"wp-block-columns is-layout-flex wp-container-core-columns-layout-3 wp-block-columns-is-layout-flex\">\n<div class=\"wp-block-column is-layout-flow wp-block-column-is-layout-flow\"><\/div>\n<\/div>\n<\/div><\/div>\n\n\n\n<p>&nbsp;<\/p>\n\n\n\n<figure class=\"wp-block-gallery has-nested-images columns-default is-cropped wp-block-gallery-1 is-layout-flex wp-block-gallery-is-layout-flex\"><\/figure>\n\n\n\n<figure class=\"wp-block-gallery has-nested-images columns-default is-cropped wp-block-gallery-2 is-layout-flex wp-block-gallery-is-layout-flex\"><\/figure>\n\n\n\n<figure class=\"wp-block-gallery has-nested-images columns-default is-cropped wp-block-gallery-3 is-layout-flex wp-block-gallery-is-layout-flex\"><\/figure>\n\n\n\n<figure class=\"wp-block-gallery has-nested-images columns-default is-cropped wp-block-gallery-4 is-layout-flex wp-block-gallery-is-layout-flex\"><\/figure>\n\n\n\n<figure class=\"wp-block-gallery has-nested-images columns-default is-cropped wp-block-gallery-5 is-layout-flex wp-block-gallery-is-layout-flex\"><\/figure>\n\n\n\n\n\n<figure class=\"wp-block-gallery has-nested-images columns-default is-cropped wp-block-gallery-6 is-layout-flex wp-block-gallery-is-layout-flex\"><\/figure>\n\n\n\n<figure class=\"wp-block-image\"><img loading=\"lazy\" decoding=\"async\" width=\"900\" height=\"953\" src=\"http:\/\/sventejums.lt\/svente_jums\/wp-content\/uploads\/2024\/06\/D35A6344.jpg\" alt=\"\" class=\"wp-image-6779\" srcset=\"http:\/\/sventejums.lt\/svente_jums\/wp-content\/uploads\/2024\/06\/D35A6344.jpg 900w, http:\/\/sventejums.lt\/svente_jums\/wp-content\/uploads\/2024\/06\/D35A6344-283x300.jpg 283w, http:\/\/sventejums.lt\/svente_jums\/wp-content\/uploads\/2024\/06\/D35A6344-768x813.jpg 768w\" sizes=\"(max-width: 900px) 100vw, 900px\" \/><\/figure>\n\n\n\n<figure class=\"wp-block-image\"><img loading=\"lazy\" decoding=\"async\" width=\"900\" height=\"953\" src=\"http:\/\/sventejums.lt\/svente_jums\/wp-content\/uploads\/2024\/06\/D35A6344.jpg\" alt=\"\" class=\"wp-image-6779\" srcset=\"http:\/\/sventejums.lt\/svente_jums\/wp-content\/uploads\/2024\/06\/D35A6344.jpg 900w, http:\/\/sventejums.lt\/svente_jums\/wp-content\/uploads\/2024\/06\/D35A6344-283x300.jpg 283w, http:\/\/sventejums.lt\/svente_jums\/wp-content\/uploads\/2024\/06\/D35A6344-768x813.jpg 768w\" sizes=\"(max-width: 900px) 100vw, 900px\" \/><\/figure>\n","protected":false},"excerpt":{"rendered":"<p>Pavadinimas I\u0161matavimai Nuomos kaina vnt.&nbsp; parai, \u20ac Apvali l\u0117k\u0161t\u0117 (lygi) 32 cm;24,5 cm; 20 cm; 18 cm; 0,35 Apvali l\u0117k\u0161t\u0117 (su ra\u0161tu) 30,5 cm; 24,5 cm; 21,5 cm; 19 cm; 0,35 L\u0117k\u0161t\u0117 sriubai 15,5 cm; 0,35 Kavos puodelis su l\u0117k\u0161tute 125 ml \/ 12cm 0,35 Sviesto peilis 0,25 \u012erankiai (sidabro spalva) \u0160akut\u0117 kar\u0161t\u0173\/ \u0161alt\u0173 Peilis [&hellip;]<\/p>\n","protected":false},"author":2,"featured_media":0,"parent":36,"menu_order":5,"comment_status":"open","ping_status":"open","template":"","meta":{"footnotes":""},"aioseo_notices":[],"_links":{"self":[{"href":"http:\/\/sventejums.lt\/svente_jums\/wp-json\/wp\/v2\/pages\/165"}],"collection":[{"href":"http:\/\/sventejums.lt\/svente_jums\/wp-json\/wp\/v2\/pages"}],"about":[{"href":"http:\/\/sventejums.lt\/svente_jums\/wp-json\/wp\/v2\/types\/page"}],"author":[{"embeddable":true,"href":"http:\/\/sventejums.lt\/svente_jums\/wp-json\/wp\/v2\/users\/2"}],"replies":[{"embeddable":true,"href":"http:\/\/sventejums.lt\/svente_jums\/wp-json\/wp\/v2\/comments?post=165"}],"version-history":[{"count":104,"href":"http:\/\/sventejums.lt\/svente_jums\/wp-json\/wp\/v2\/pages\/165\/revisions"}],"predecessor-version":[{"id":7213,"href":"http:\/\/sventejums.lt\/svente_jums\/wp-json\/wp\/v2\/pages\/165\/revisions\/7213"}],"up":[{"embeddable":true,"href":"http:\/\/sventejums.lt\/svente_jums\/wp-json\/wp\/v2\/pages\/36"}],"wp:attachment":[{"href":"http:\/\/sventejums.lt\/svente_jums\/wp-json\/wp\/v2\/media?parent=165"}],"curies":[{"name":"wp","href":"https:\/\/api.w.org\/{rel}","templated":true}]}}