{"id":1153,"date":"2013-12-04T11:30:43","date_gmt":"2013-12-04T11:30:43","guid":{"rendered":"http:\/\/sventejums.lt\/svente_jums\/?page_id=1153"},"modified":"2014-04-23T16:40:02","modified_gmt":"2014-04-23T16:40:02","slug":"druskininkuose-atidaryta-biomases-katiline","status":"publish","type":"page","link":"http:\/\/sventejums.lt\/svente_jums\/druskininkuose-atidaryta-biomases-katiline\/","title":{"rendered":"Druskininkuose atidaryta biomas\u0117s katilin\u0117"},"content":{"rendered":"<h3>Druskininkuose atidaryta biomas\u0117s katilin\u0117<\/h3>\n<p><a href=\"http:\/\/www.manodruskininkai.lt\/druskininkuose-siandien-atidaryta-biomases-katiline\/\" target=\"_blank\"><img loading=\"lazy\" decoding=\"async\" class=\"size-medium wp-image-1150 alignleft\" alt=\"\u201eLitesko\u201c informacija, Laimos Rekevi\u010dien\u0117s nuotraukos\" src=\"http:\/\/sventejums.lt\/svente_jums\/wp-content\/uploads\/2013\/08\/733878_643023895748402_755692051_n-300x198.jpg\" width=\"300\" height=\"198\" srcset=\"http:\/\/sventejums.lt\/svente_jums\/wp-content\/uploads\/2013\/08\/733878_643023895748402_755692051_n-300x198.jpg 300w, http:\/\/sventejums.lt\/svente_jums\/wp-content\/uploads\/2013\/08\/733878_643023895748402_755692051_n.jpg 720w\" sizes=\"(max-width: 300px) 100vw, 300px\" \/><\/a><\/p>\n<p><a href=\"http:\/\/www.manodruskininkai.lt\/druskininkuose-siandien-atidaryta-biomases-katiline\/\" target=\"_blank\"><img loading=\"lazy\" decoding=\"async\" class=\"size-medium wp-image-1154 alignleft\" alt=\"\u201eLitesko\u201c informacija, Laimos Rekevi\u010dien\u0117s nuotraukos\" src=\"http:\/\/sventejums.lt\/svente_jums\/wp-content\/uploads\/2013\/12\/374531_643024199081705_1322484366_n-300x198.jpg\" width=\"300\" height=\"198\" srcset=\"http:\/\/sventejums.lt\/svente_jums\/wp-content\/uploads\/2013\/12\/374531_643024199081705_1322484366_n-300x198.jpg 300w, http:\/\/sventejums.lt\/svente_jums\/wp-content\/uploads\/2013\/12\/374531_643024199081705_1322484366_n.jpg 720w\" sizes=\"(max-width: 300px) 100vw, 300px\" \/><\/a><\/p>\n<p><a href=\"http:\/\/www.manodruskininkai.lt\/druskininkuose-siandien-atidaryta-biomases-katiline\/\" target=\"_blank\"><img loading=\"lazy\" decoding=\"async\" class=\"alignright\" alt=\"\" src=\"http:\/\/www.manodruskininkai.lt\/wp-content\/uploads\/2012\/02\/mano-druskininkai1.png\" width=\"232\" height=\"58\" \/><\/a><\/p>\n","protected":false},"excerpt":{"rendered":"<p>Druskininkuose atidaryta biomas\u0117s katilin\u0117<\/p>\n","protected":false},"author":2,"featured_media":0,"parent":0,"menu_order":4,"comment_status":"open","ping_status":"open","template":"","meta":{"footnotes":""},"aioseo_notices":[],"_links":{"self":[{"href":"http:\/\/sventejums.lt\/svente_jums\/wp-json\/wp\/v2\/pages\/1153"}],"collection":[{"href":"http:\/\/sventejums.lt\/svente_jums\/wp-json\/wp\/v2\/pages"}],"about":[{"href":"http:\/\/sventejums.lt\/svente_jums\/wp-json\/wp\/v2\/types\/page"}],"author":[{"embeddable":true,"href":"http:\/\/sventejums.lt\/svente_jums\/wp-json\/wp\/v2\/users\/2"}],"replies":[{"embeddable":true,"href":"http:\/\/sventejums.lt\/svente_jums\/wp-json\/wp\/v2\/comments?post=1153"}],"version-history":[{"count":8,"href":"http:\/\/sventejums.lt\/svente_jums\/wp-json\/wp\/v2\/pages\/1153\/revisions"}],"predecessor-version":[{"id":1481,"href":"http:\/\/sventejums.lt\/svente_jums\/wp-json\/wp\/v2\/pages\/1153\/revisions\/1481"}],"wp:attachment":[{"href":"http:\/\/sventejums.lt\/svente_jums\/wp-json\/wp\/v2\/media?parent=1153"}],"curies":[{"name":"wp","href":"https:\/\/api.w.org\/{rel}","templated":true}]}}