{"id":1011,"date":"2013-09-16T13:36:19","date_gmt":"2013-09-16T13:36:19","guid":{"rendered":"http:\/\/sventejums.lt\/svente_jums\/?page_id=1011"},"modified":"2014-04-23T16:50:14","modified_gmt":"2014-04-23T16:50:14","slug":"plienine-plastake","status":"publish","type":"page","link":"http:\/\/sventejums.lt\/svente_jums\/plienine-plastake\/","title":{"rendered":"Tarptautinis kalvyst\u0117s pleneras \u201ePlienin\u0117 pla\u0161tak\u0117\u201c"},"content":{"rendered":"<p><a href=\"http:\/\/sventejums.lt\/svente_jums\/wp-content\/uploads\/2013\/09\/Kalvystes.jpg\" rel=\"lightbox[1011]\"><img loading=\"lazy\" decoding=\"async\" class=\"alignnone  wp-image-1012\" alt=\"Kalvystes\" src=\"http:\/\/sventejums.lt\/svente_jums\/wp-content\/uploads\/2013\/09\/Kalvystes.jpg\" width=\"495\" height=\"700\" srcset=\"http:\/\/sventejums.lt\/svente_jums\/wp-content\/uploads\/2013\/09\/Kalvystes.jpg 550w, http:\/\/sventejums.lt\/svente_jums\/wp-content\/uploads\/2013\/09\/Kalvystes-212x300.jpg 212w\" sizes=\"(max-width: 495px) 100vw, 495px\" \/><\/a><\/p>\n","protected":false},"excerpt":{"rendered":"","protected":false},"author":2,"featured_media":0,"parent":0,"menu_order":8,"comment_status":"open","ping_status":"open","template":"","meta":{"footnotes":""},"aioseo_notices":[],"_links":{"self":[{"href":"http:\/\/sventejums.lt\/svente_jums\/wp-json\/wp\/v2\/pages\/1011"}],"collection":[{"href":"http:\/\/sventejums.lt\/svente_jums\/wp-json\/wp\/v2\/pages"}],"about":[{"href":"http:\/\/sventejums.lt\/svente_jums\/wp-json\/wp\/v2\/types\/page"}],"author":[{"embeddable":true,"href":"http:\/\/sventejums.lt\/svente_jums\/wp-json\/wp\/v2\/users\/2"}],"replies":[{"embeddable":true,"href":"http:\/\/sventejums.lt\/svente_jums\/wp-json\/wp\/v2\/comments?post=1011"}],"version-history":[{"count":6,"href":"http:\/\/sventejums.lt\/svente_jums\/wp-json\/wp\/v2\/pages\/1011\/revisions"}],"predecessor-version":[{"id":1014,"href":"http:\/\/sventejums.lt\/svente_jums\/wp-json\/wp\/v2\/pages\/1011\/revisions\/1014"}],"wp:attachment":[{"href":"http:\/\/sventejums.lt\/svente_jums\/wp-json\/wp\/v2\/media?parent=1011"}],"curies":[{"name":"wp","href":"https:\/\/api.w.org\/{rel}","templated":true}]}}